{"id":13240,"date":"2022-03-21T19:29:40","date_gmt":"2022-03-21T19:29:40","guid":{"rendered":"https:\/\/m5j0n6nk9p.onrocket.site\/?p=13240"},"modified":"2023-02-27T09:58:21","modified_gmt":"2023-02-27T09:58:21","slug":"misturador-estatico-ptfe","status":"publish","type":"page","link":"https:\/\/klinger.pt\/es\/produtos\/bombas-e-agitacao\/agitacao-mistura\/misturadores-estaticos\/misturador-estatico-ptfe\/","title":{"rendered":"MISTURADOR EST\u00c1TICO PTFE"},"content":{"rendered":"\t\t<div data-elementor-type=\"wp-post\" data-elementor-id=\"13240\" class=\"elementor elementor-13240\">\n\t\t\t\t\t\t<section class=\"elementor-section elementor-top-section elementor-element elementor-element-0b30590 elementor-section-boxed elementor-section-height-default elementor-section-height-default\" data-id=\"0b30590\" data-element_type=\"section\" data-e-type=\"section\">\n\t\t\t\t\t\t<div class=\"elementor-container elementor-column-gap-default\">\n\t\t\t\t\t<div class=\"elementor-column elementor-col-100 elementor-top-column elementor-element elementor-element-e1618ab\" data-id=\"e1618ab\" data-element_type=\"column\" data-e-type=\"column\">\n\t\t\t<div class=\"elementor-widget-wrap elementor-element-populated\">\n\t\t\t\t\t\t<div class=\"elementor-element elementor-element-4bade94 elementor-widget elementor-widget-breadcrumbs\" data-id=\"4bade94\" data-element_type=\"widget\" data-e-type=\"widget\" data-widget_type=\"breadcrumbs.default\">\n\t\t\t\t<div class=\"elementor-widget-container\">\n\t\t\t\t\t \t\t\t\t<\/div>\n\t\t\t\t<\/div>\n\t\t\t\t\t<\/div>\n\t\t<\/div>\n\t\t\t\t\t<\/div>\n\t\t<\/section>\n\t\t\t\t<section class=\"elementor-section elementor-top-section elementor-element elementor-element-60e3092 elementor-section-stretched elementor-section-boxed elementor-section-height-default elementor-section-height-default\" data-id=\"60e3092\" data-element_type=\"section\" data-e-type=\"section\" data-settings=\"{&quot;stretch_section&quot;:&quot;section-stretched&quot;}\">\n\t\t\t\t\t\t<div class=\"elementor-container elementor-column-gap-no\">\n\t\t\t\t\t<div class=\"elementor-column elementor-col-33 elementor-top-column elementor-element elementor-element-60eaadc\" data-id=\"60eaadc\" data-element_type=\"column\" data-e-type=\"column\">\n\t\t\t<div class=\"elementor-widget-wrap elementor-element-populated\">\n\t\t\t\t\t\t<div class=\"elementor-element elementor-element-8486210 elementor-widget elementor-widget-image\" data-id=\"8486210\" data-element_type=\"widget\" data-e-type=\"widget\" data-widget_type=\"image.default\">\n\t\t\t\t<div class=\"elementor-widget-container\">\n\t\t\t\t\t\t\t\t\t\t\t\t\t\t\t<img fetchpriority=\"high\" decoding=\"async\" width=\"500\" height=\"500\" src=\"https:\/\/klinger.pt\/wp-content\/uploads\/2022\/03\/PTFE-CORROSION-Series-300.webp\" class=\"attachment-full size-full wp-image-13115\" alt=\"PTFE CORROSION RESISTANT STATIC MIXER\" srcset=\"https:\/\/klinger.pt\/wp-content\/uploads\/2022\/03\/PTFE-CORROSION-Series-300.webp 500w, https:\/\/klinger.pt\/wp-content\/uploads\/2022\/03\/PTFE-CORROSION-Series-300-300x300.webp 300w, https:\/\/klinger.pt\/wp-content\/uploads\/2022\/03\/PTFE-CORROSION-Series-300-150x150.webp 150w\" sizes=\"(max-width: 500px) 100vw, 500px\" \/>\t\t\t\t\t\t\t\t\t\t\t\t\t\t\t<\/div>\n\t\t\t\t<\/div>\n\t\t\t\t\t<\/div>\n\t\t<\/div>\n\t\t\t\t<div class=\"elementor-column elementor-col-33 elementor-top-column elementor-element elementor-element-87b31ec\" data-id=\"87b31ec\" data-element_type=\"column\" data-e-type=\"column\">\n\t\t\t<div class=\"elementor-widget-wrap elementor-element-populated\">\n\t\t\t\t\t\t<div class=\"elementor-element elementor-element-9d4fe53 elementor-widget elementor-widget-heading\" data-id=\"9d4fe53\" data-element_type=\"widget\" data-e-type=\"widget\" data-widget_type=\"heading.default\">\n\t\t\t\t<div class=\"elementor-widget-container\">\n\t\t\t\t\t<h1 class=\"elementor-heading-title elementor-size-default\">PTFE CORROSION RESISTANT STATIC MIXER<\/h1>\t\t\t\t<\/div>\n\t\t\t\t<\/div>\n\t\t\t\t<div class=\"elementor-element elementor-element-fa0d99c elementor-widget elementor-widget-text-editor\" data-id=\"fa0d99c\" data-element_type=\"widget\" data-e-type=\"widget\" data-widget_type=\"text-editor.default\">\n\t\t\t\t<div class=\"elementor-widget-container\">\n\t\t\t\t\t\t\t\t\tStatic Inline Mixers with solid PTFE removable mixing elements and PTFE lined carbon steel housing for corrosive duties in all industries. Also available with optional separate PTFE\/PFA injection or sample tees.\nCan be supplied with a choice of different PTFE-lined housings including painted carbon steel, stainless steel or others.\n\n<br><br>\u00bb Market-leading mixing element designs\n\n<br>Supplied with removable STS elements, with adjustable element geometry to meet your specific maximum headloss or maximum overall length requirements.\n\n<br><br>\u00bb Available for all pipe sizes\n\n<br>Diameters from as small as DN25 (1\u201d) up to DN150 (6\u201d) as standard withlarger diameters available upon request.\n\n<br><br>\u00bb Superior mixture qualities achievable\n\n<br>Designed to achieve a Coefficient of Variation (CoV) of 0.05 or less by the discharge of the mixing elements for miscible systems \u2013 meaning you can take a representative sample at the downstream end of the mixer.\n\n<br><br>\u00bb Accessories to complement\n\n<br>Available with optional injection\/sample tees and PTFE injection quills if required.\n\n<br><br>\u00bb Materials to suit your requirements\n<br>All Statiflo Series 300 Static Mixers will have pure PTFE mixing elements and a PTFE lined housing. Housing shells available in painted carbon steel, stainless steel or other if required.\t\t\t\t\t\t\t\t<\/div>\n\t\t\t\t<\/div>\n\t\t\t\t\t<\/div>\n\t\t<\/div>\n\t\t\t\t<div class=\"elementor-column elementor-col-33 elementor-top-column elementor-element elementor-element-692c5d2\" data-id=\"692c5d2\" data-element_type=\"column\" data-e-type=\"column\">\n\t\t\t<div class=\"elementor-widget-wrap\">\n\t\t\t\t\t\t\t<\/div>\n\t\t<\/div>\n\t\t\t\t\t<\/div>\n\t\t<\/section>\n\t\t\t\t<\/div>\n\t\t","protected":false},"excerpt":{"rendered":"<p>MISTURADOR EST\u00c1TICO PTFE RESISTENTE \u00c0 CORROS\u00c3O O Misturador Est\u00e1tico PTFE Resistente \u00e0 Corros\u00e3o em linha com elementos de mistura remov\u00edveis de PTFE s\u00f3lido e carca\u00e7a de a\u00e7o carbono revestida de PTFE para tarefas corrosivas em todas as ind\u00fastrias. Tamb\u00e9m dispon\u00edvel com inje\u00e7\u00e3o separada opcional de PTFE\/PFA ou T de amostra. Pode ser fornecido com uma [&hellip;]<\/p>\n","protected":false},"author":1,"featured_media":0,"parent":27402,"menu_order":91,"comment_status":"closed","ping_status":"closed","template":"page-templates\/servicios.php","meta":{"_eb_attr":"","footnotes":""},"class_list":["post-13240","page","type-page","status-publish","hentry"],"aioseo_notices":[],"_links":{"self":[{"href":"https:\/\/klinger.pt\/es\/wp-json\/wp\/v2\/pages\/13240","targetHints":{"allow":["GET"]}}],"collection":[{"href":"https:\/\/klinger.pt\/es\/wp-json\/wp\/v2\/pages"}],"about":[{"href":"https:\/\/klinger.pt\/es\/wp-json\/wp\/v2\/types\/page"}],"author":[{"embeddable":true,"href":"https:\/\/klinger.pt\/es\/wp-json\/wp\/v2\/users\/1"}],"replies":[{"embeddable":true,"href":"https:\/\/klinger.pt\/es\/wp-json\/wp\/v2\/comments?post=13240"}],"version-history":[{"count":3,"href":"https:\/\/klinger.pt\/es\/wp-json\/wp\/v2\/pages\/13240\/revisions"}],"predecessor-version":[{"id":38332,"href":"https:\/\/klinger.pt\/es\/wp-json\/wp\/v2\/pages\/13240\/revisions\/38332"}],"up":[{"embeddable":true,"href":"https:\/\/klinger.pt\/es\/wp-json\/wp\/v2\/pages\/27402"}],"wp:attachment":[{"href":"https:\/\/klinger.pt\/es\/wp-json\/wp\/v2\/media?parent=13240"}],"curies":[{"name":"wp","href":"https:\/\/api.w.org\/{rel}","templated":true}]}}