{"id":13217,"date":"2022-03-21T19:29:57","date_gmt":"2022-03-21T19:29:57","guid":{"rendered":"https:\/\/m5j0n6nk9p.onrocket.site\/?p=13217"},"modified":"2023-02-27T09:54:11","modified_gmt":"2023-02-27T09:54:11","slug":"hygienic-sanitary-static-mixer","status":"publish","type":"page","link":"https:\/\/klinger.pt\/es\/produtos\/bombas-e-agitacao\/agitacao-mistura\/misturadores-estaticos\/hygienic-sanitary-static-mixer\/","title":{"rendered":"MISTURADOR EST\u00c1TICO HIGI\u00c9NICO\/SANIT\u00c1RIO"},"content":{"rendered":"\t\t<div data-elementor-type=\"wp-post\" data-elementor-id=\"13217\" class=\"elementor elementor-13217\">\n\t\t\t\t\t\t<section class=\"elementor-section elementor-top-section elementor-element elementor-element-6551aa2 elementor-section-boxed elementor-section-height-default elementor-section-height-default\" data-id=\"6551aa2\" data-element_type=\"section\" data-e-type=\"section\">\n\t\t\t\t\t\t<div class=\"elementor-container elementor-column-gap-default\">\n\t\t\t\t\t<div class=\"elementor-column elementor-col-100 elementor-top-column elementor-element elementor-element-5246a7b\" data-id=\"5246a7b\" data-element_type=\"column\" data-e-type=\"column\">\n\t\t\t<div class=\"elementor-widget-wrap elementor-element-populated\">\n\t\t\t\t\t\t<div class=\"elementor-element elementor-element-3619d60 elementor-widget elementor-widget-breadcrumbs\" data-id=\"3619d60\" data-element_type=\"widget\" data-e-type=\"widget\" data-widget_type=\"breadcrumbs.default\">\n\t\t\t\t<div class=\"elementor-widget-container\">\n\t\t\t\t\t \t\t\t\t<\/div>\n\t\t\t\t<\/div>\n\t\t\t\t\t<\/div>\n\t\t<\/div>\n\t\t\t\t\t<\/div>\n\t\t<\/section>\n\t\t\t\t<section class=\"elementor-section elementor-top-section elementor-element elementor-element-ce2b165 elementor-section-stretched elementor-section-boxed elementor-section-height-default elementor-section-height-default\" data-id=\"ce2b165\" data-element_type=\"section\" data-e-type=\"section\" data-settings=\"{&quot;stretch_section&quot;:&quot;section-stretched&quot;}\">\n\t\t\t\t\t\t<div class=\"elementor-container elementor-column-gap-no\">\n\t\t\t\t\t<div class=\"elementor-column elementor-col-33 elementor-top-column elementor-element elementor-element-7266167\" data-id=\"7266167\" data-element_type=\"column\" data-e-type=\"column\">\n\t\t\t<div class=\"elementor-widget-wrap elementor-element-populated\">\n\t\t\t\t\t\t<div class=\"elementor-element elementor-element-c2dc92f elementor-widget elementor-widget-image\" data-id=\"c2dc92f\" data-element_type=\"widget\" data-e-type=\"widget\" data-widget_type=\"image.default\">\n\t\t\t\t<div class=\"elementor-widget-container\">\n\t\t\t\t\t\t\t\t\t\t\t\t\t\t\t<img fetchpriority=\"high\" decoding=\"async\" width=\"500\" height=\"500\" src=\"https:\/\/klinger.pt\/wp-content\/uploads\/2022\/03\/Hygienic-Sanitary-Series-200.webp\" class=\"attachment-full size-full wp-image-13113\" alt=\"Hygienic and Sanitary Static Mixer\" srcset=\"https:\/\/klinger.pt\/wp-content\/uploads\/2022\/03\/Hygienic-Sanitary-Series-200.webp 500w, https:\/\/klinger.pt\/wp-content\/uploads\/2022\/03\/Hygienic-Sanitary-Series-200-300x300.webp 300w, https:\/\/klinger.pt\/wp-content\/uploads\/2022\/03\/Hygienic-Sanitary-Series-200-150x150.webp 150w\" sizes=\"(max-width: 500px) 100vw, 500px\" \/>\t\t\t\t\t\t\t\t\t\t\t\t\t\t\t<\/div>\n\t\t\t\t<\/div>\n\t\t\t\t\t<\/div>\n\t\t<\/div>\n\t\t\t\t<div class=\"elementor-column elementor-col-33 elementor-top-column elementor-element elementor-element-baf1701\" data-id=\"baf1701\" data-element_type=\"column\" data-e-type=\"column\">\n\t\t\t<div class=\"elementor-widget-wrap elementor-element-populated\">\n\t\t\t\t\t\t<div class=\"elementor-element elementor-element-20bfa4b elementor-widget elementor-widget-heading\" data-id=\"20bfa4b\" data-element_type=\"widget\" data-e-type=\"widget\" data-widget_type=\"heading.default\">\n\t\t\t\t<div class=\"elementor-widget-container\">\n\t\t\t\t\t<h1 class=\"elementor-heading-title elementor-size-default\">HYGIENIC \/ SANITARY STATIC MIXER<\/h1>\t\t\t\t<\/div>\n\t\t\t\t<\/div>\n\t\t\t\t<div class=\"elementor-element elementor-element-0196d93 elementor-widget elementor-widget-text-editor\" data-id=\"0196d93\" data-element_type=\"widget\" data-e-type=\"widget\" data-widget_type=\"text-editor.default\">\n\t\t\t\t<div class=\"elementor-widget-container\">\n\t\t\t\t\t\t\t\t\tSanitary Mixer: Sanitary and hygienic design Inline Static Mixers with\nremovable elements suitable for use in food and drink, brewery and pharmaceutical\napplications as well as CIP (cleaning in place) systems.<br><br>\nComplete with specialist sanitary surface finishes depending on your requirements.\n\nSupplied as standard with IDF, RJT, DIN, tri-clamp ferrule \u2013 or any other standard sanitary \u2013 end connections but flanged or plain ended options are also available.\n\nCan be supplied be injection\/sample branches and heating\/coolingjackets.\n<br><br>\n\u00bb Market-leading mixing element designs.\n<br>Supplied with removable STS elements, with adjustable element geometry to meet your specific maximum headloss or maximum overall length requirements.\n\n<br><br>\u00bb Available for all pipe sizes\n<br>Diameters from as small as DN15 (1\/2\u201d) up to DN150 (6\u201d) as standard, with larger diameters available on request.\n\n<br><br>\u00bb Superior mixture qualities achievable\n\n<br>Designed to achieve a Coefficient of Variation (CoV) of 0.05 or less by the discharge of the mixing elements for miscible systems \u2013 meaning you can take a representative sample at the downstream end of the mixer.\n\n<br><br>\u00bb Accessories to complement\n\n<br>Available with optional injection\/sample branches and heating\/cooling jackets.\n\n\u00bb Materials to suit your requirements\n\nStainless steel, Hastelloy or any other commercially available material.\t\t\t\t\t\t\t\t<\/div>\n\t\t\t\t<\/div>\n\t\t\t\t\t<\/div>\n\t\t<\/div>\n\t\t\t\t<div class=\"elementor-column elementor-col-33 elementor-top-column elementor-element elementor-element-5d7828b\" data-id=\"5d7828b\" data-element_type=\"column\" data-e-type=\"column\">\n\t\t\t<div class=\"elementor-widget-wrap\">\n\t\t\t\t\t\t\t<\/div>\n\t\t<\/div>\n\t\t\t\t\t<\/div>\n\t\t<\/section>\n\t\t\t\t<\/div>\n\t\t","protected":false},"excerpt":{"rendered":"<p>HIGI\u00c9NICO\/SANIT\u00c1RIO Misturador Sanit\u00e1rio: Design sanit\u00e1rio e higi\u00eanico Misturadores est\u00e1ticos em linha com elementos remov\u00edveis adequados para uso em aplica\u00e7\u00f5es de alimentos e bebidas, cervejarias e farmac\u00eauticas, bem como sistemas CIP (limpeza no local). Completo com acabamentos de superf\u00edcie sanit\u00e1rios especializados, dependendo de suas necessidades. Fornecido como padr\u00e3o com conex\u00f5es de extremidade IDF, RJT, DIN, tri-clamp [&hellip;]<\/p>\n","protected":false},"author":1,"featured_media":0,"parent":27402,"menu_order":92,"comment_status":"closed","ping_status":"closed","template":"page-templates\/servicios.php","meta":{"_eb_attr":"","footnotes":""},"class_list":["post-13217","page","type-page","status-publish","hentry"],"aioseo_notices":[],"_links":{"self":[{"href":"https:\/\/klinger.pt\/es\/wp-json\/wp\/v2\/pages\/13217","targetHints":{"allow":["GET"]}}],"collection":[{"href":"https:\/\/klinger.pt\/es\/wp-json\/wp\/v2\/pages"}],"about":[{"href":"https:\/\/klinger.pt\/es\/wp-json\/wp\/v2\/types\/page"}],"author":[{"embeddable":true,"href":"https:\/\/klinger.pt\/es\/wp-json\/wp\/v2\/users\/1"}],"replies":[{"embeddable":true,"href":"https:\/\/klinger.pt\/es\/wp-json\/wp\/v2\/comments?post=13217"}],"version-history":[{"count":1,"href":"https:\/\/klinger.pt\/es\/wp-json\/wp\/v2\/pages\/13217\/revisions"}],"predecessor-version":[{"id":38329,"href":"https:\/\/klinger.pt\/es\/wp-json\/wp\/v2\/pages\/13217\/revisions\/38329"}],"up":[{"embeddable":true,"href":"https:\/\/klinger.pt\/es\/wp-json\/wp\/v2\/pages\/27402"}],"wp:attachment":[{"href":"https:\/\/klinger.pt\/es\/wp-json\/wp\/v2\/media?parent=13217"}],"curies":[{"name":"wp","href":"https:\/\/api.w.org\/{rel}","templated":true}]}}