{"id":13206,"date":"2022-03-21T19:30:38","date_gmt":"2022-03-21T19:30:38","guid":{"rendered":"https:\/\/m5j0n6nk9p.onrocket.site\/?p=13206"},"modified":"2023-02-27T09:56:58","modified_gmt":"2023-02-27T09:56:58","slug":"industrial-static-mixer","status":"publish","type":"page","link":"https:\/\/klinger.pt\/es\/produtos\/bombas-e-agitacao\/agitacao-mistura\/misturadores-estaticos\/industrial-static-mixer\/","title":{"rendered":"MISTURADOR EST\u00c1TICO INDUSTRIAL"},"content":{"rendered":"\t\t<div data-elementor-type=\"wp-post\" data-elementor-id=\"13206\" class=\"elementor elementor-13206\">\n\t\t\t\t\t\t<section class=\"elementor-section elementor-top-section elementor-element elementor-element-da86018 elementor-section-boxed elementor-section-height-default elementor-section-height-default\" data-id=\"da86018\" data-element_type=\"section\" data-e-type=\"section\">\n\t\t\t\t\t\t<div class=\"elementor-container elementor-column-gap-default\">\n\t\t\t\t\t<div class=\"elementor-column elementor-col-100 elementor-top-column elementor-element elementor-element-83eec04\" data-id=\"83eec04\" data-element_type=\"column\" data-e-type=\"column\">\n\t\t\t<div class=\"elementor-widget-wrap elementor-element-populated\">\n\t\t\t\t\t\t<div class=\"elementor-element elementor-element-1799e29 elementor-widget elementor-widget-breadcrumbs\" data-id=\"1799e29\" data-element_type=\"widget\" data-e-type=\"widget\" data-widget_type=\"breadcrumbs.default\">\n\t\t\t\t<div class=\"elementor-widget-container\">\n\t\t\t\t\t \t\t\t\t<\/div>\n\t\t\t\t<\/div>\n\t\t\t\t\t<\/div>\n\t\t<\/div>\n\t\t\t\t\t<\/div>\n\t\t<\/section>\n\t\t\t\t<section class=\"elementor-section elementor-top-section elementor-element elementor-element-6e58b8e elementor-section-stretched elementor-section-boxed elementor-section-height-default elementor-section-height-default\" data-id=\"6e58b8e\" data-element_type=\"section\" data-e-type=\"section\" data-settings=\"{&quot;stretch_section&quot;:&quot;section-stretched&quot;}\">\n\t\t\t\t\t\t<div class=\"elementor-container elementor-column-gap-no\">\n\t\t\t\t\t<div class=\"elementor-column elementor-col-33 elementor-top-column elementor-element elementor-element-6fa2693\" data-id=\"6fa2693\" data-element_type=\"column\" data-e-type=\"column\">\n\t\t\t<div class=\"elementor-widget-wrap elementor-element-populated\">\n\t\t\t\t\t\t<div class=\"elementor-element elementor-element-c99a7b9 elementor-widget elementor-widget-image\" data-id=\"c99a7b9\" data-element_type=\"widget\" data-e-type=\"widget\" data-widget_type=\"image.default\">\n\t\t\t\t<div class=\"elementor-widget-container\">\n\t\t\t\t\t\t\t\t\t\t\t\t\t\t\t<img fetchpriority=\"high\" decoding=\"async\" width=\"500\" height=\"500\" src=\"https:\/\/klinger.pt\/wp-content\/uploads\/2022\/03\/Industrial-Static-Mixer.webp\" class=\"attachment-full size-full wp-image-13119\" alt=\"Industrial Static Mixer\" srcset=\"https:\/\/klinger.pt\/wp-content\/uploads\/2022\/03\/Industrial-Static-Mixer.webp 500w, https:\/\/klinger.pt\/wp-content\/uploads\/2022\/03\/Industrial-Static-Mixer-300x300.webp 300w, https:\/\/klinger.pt\/wp-content\/uploads\/2022\/03\/Industrial-Static-Mixer-150x150.webp 150w\" sizes=\"(max-width: 500px) 100vw, 500px\" \/>\t\t\t\t\t\t\t\t\t\t\t\t\t\t\t<\/div>\n\t\t\t\t<\/div>\n\t\t\t\t\t<\/div>\n\t\t<\/div>\n\t\t\t\t<div class=\"elementor-column elementor-col-33 elementor-top-column elementor-element elementor-element-e8598a9\" data-id=\"e8598a9\" data-element_type=\"column\" data-e-type=\"column\">\n\t\t\t<div class=\"elementor-widget-wrap elementor-element-populated\">\n\t\t\t\t\t\t<div class=\"elementor-element elementor-element-46ea04c elementor-widget elementor-widget-heading\" data-id=\"46ea04c\" data-element_type=\"widget\" data-e-type=\"widget\" data-widget_type=\"heading.default\">\n\t\t\t\t<div class=\"elementor-widget-container\">\n\t\t\t\t\t<h1 class=\"elementor-heading-title elementor-size-default\">INDUSTRIAL STATIC MIXER<\/h1>\t\t\t\t<\/div>\n\t\t\t\t<\/div>\n\t\t\t\t<div class=\"elementor-element elementor-element-3463713 elementor-widget elementor-widget-text-editor\" data-id=\"3463713\" data-element_type=\"widget\" data-e-type=\"widget\" data-widget_type=\"text-editor.default\">\n\t\t\t\t<div class=\"elementor-widget-container\">\n\t\t\t\t\t\t\t\t\tStatiflo General Industrial Inline Static Mixers suitable for all process industries supplied with fixed or removable mixing elements.\n\nUsually supplied with SO or WN flanged end connections, but could equally be supplied with plain or weld prepared ends. Screwed\/threaded end connections available for smaller sizes.\n\nOptional flanged or threaded injectors and sampling points.Optional heating\/cooling jackets.Can be supplied in all commercially available metallic materials.\n\n<br><br>\u00bb Market-leading mixing element designs\n\n<br>Supplied with fixed STL elements (Series 100) or fixed STM elements (Series 150), with adjustable element geometry to meet your specific maximum headloss or maximum overall length requirements. For CustodyTranser\/Fiscal Measurement applications a specialist adapted type of mixing element is used.\n\n<br><br>\u00bb Available for all pipe sizes\n\n<br>Diameters from as small as DN15 (1\/2\u201d) with no theoretical upper limit.\n\n<br><br>\u00bb Superior mixture qualities achievable\n\n<br>Designed to achieve a Coefficient of Variation (CoV) of 0.05 or less by the discharge of the mixing elements for miscible systems \u2013 meaning you can take a representative sample at the downstream end of the mixer.\n\n<br><br>\u00bb Accessories to complement\n\n<br>Available with optional Statiflo Chemical Dosing Lances to fine tune the mixing performance, or with integral sample connections.\n\n<br><br>\u00bb Materials to suit your requirements\n\n<br>Stainless steel, epoxy coated carbon steel, Alloy C276, Dulplex\/Super Duplex, Inconel or any other commercially available material.\t\t\t\t\t\t\t\t<\/div>\n\t\t\t\t<\/div>\n\t\t\t\t\t<\/div>\n\t\t<\/div>\n\t\t\t\t<div class=\"elementor-column elementor-col-33 elementor-top-column elementor-element elementor-element-55a29c3\" data-id=\"55a29c3\" data-element_type=\"column\" data-e-type=\"column\">\n\t\t\t<div class=\"elementor-widget-wrap\">\n\t\t\t\t\t\t\t<\/div>\n\t\t<\/div>\n\t\t\t\t\t<\/div>\n\t\t<\/section>\n\t\t\t\t<\/div>\n\t\t","protected":false},"excerpt":{"rendered":"<p>MISTURADOR EST\u00c1TICO INDUSTRIAL Misturadores Est\u00e1ticos Industriais Statiflo adequados para todas as ind\u00fastrias de processo fornecidos com elementos de mistura fixos ou remov\u00edveis. Normalmente fornecido com conex\u00f5es de extremidade flangeadas SO ou WN, mas tamb\u00e9m pode ser fornecido com extremidades lisas ou preparadas para solda. Conex\u00f5es de extremidade aparafusadas\/rosqueadas dispon\u00edveis para tamanhos menores. Injetores e pontos [&hellip;]<\/p>\n","protected":false},"author":1,"featured_media":0,"parent":27402,"menu_order":93,"comment_status":"closed","ping_status":"closed","template":"page-templates\/servicios.php","meta":{"_eb_attr":"","footnotes":""},"class_list":["post-13206","page","type-page","status-publish","hentry"],"aioseo_notices":[],"_links":{"self":[{"href":"https:\/\/klinger.pt\/es\/wp-json\/wp\/v2\/pages\/13206","targetHints":{"allow":["GET"]}}],"collection":[{"href":"https:\/\/klinger.pt\/es\/wp-json\/wp\/v2\/pages"}],"about":[{"href":"https:\/\/klinger.pt\/es\/wp-json\/wp\/v2\/types\/page"}],"author":[{"embeddable":true,"href":"https:\/\/klinger.pt\/es\/wp-json\/wp\/v2\/users\/1"}],"replies":[{"embeddable":true,"href":"https:\/\/klinger.pt\/es\/wp-json\/wp\/v2\/comments?post=13206"}],"version-history":[{"count":1,"href":"https:\/\/klinger.pt\/es\/wp-json\/wp\/v2\/pages\/13206\/revisions"}],"predecessor-version":[{"id":38330,"href":"https:\/\/klinger.pt\/es\/wp-json\/wp\/v2\/pages\/13206\/revisions\/38330"}],"up":[{"embeddable":true,"href":"https:\/\/klinger.pt\/es\/wp-json\/wp\/v2\/pages\/27402"}],"wp:attachment":[{"href":"https:\/\/klinger.pt\/es\/wp-json\/wp\/v2\/media?parent=13206"}],"curies":[{"name":"wp","href":"https:\/\/api.w.org\/{rel}","templated":true}]}}