{"id":12454,"date":"2022-01-27T17:58:21","date_gmt":"2022-01-27T17:58:21","guid":{"rendered":"https:\/\/m5j0n6nk9p.onrocket.site\/?p=12454"},"modified":"2025-11-17T10:27:53","modified_gmt":"2025-11-17T10:27:53","slug":"historia-klinger-portugal","status":"publish","type":"page","link":"https:\/\/klinger.pt\/es\/sobre-nos-2\/historia-klinger-portugal\/","title":{"rendered":"HIST\u00d3RIA KLINGER PORTUGAL"},"content":{"rendered":"\n<h1 class=\"wp-block-heading\">HIST\u00d3RIA KLINGER PORTUGAL<\/h1>\n\n\n\n<p>A KLINGER Portugal \u00e9, nos dias de hoje, uma empresa de refer\u00eancia no setor industrial e tratamento de \u00e1guas.<br>Trabalhamos sob a certifica\u00e7\u00e3o ISO 9001 para salvaguardar os n\u00edveis de exig\u00eancia dos nossos clientes, sendo a nossa prioridade manter a qualidade dos nossos servi\u00e7os.<\/p>\n\n\n\n<div style=\"height:50px\" aria-hidden=\"true\" class=\"wp-block-spacer\"><\/div>\n\n\n\n<div class=\"wp-block-columns is-layout-flex wp-container-core-columns-is-layout-9d6595d7 wp-block-columns-is-layout-flex\">\n<div class=\"wp-block-column is-layout-flow wp-block-column-is-layout-flow\">\n<h3 class=\"wp-block-heading has-text-align-center\">1993<\/h3>\n\n\n\n<figure class=\"wp-block-image\"><img decoding=\"async\" src=\"https:\/\/klinger.pt\/wp-content\/uploads\/2022\/01\/1993-copy.webp\" alt=\"Klinger Portugal 1993\"\/><\/figure>\n\n\n\n<ul class=\"wp-block-list\">\n<li>Atrav\u00e9s da sua filial em Espanha SAIDI, KLINGER inicia a sua atividade em Portugal com a denomina\u00e7\u00e3o SAIDILUSA Lda, escolhendo como sede social a localidade de Terrugem SINTRA.<br>A atividade da empresa est\u00e1 focada na distribui\u00e7\u00e3o de v\u00e1lvulas, acess\u00f3rios e material de veda\u00e7\u00e3o para o sector industrial, orientada para o sector QU\u00cdMICO, PETROQU\u00cdMICO e PAPEL &amp; CELULOSE.<\/li>\n<\/ul>\n<\/div>\n\n\n\n<div class=\"wp-block-column is-layout-flow wp-block-column-is-layout-flow\">\n<h3 class=\"wp-block-heading has-text-align-center\">1995<\/h3>\n\n\n\n<figure class=\"wp-block-image\"><img decoding=\"async\" src=\"https:\/\/klinger.pt\/wp-content\/uploads\/2022\/01\/1995-copy.webp\" alt=\"Klinger Portugal 1995\"\/><\/figure>\n\n\n\n<ul class=\"wp-block-list\">\n<li>KLINGER AG, entra diretamente no capital social da empresa, como consequ\u00eancia muda a denomina\u00e7\u00e3o social para KLINGER SAIDI Lda. Novas representa\u00e7\u00f5es como SAUNDERS e ORBINOX impulsionam o crescimento e novas \u00e1reas de atividade como Minaria e \u00c1guas propiciam uma etapa de crescimento sustentado, as necessidades de log\u00edstica provocam a mudan\u00e7a de instala\u00e7\u00f5es para Prior Velho.<\/li>\n<\/ul>\n<\/div>\n\n\n\n<div class=\"wp-block-column is-layout-flow wp-block-column-is-layout-flow\">\n<h3 class=\"wp-block-heading has-text-align-center\">2009<\/h3>\n\n\n\n<figure class=\"wp-block-image\"><img decoding=\"async\" src=\"https:\/\/klinger.pt\/wp-content\/uploads\/2022\/01\/2009-copy.jpg\" alt=\"Klinger Portugal 2009\"\/><\/figure>\n\n\n\n<ul class=\"wp-block-list\">\n<li>A empresa muda a sua sede social para Maia, no Norte de Portugal, iniciando uma nova etapa com uma aposta clara no sector de tratamento de aguas que passara a ser um dos pilares da empresa em anos futuros.<\/li>\n<\/ul>\n<\/div>\n<\/div>\n\n\n\n<div style=\"height:50px\" aria-hidden=\"true\" class=\"wp-block-spacer\"><\/div>\n\n\n\n<div class=\"wp-block-columns is-layout-flex wp-container-core-columns-is-layout-9d6595d7 wp-block-columns-is-layout-flex\">\n<div class=\"wp-block-column is-layout-flow wp-block-column-is-layout-flow\">\n<h3 class=\"wp-block-heading has-text-align-center\">2015<\/h3>\n\n\n\n<figure class=\"wp-block-image\"><img decoding=\"async\" src=\"https:\/\/klinger.pt\/wp-content\/uploads\/2022\/01\/2015-copy.webp\" alt=\"Klinger Portugal 2015\"\/><\/figure>\n\n\n\n<ul class=\"wp-block-list\">\n<li>KLINGER Holding, passa a controlar diretamente o 100% do capital social da filial Portuguesa, alterando a denomina\u00e7\u00e3o social para KLINGER Portugal Lda.<\/li>\n<\/ul>\n<\/div>\n\n\n\n<div class=\"wp-block-column is-layout-flow wp-block-column-is-layout-flow\">\n<h3 class=\"wp-block-heading has-text-align-center\">2016<\/h3>\n\n\n\n<figure class=\"wp-block-image size-full\"><img fetchpriority=\"high\" decoding=\"async\" width=\"450\" height=\"300\" src=\"https:\/\/klinger.pt\/wp-content\/uploads\/2023\/07\/Equifluxo.webp\" alt=\"\" class=\"wp-image-43800\" srcset=\"https:\/\/klinger.pt\/wp-content\/uploads\/2023\/07\/Equifluxo.webp 450w, https:\/\/klinger.pt\/wp-content\/uploads\/2023\/07\/Equifluxo-300x200.webp 300w\" sizes=\"(max-width: 450px) 100vw, 450px\" \/><\/figure>\n\n\n\n<ul class=\"wp-block-list\">\n<li>Incrementamos o nosso portf\u00f3lio adquirindo 100% do capital da empresa Equifluxo, especializada em equipamentos de pr\u00e9-tratamento, dosagem, filtra\u00e7\u00e3o e instrumenta\u00e7\u00e3o. Com essa fus\u00e3o, a KLINGER Portugal ganha sinergias, incorporando um importante portfolio de produto que permite uma presen\u00e7a destacada no mercado.<\/li>\n<\/ul>\n<\/div>\n\n\n\n<div class=\"wp-block-column is-layout-flow wp-block-column-is-layout-flow\">\n<h3 class=\"wp-block-heading has-text-align-center\">2023<\/h3>\n\n\n\n<figure class=\"wp-block-image size-full\"><img decoding=\"async\" width=\"450\" height=\"300\" src=\"https:\/\/klinger.pt\/wp-content\/uploads\/2023\/07\/LiberAqua.webp\" alt=\"\" class=\"wp-image-43802\" srcset=\"https:\/\/klinger.pt\/wp-content\/uploads\/2023\/07\/LiberAqua.webp 450w, https:\/\/klinger.pt\/wp-content\/uploads\/2023\/07\/LiberAqua-300x200.webp 300w\" sizes=\"(max-width: 450px) 100vw, 450px\" \/><\/figure>\n\n\n\n<ul class=\"wp-block-list\">\n<li>A LiberAqua, empresa de refer\u00eancia no sector do tratamento de \u00e1guas industriais, \u00e9 adquirida pela KLINGER Portugal.<br>A partir deste momento, a KLINGER Portugal oferece solu\u00e7\u00f5es \u00fanicas de gest\u00e3o e tratamento integrado de efluentes industriais e urbanos.<\/li>\n<\/ul>\n<\/div>\n<\/div>\n\n\n\n<div style=\"height:50px\" aria-hidden=\"true\" class=\"wp-block-spacer\"><\/div>\n\n\n\n<h2 class=\"wp-block-heading\">VIS\u00c3O<\/h2>\n\n\n\n<p>A Ind\u00fastria est\u00e1 em constante mudan\u00e7a, n\u00e3o apenas com produtos individuais, mas tamb\u00e9m solu\u00e7\u00f5es completas. Na KLINGER, queremos responder a esses desafios, mantendo sempre o selo de qualidade nos nossos produtos e servi\u00e7os.<\/p>\n\n\n\n<p>Somos movidos por esta ambi\u00e7\u00e3o, tamb\u00e9m, na era digital. Num mercado din\u00e2mico, as empresas do Grupo KLINGER ao redor do mundo, garantem que os nossos clientes cumpram as suas pr\u00f3prias promessas de qualidade. Esta forma de estar, aliada a um forte sentido de responsabilidade com as gera\u00e7\u00f5es futuras, torna-nos \u00fanicos.<\/p>\n\n\n\n<h2 class=\"wp-block-heading\">MISS\u00c3O<\/h2>\n\n\n\n<p>A KLINGER \u00e9 uma empresa familiar est\u00e1vel e independente. Vemo-nos como empreendedores, solucionadores de problemas e l\u00edderes tecnol\u00f3gicos no nosso sector.<\/p>\n\n\n\n<p>Com empresas que operam de forma aut\u00f3noma e uma cultura de desempenho motivadora, somos um parceiro fi\u00e1vel para clientes de todo o mundo. Garantimos solu\u00e7\u00f5es, seguran\u00e7a e servi\u00e7os de qualidade, tendo sempre em considera\u00e7\u00e3o os aspetos ambientais.<\/p>\n\n\n\n<h2 class=\"wp-block-heading\">VALORES<\/h2>\n\n\n\n<p>H\u00e1 130 anos que nos esfor\u00e7amos para ser os melhores. Enquanto empregador, esfor\u00e7amo-nos diariamente para oferecer um ambiente de trabalho assente na valoriza\u00e7\u00e3o- Em troca cada membro da equipa KLINGER \u00e9:<\/p>\n\n\n\n<figure class=\"wp-block-image size-large\"><img decoding=\"async\" width=\"1024\" height=\"344\" src=\"https:\/\/klinger.pt\/wp-content\/uploads\/2025\/11\/icons3-4-03-1024x344.png\" alt=\"\" class=\"wp-image-47266\" srcset=\"https:\/\/klinger.pt\/wp-content\/uploads\/2025\/11\/icons3-4-03-1024x344.png 1024w, https:\/\/klinger.pt\/wp-content\/uploads\/2025\/11\/icons3-4-03-300x101.png 300w, https:\/\/klinger.pt\/wp-content\/uploads\/2025\/11\/icons3-4-03-768x258.png 768w, https:\/\/klinger.pt\/wp-content\/uploads\/2025\/11\/icons3-4-03.png 1299w\" sizes=\"(max-width: 1024px) 100vw, 1024px\" \/><\/figure>\n\n\n\n<div style=\"height:100px\" aria-hidden=\"true\" class=\"wp-block-spacer\"><\/div>\n\n\n\n<h2 class=\"wp-block-heading\">POL\u00cdTICA DE QUALIDADE &#8211; CERTIFICA\u00c7\u00d5ES<\/h2>\n\n\n\n<div style=\"height:20px\" aria-hidden=\"true\" class=\"wp-block-spacer\"><\/div>\n\n\n\n<div class=\"wp-block-columns is-layout-flex wp-container-core-columns-is-layout-9d6595d7 wp-block-columns-is-layout-flex\">\n<div class=\"wp-block-column transparente is-layout-flow wp-block-column-is-layout-flow\">\n<figure class=\"wp-block-embed is-type-video is-provider-youtube wp-block-embed-youtube wp-embed-aspect-16-9 wp-has-aspect-ratio\"><div class=\"wp-block-embed__wrapper\">\n<iframe title=\"KLINGER Group Image Movie\" width=\"625\" height=\"352\" src=\"https:\/\/www.youtube.com\/embed\/7OdiXdIqhd8?feature=oembed\" frameborder=\"0\" allow=\"accelerometer; autoplay; clipboard-write; encrypted-media; gyroscope; picture-in-picture; web-share\" referrerpolicy=\"strict-origin-when-cross-origin\" allowfullscreen><\/iframe>\n<\/div><\/figure>\n<\/div>\n\n\n\n<div class=\"wp-block-column transparente is-layout-flow wp-block-column-is-layout-flow\">\n<p>Para garantir elevados padr\u00f5es de Qualidade, trabalhamos sob a certifica\u00e7\u00e3o ISO 9001.<\/p>\n\n\n\n<figure class=\"wp-block-image size-full\"><img loading=\"lazy\" decoding=\"async\" width=\"600\" height=\"418\" src=\"https:\/\/klinger.pt\/wp-content\/uploads\/2022\/12\/certificate-ISO-9001-1.webp\" alt=\"certifica\u00e7\u00e3o ISO 9001\" class=\"wp-image-34799\" srcset=\"https:\/\/klinger.pt\/wp-content\/uploads\/2022\/12\/certificate-ISO-9001-1.webp 600w, https:\/\/klinger.pt\/wp-content\/uploads\/2022\/12\/certificate-ISO-9001-1-300x209.webp 300w\" sizes=\"(max-width: 600px) 100vw, 600px\" \/><\/figure>\n<\/div>\n\n\n\n<div class=\"wp-block-column transparente is-layout-flow wp-block-column-is-layout-flow\">\n<p>A KLINGER Portugal foi distinguida como Membro do Compromisso de Pagamento Pontual 2022<\/p>\n\n\n\n<figure class=\"wp-block-image\"><img decoding=\"async\" src=\"https:\/\/klinger.pt\/wp-content\/uploads\/2022\/01\/selo-2022-KLINGER-POrtugal-150x150.webp\" alt=\"selo-2022-KLINGER-POrtugal\"\/><\/figure>\n<\/div>\n<\/div>\n","protected":false},"excerpt":{"rendered":"<p>HIST\u00d3RIA KLINGER PORTUGAL A KLINGER Portugal \u00e9, nos dias de hoje, uma empresa de refer\u00eancia no setor industrial e tratamento de \u00e1guas.Trabalhamos sob a certifica\u00e7\u00e3o ISO 9001 para salvaguardar os n\u00edveis de exig\u00eancia dos nossos clientes, sendo a nossa prioridade manter a qualidade dos nossos servi\u00e7os. 1993 1995 2009 2015 2016 2023 VIS\u00c3O A Ind\u00fastria [&hellip;]<\/p>\n","protected":false},"author":1,"featured_media":0,"parent":16248,"menu_order":227,"comment_status":"closed","ping_status":"closed","template":"page-templates\/somos.php","meta":{"_eb_attr":"","footnotes":""},"class_list":["post-12454","page","type-page","status-publish","hentry"],"aioseo_notices":[],"_links":{"self":[{"href":"https:\/\/klinger.pt\/es\/wp-json\/wp\/v2\/pages\/12454","targetHints":{"allow":["GET"]}}],"collection":[{"href":"https:\/\/klinger.pt\/es\/wp-json\/wp\/v2\/pages"}],"about":[{"href":"https:\/\/klinger.pt\/es\/wp-json\/wp\/v2\/types\/page"}],"author":[{"embeddable":true,"href":"https:\/\/klinger.pt\/es\/wp-json\/wp\/v2\/users\/1"}],"replies":[{"embeddable":true,"href":"https:\/\/klinger.pt\/es\/wp-json\/wp\/v2\/comments?post=12454"}],"version-history":[{"count":11,"href":"https:\/\/klinger.pt\/es\/wp-json\/wp\/v2\/pages\/12454\/revisions"}],"predecessor-version":[{"id":47269,"href":"https:\/\/klinger.pt\/es\/wp-json\/wp\/v2\/pages\/12454\/revisions\/47269"}],"up":[{"embeddable":true,"href":"https:\/\/klinger.pt\/es\/wp-json\/wp\/v2\/pages\/16248"}],"wp:attachment":[{"href":"https:\/\/klinger.pt\/es\/wp-json\/wp\/v2\/media?parent=12454"}],"curies":[{"name":"wp","href":"https:\/\/api.w.org\/{rel}","templated":true}]}}