{"id":46145,"date":"2024-08-07T15:15:38","date_gmt":"2024-08-07T14:15:38","guid":{"rendered":"https:\/\/m5j0n6nk9p.onrocket.site\/?page_id=46145"},"modified":"2026-02-02T11:22:23","modified_gmt":"2026-02-02T11:22:23","slug":"etari-tratamento-de-aguas-residuais-urbanas","status":"publish","type":"page","link":"https:\/\/klinger.pt\/en\/klinger-water-solutions\/engenharia\/etari-tratamento-de-aguas-residuais-urbanas\/","title":{"rendered":"ETAR &#8211; Tratamento de \u00c1guas Residuais Urbanas"},"content":{"rendered":"\n<figure class=\"wp-block-image size-full is-resized\"><img fetchpriority=\"high\" decoding=\"async\" width=\"550\" height=\"111\" src=\"https:\/\/klinger.pt\/wp-content\/uploads\/2023\/09\/image-1.png\" alt=\"\" class=\"wp-image-45316\" style=\"width:301px;height:auto\" srcset=\"https:\/\/klinger.pt\/wp-content\/uploads\/2023\/09\/image-1.png 550w, https:\/\/klinger.pt\/wp-content\/uploads\/2023\/09\/image-1-300x61.png 300w\" sizes=\"(max-width: 550px) 100vw, 550px\" \/><\/figure>\n\n\n\n<p class=\"has-text-color\" style=\"color:#003a68;font-size:15px\">Tratamento de \u00c1guas da KLINGER Portugal<\/p>\n\n\n\n<p>Buscamos entender as necessidades dos nossos clientes dentro do mercado de \u00e1guas residuais para apresentar as melhores solu\u00e7\u00f5es.<\/p>\n\n\n\n<div style=\"height:30px\" aria-hidden=\"true\" class=\"wp-block-spacer\"><\/div>\n\n\n\n<div class=\"wp-block-group\"><div class=\"wp-block-group__inner-container is-layout-constrained wp-block-group-is-layout-constrained\">\n<div class=\"wp-block-columns is-layout-flex wp-container-core-columns-is-layout-9d6595d7 wp-block-columns-is-layout-flex\">\n<div class=\"wp-block-column is-layout-flow wp-block-column-is-layout-flow\" style=\"flex-basis:300px\">\n<figure class=\"wp-block-image size-full\"><img decoding=\"async\" width=\"517\" height=\"472\" src=\"https:\/\/klinger.pt\/wp-content\/uploads\/2024\/08\/imagem-4.jpg\" alt=\"\" class=\"wp-image-46159\" srcset=\"https:\/\/klinger.pt\/wp-content\/uploads\/2024\/08\/imagem-4.jpg 517w, https:\/\/klinger.pt\/wp-content\/uploads\/2024\/08\/imagem-4-300x274.jpg 300w\" sizes=\"(max-width: 517px) 100vw, 517px\" \/><\/figure>\n\n\n\n<div style=\"height:471px\" aria-hidden=\"true\" class=\"wp-block-spacer\"><\/div>\n\n\n\n<figure class=\"wp-block-image size-full\"><img decoding=\"async\" width=\"561\" height=\"386\" src=\"https:\/\/klinger.pt\/wp-content\/uploads\/2024\/08\/imagem-3.jpg\" alt=\"\" class=\"wp-image-46156\" srcset=\"https:\/\/klinger.pt\/wp-content\/uploads\/2024\/08\/imagem-3.jpg 561w, https:\/\/klinger.pt\/wp-content\/uploads\/2024\/08\/imagem-3-300x206.jpg 300w\" sizes=\"(max-width: 561px) 100vw, 561px\" \/><\/figure>\n\n\n\n<div style=\"height:471px\" aria-hidden=\"true\" class=\"wp-block-spacer\"><\/div>\n<\/div>\n\n\n\n<div class=\"wp-block-column is-layout-flow wp-block-column-is-layout-flow\" style=\"flex-basis:700px\">\n<h1 class=\"wp-block-heading\"><strong>Tratamento de \u00c1guas Residuais Urbanas<\/strong><\/h1>\n\n\n\n<p>Praticamente a totalidade daquilo que aflui a uma Esta\u00e7\u00e3o de Tratamento de \u00c1guas Residuais \u00e9 valoriz\u00e1vel:<\/p>\n\n\n\n<ul class=\"wp-block-list\">\n<li>A \u00e1gua tratada pode servir para regas de espa\u00e7os verdes e terrenos agr\u00edcolas, uso em redes de inc\u00eandio, para uso industrial e at\u00e9 para fabricar cerveja\u2026<\/li>\n\n\n\n<li>As lamas de depura\u00e7\u00e3o servem para a produ\u00e7\u00e3o de biog\u00e1s e consequentemente de energia e calor mas tamb\u00e9m como biofertilizante.&nbsp;<\/li>\n<\/ul>\n\n\n\n<p>A valoriza\u00e7\u00e3o das lamas de depura\u00e7\u00e3o ser\u00e1 obrigat\u00f3ria se queremos atingir as metas europeias da neutralidade carb\u00f3nica e da circularidade dos biorrecursos.<\/p>\n\n\n\n<p>Na KLINGER Portugal disponibilizamos solu\u00e7\u00f5es t\u00e9cnicas para todas as etapas de tratamento quer da fase l\u00edquida como da fase s\u00f3lida.<\/p>\n\n\n\n<ul class=\"wp-block-list\">\n<li><strong>Tratamento Preliminar<\/strong>\n<ul class=\"wp-block-list\">\n<li>Grades mec\u00e2nicas;<\/li>\n\n\n\n<li>Tamisadores;<\/li>\n\n\n\n<li>Unidades compactas;<\/li>\n<\/ul>\n<\/li>\n<\/ul>\n\n\n\n<ul class=\"wp-block-list\">\n<li><strong>Homogeneiza\u00e7\u00e3o<\/strong>\n<ul class=\"wp-block-list\">\n<li>Agitadores submersiveis;<\/li>\n\n\n\n<li>Instrumenta\u00e7\u00e3o analitica &amp; processual;<\/li>\n\n\n\n<li>Sistemas de desodoriza\u00e7\u00e3o.<br><\/li>\n<\/ul>\n<\/li>\n\n\n\n<li><strong>Tratamento f\u00edsico-qu\u00edmico<\/strong>\n<ul class=\"wp-block-list\">\n<li>Sistemas de preparra\u00e7\u00e3o automatica de reagentes;<\/li>\n\n\n\n<li>Sistemas de doseamento automatico de reagentes;<\/li>\n\n\n\n<li>Controlo de caudal;<\/li>\n\n\n\n<li>Sistemas de flota\u00e7\u00e3o por ar dissolvido;<br><\/li>\n<\/ul>\n<\/li>\n\n\n\n<li><strong>Tratamento biol\u00f3gico<\/strong>\n<ul class=\"wp-block-list\">\n<li>Redes de arejamento fixas ou amoviveis;<\/li>\n\n\n\n<li>Sobrepressores de \u00eambolos rotativos (blowers);<\/li>\n\n\n\n<li>Turbinas de arejamento r\u00e1pidas &amp; lentas;<\/li>\n\n\n\n<li>Instrumenta\u00e7\u00e3o anal\u00edtica &amp; processual;<\/li>\n\n\n\n<li>Sistemas de aclimatiza\u00e7\u00e3o de bact\u00e9rias especificas;<\/li>\n\n\n\n<li>Automa\u00e7\u00e3o de processos;<br><\/li>\n<\/ul>\n<\/li>\n\n\n\n<li><strong>Tratamento de lamas<\/strong>\n<ul class=\"wp-block-list\">\n<li>Espessamento de lamas;\n<ul class=\"wp-block-list\">\n<li>Flota\u00e7\u00e3o por ar dissolvido;<\/li>\n\n\n\n<li>Espessador de discos ovais;<\/li>\n<\/ul>\n<\/li>\n\n\n\n<li>Desidrata\u00e7\u00e3o de lamas;\n<ul class=\"wp-block-list\">\n<li>Prensa parafuso multi-discos (KMDS);<\/li>\n<\/ul>\n<\/li>\n\n\n\n<li>Hidrolise t\u00e9rmica;<\/li>\n\n\n\n<li>Secagem t\u00e9rmica de lamas;<\/li>\n\n\n\n<li>Compostagem de lamas;<\/li>\n<\/ul>\n<\/li>\n<\/ul>\n\n\n\n<p><strong>Vantagens:<\/strong><\/p>\n\n\n\n<ul class=\"wp-block-list\">\n<li>Prote\u00e7\u00e3o Ambiental<\/li>\n\n\n\n<li>Conformidade Legal<\/li>\n\n\n\n<li>Reutiliza\u00e7\u00e3o da \u00c1gua<\/li>\n\n\n\n<li>Recupera\u00e7\u00e3o de Recursos<\/li>\n\n\n\n<li>Redu\u00e7\u00e3o de Custos<\/li>\n<\/ul>\n\n\n\n<div style=\"height:63px\" aria-hidden=\"true\" class=\"wp-block-spacer\"><\/div>\n\n\n\n<div style=\"height:34px\" aria-hidden=\"true\" class=\"wp-block-spacer\"><\/div>\n\n\n\n<p>Gostaria de saber mais?<\/p>\n\n\n\n<div class=\"wp-block-buttons is-layout-flex wp-block-buttons-is-layout-flex\">\n<div class=\"wp-block-button is-style-outline is-style-outline--1\"><a class=\"wp-block-button__link wp-element-button\" href=\"https:\/\/klinger.pt\/contactos\/\">Fale connosco!<\/a><\/div>\n<\/div>\n<\/div>\n<\/div>\n<\/div><\/div>\n\n\n\n<div style=\"height:131px\" aria-hidden=\"true\" class=\"wp-block-spacer\"><\/div>\n\n\n\n<figure class=\"wp-block-gallery has-nested-images columns-default is-cropped wp-block-gallery-2 is-layout-flex wp-block-gallery-is-layout-flex\">\n<figure class=\"wp-block-image size-full\"><img loading=\"lazy\" decoding=\"async\" width=\"593\" height=\"402\" data-id=\"46162\" src=\"https:\/\/klinger.pt\/wp-content\/uploads\/2024\/08\/imagem-5.jpg\" alt=\"\" class=\"wp-image-46162\" srcset=\"https:\/\/klinger.pt\/wp-content\/uploads\/2024\/08\/imagem-5.jpg 593w, https:\/\/klinger.pt\/wp-content\/uploads\/2024\/08\/imagem-5-300x203.jpg 300w\" sizes=\"(max-width: 593px) 100vw, 593px\" \/><\/figure>\n\n\n\n<figure class=\"wp-block-image size-full\"><img loading=\"lazy\" decoding=\"async\" width=\"234\" height=\"183\" data-id=\"46165\" src=\"https:\/\/klinger.pt\/wp-content\/uploads\/2024\/08\/imagem-6.png\" alt=\"\" class=\"wp-image-46165\"\/><\/figure>\n\n\n\n<figure class=\"wp-block-image size-full\"><img loading=\"lazy\" decoding=\"async\" width=\"312\" height=\"248\" data-id=\"46168\" src=\"https:\/\/klinger.pt\/wp-content\/uploads\/2024\/08\/imagem-7.png\" alt=\"\" class=\"wp-image-46168\" srcset=\"https:\/\/klinger.pt\/wp-content\/uploads\/2024\/08\/imagem-7.png 312w, https:\/\/klinger.pt\/wp-content\/uploads\/2024\/08\/imagem-7-300x238.png 300w\" sizes=\"(max-width: 312px) 100vw, 312px\" \/><\/figure>\n<\/figure>\n","protected":false},"excerpt":{"rendered":"<p>Tratamento de \u00c1guas da KLINGER Portugal Buscamos entender as necessidades dos nossos clientes dentro do mercado de \u00e1guas residuais para apresentar as melhores solu\u00e7\u00f5es. Tratamento de \u00c1guas Residuais Urbanas Praticamente a totalidade daquilo que aflui a uma Esta\u00e7\u00e3o de Tratamento de \u00c1guas Residuais \u00e9 valoriz\u00e1vel: A valoriza\u00e7\u00e3o das lamas de depura\u00e7\u00e3o ser\u00e1 obrigat\u00f3ria se queremos [&hellip;]<\/p>\n","protected":false},"author":1,"featured_media":0,"parent":45924,"menu_order":1,"comment_status":"closed","ping_status":"closed","template":"page-templates\/servicios.php","meta":{"_eb_attr":"","footnotes":""},"class_list":["post-46145","page","type-page","status-publish","hentry"],"aioseo_notices":[],"_links":{"self":[{"href":"https:\/\/klinger.pt\/en\/wp-json\/wp\/v2\/pages\/46145","targetHints":{"allow":["GET"]}}],"collection":[{"href":"https:\/\/klinger.pt\/en\/wp-json\/wp\/v2\/pages"}],"about":[{"href":"https:\/\/klinger.pt\/en\/wp-json\/wp\/v2\/types\/page"}],"author":[{"embeddable":true,"href":"https:\/\/klinger.pt\/en\/wp-json\/wp\/v2\/users\/1"}],"replies":[{"embeddable":true,"href":"https:\/\/klinger.pt\/en\/wp-json\/wp\/v2\/comments?post=46145"}],"version-history":[{"count":11,"href":"https:\/\/klinger.pt\/en\/wp-json\/wp\/v2\/pages\/46145\/revisions"}],"predecessor-version":[{"id":48156,"href":"https:\/\/klinger.pt\/en\/wp-json\/wp\/v2\/pages\/46145\/revisions\/48156"}],"up":[{"embeddable":true,"href":"https:\/\/klinger.pt\/en\/wp-json\/wp\/v2\/pages\/45924"}],"wp:attachment":[{"href":"https:\/\/klinger.pt\/en\/wp-json\/wp\/v2\/media?parent=46145"}],"curies":[{"name":"wp","href":"https:\/\/api.w.org\/{rel}","templated":true}]}}