{"id":46018,"date":"2024-05-29T10:31:12","date_gmt":"2024-05-29T09:31:12","guid":{"rendered":"https:\/\/m5j0n6nk9p.onrocket.site\/?page_id=46018"},"modified":"2024-11-19T14:51:41","modified_gmt":"2024-11-19T14:51:41","slug":"sistema-de-tratamentopara-reutilizacao","status":"publish","type":"page","link":"https:\/\/klinger.pt\/en\/klinger-water-solutions\/engenharia\/sistema-de-tratamentopara-reutilizacao\/","title":{"rendered":"SISTEMA DE TRATAMENTO PARA REUTILIZA\u00c7\u00c3O"},"content":{"rendered":"\n<figure class=\"wp-block-image size-full is-resized\"><img fetchpriority=\"high\" decoding=\"async\" width=\"550\" height=\"111\" src=\"https:\/\/klinger.pt\/wp-content\/uploads\/2023\/09\/image-1.png\" alt=\"\" class=\"wp-image-45316\" style=\"width:301px;height:auto\" srcset=\"https:\/\/klinger.pt\/wp-content\/uploads\/2023\/09\/image-1.png 550w, https:\/\/klinger.pt\/wp-content\/uploads\/2023\/09\/image-1-300x61.png 300w\" sizes=\"(max-width: 550px) 100vw, 550px\" \/><\/figure>\n\n\n\n<p class=\"has-text-color\" style=\"color:#003a68;font-size:15px\">Tratamento de \u00c1guas da KLINGER Portugal<\/p>\n\n\n\n<p>Buscamos entender as necessidades dos nossos clientes dentro do mercado de \u00e1guas residuais para apresentar as melhores solu\u00e7\u00f5es.<\/p>\n\n\n\n<div style=\"height:30px\" aria-hidden=\"true\" class=\"wp-block-spacer\"><\/div>\n\n\n\n<div class=\"wp-block-group\"><div class=\"wp-block-group__inner-container is-layout-constrained wp-block-group-is-layout-constrained\">\n<div class=\"wp-block-columns is-layout-flex wp-container-core-columns-is-layout-9d6595d7 wp-block-columns-is-layout-flex\">\n<div class=\"wp-block-column is-layout-flow wp-block-column-is-layout-flow\" style=\"flex-basis:300px\">\n<figure class=\"wp-block-image size-full\"><img decoding=\"async\" width=\"720\" height=\"450\" src=\"https:\/\/klinger.pt\/wp-content\/uploads\/2024\/09\/reutilizacao-agua.jpg\" alt=\"\" class=\"wp-image-46244\" srcset=\"https:\/\/klinger.pt\/wp-content\/uploads\/2024\/09\/reutilizacao-agua.jpg 720w, https:\/\/klinger.pt\/wp-content\/uploads\/2024\/09\/reutilizacao-agua-300x188.jpg 300w\" sizes=\"(max-width: 720px) 100vw, 720px\" \/><\/figure>\n\n\n\n<div style=\"height:490px\" aria-hidden=\"true\" class=\"wp-block-spacer\"><\/div>\n\n\n\n<figure class=\"wp-block-image size-full\"><img decoding=\"async\" width=\"1536\" height=\"1024\" src=\"https:\/\/klinger.pt\/wp-content\/uploads\/2024\/09\/osmose-filtros.jpg\" alt=\"filtro osmose\" class=\"wp-image-46241\" srcset=\"https:\/\/klinger.pt\/wp-content\/uploads\/2024\/09\/osmose-filtros.jpg 1536w, https:\/\/klinger.pt\/wp-content\/uploads\/2024\/09\/osmose-filtros-300x200.jpg 300w, https:\/\/klinger.pt\/wp-content\/uploads\/2024\/09\/osmose-filtros-1024x683.jpg 1024w, https:\/\/klinger.pt\/wp-content\/uploads\/2024\/09\/osmose-filtros-768x512.jpg 768w, https:\/\/klinger.pt\/wp-content\/uploads\/2024\/09\/osmose-filtros-1400x933.jpg 1400w\" sizes=\"(max-width: 1536px) 100vw, 1536px\" \/><\/figure>\n\n\n\n<div style=\"height:471px\" aria-hidden=\"true\" class=\"wp-block-spacer\"><\/div>\n<\/div>\n\n\n\n<div class=\"wp-block-column is-layout-flow wp-block-column-is-layout-flow\" style=\"flex-basis:700px\">\n<h1 class=\"wp-block-heading\"><strong><strong>SISTEMA DE TRATAMENTO PARA REUTILIZA\u00c7\u00c3O<\/strong><\/strong><\/h1>\n\n\n\n<p>Os sistemas de tratamento terci\u00e1rio de efluentes s\u00e3o essenciais para melhorar ainda mais a qualidade da \u00e1gua tratada, permitindo diversas possibilidades de reuso.<\/p>\n\n\n\n<p>O tratamento terci\u00e1rio \u00e9 projetado para remover contaminantes espec\u00edficos que n\u00e3o s\u00e3o adequadamente eliminados nas etapas prim\u00e1ria e secund\u00e1ria, como nutrientes, alguns compostos org\u00e2nicos e inorg\u00e2nicos e microrganismos patog\u00eanicos.<\/p>\n\n\n\n<p><strong>Benef\u00edcios do Reuso de \u00c1gua<\/strong><\/p>\n\n\n\n<ul class=\"wp-block-list\">\n<li><strong>Sustentabilidade Ambiental:<\/strong> reduz a extra\u00e7\u00e3o de \u00e1gua de fontes naturais, diminui o volume de efluentes descartados e a contamina\u00e7\u00e3o ambiental.<\/li>\n\n\n\n<li><strong>Economia de \u00c1gua:<\/strong> Essencial em regi\u00f5es \u00e1ridas ou com escassez de \u00e1gua.<\/li>\n\n\n\n<li><strong>Efici\u00eancia de Custo:<\/strong> reduz a necessidade de encontrar novas fontes de \u00e1gua e construir infraestrutura relacionada.<\/li>\n<\/ul>\n\n\n\n<p>Os avan\u00e7os tecnol\u00f3gicos nos sistemas de tratamento terci\u00e1rio est\u00e3o tornando o reuso de \u00e1gua uma op\u00e7\u00e3o cada vez mais vi\u00e1vel e atraente, promovendo uma gest\u00e3o de recursos h\u00eddricos mais eficiente e respons\u00e1vel.<\/p>\n\n\n\n<p><strong>Principais Componentes do Tratamento Terci\u00e1rio<\/strong><\/p>\n\n\n\n<ul class=\"wp-block-list\">\n<li><strong>Filtra\u00e7\u00e3o<\/strong><ul><li><strong>Filtros de areia<\/strong>: usados para remover part\u00edculas finas ainda presentes no efluente. <\/li><\/ul>\n<ul class=\"wp-block-list\">\n<li><strong>Filtros de carv\u00e3o ativado:<\/strong> eficientes na remo\u00e7\u00e3o de compostos org\u00e2nicos vol\u00e1teis, odores, sabores e micro-poluentes.<\/li>\n\n\n\n<li><strong>Filtros de membrana:<\/strong> incluem microfiltra\u00e7\u00e3o, ultrafiltra\u00e7\u00e3o, nanofiltra\u00e7\u00e3o e Osmose Inversa. Estes filtros s\u00e3o capazes de reter bact\u00e9rias, v\u00edrus e diversos solutos<br><\/li>\n<\/ul>\n<\/li>\n\n\n\n<li><strong>Oxida\u00e7\u00e3o\/Desinfe\u00e7\u00e3o<\/strong><ul><li><strong>Cloragem:<\/strong> Adi\u00e7\u00e3o de cloro para inibi\u00e7\u00e3o de bact\u00e9rias e v\u00edrus restantes.<\/li><\/ul><ul><li><strong>Ozoniza\u00e7\u00e3o:<\/strong> O oz\u00f4nio \u00e9 um oxidante forte que pode destruir microrganismos e decompor contaminantes org\u00e2nicos.<\/li><\/ul>\n<ul class=\"wp-block-list\">\n<li><strong>Ultravioleta (UV):<\/strong> Luz UV \u00e9 utilizada para inativar microrganismos sem adicionar produtos qu\u00edmicos \u00e0 \u00e1gua.<\/li>\n<\/ul>\n<\/li>\n<\/ul>\n\n\n\n<p><strong>Vantagens:<\/strong><\/p>\n\n\n\n<ul class=\"wp-block-list\">\n<li>Melhoria da qualidade da \u00c1gua<\/li>\n\n\n\n<li>Remo\u00e7\u00e3o de poluentes espec\u00edficos<\/li>\n\n\n\n<li>Versatilidade<\/li>\n\n\n\n<li>Redu\u00e7\u00e3o de impactos ambientais<\/li>\n<\/ul>\n\n\n\n<div style=\"height:34px\" aria-hidden=\"true\" class=\"wp-block-spacer\"><\/div>\n\n\n\n<details class=\"wp-block-details is-layout-flow wp-block-details-is-layout-flow\"><summary>\u21dd ???????????????????????????????????????? ????\u0301???????????????? ???????? ????????????????????????????\u0327????\u0303????<\/summary>\n<p>Agricultura<\/p>\n\n\n\n<p>Recarga de Aquiferos<\/p>\n\n\n\n<p>Uso industrial<\/p>\n\n\n\n<p>Uso domestico<\/p>\n\n\n\n<p><\/p>\n<\/details>\n\n\n\n<div style=\"height:34px\" aria-hidden=\"true\" class=\"wp-block-spacer\"><\/div>\n\n\n\n<div style=\"height:63px\" aria-hidden=\"true\" class=\"wp-block-spacer\"><\/div>\n\n\n\n<p>Gostaria de saber mais?<\/p>\n\n\n\n<div class=\"wp-block-buttons is-layout-flex wp-block-buttons-is-layout-flex\">\n<div class=\"wp-block-button is-style-outline is-style-outline--1\"><a class=\"wp-block-button__link wp-element-button\" href=\"https:\/\/klinger.pt\/contactos\/\">Fale connosco!<\/a><\/div>\n<\/div>\n<\/div>\n<\/div>\n<\/div><\/div>\n\n\n\n<div style=\"height:131px\" aria-hidden=\"true\" class=\"wp-block-spacer\"><\/div>\n\n\n\n<figure class=\"wp-block-gallery has-nested-images columns-default is-cropped wp-block-gallery-2 is-layout-flex wp-block-gallery-is-layout-flex\">\n<figure class=\"wp-block-image size-full\"><img loading=\"lazy\" decoding=\"async\" width=\"1014\" height=\"498\" data-id=\"46247\" src=\"https:\/\/klinger.pt\/wp-content\/uploads\/2024\/09\/carvaoativado.jpg\" alt=\"\" class=\"wp-image-46247\" srcset=\"https:\/\/klinger.pt\/wp-content\/uploads\/2024\/09\/carvaoativado.jpg 1014w, https:\/\/klinger.pt\/wp-content\/uploads\/2024\/09\/carvaoativado-300x147.jpg 300w, https:\/\/klinger.pt\/wp-content\/uploads\/2024\/09\/carvaoativado-768x377.jpg 768w\" sizes=\"(max-width: 1014px) 100vw, 1014px\" \/><\/figure>\n\n\n\n<figure class=\"wp-block-image size-large\"><img loading=\"lazy\" decoding=\"async\" width=\"250\" height=\"250\" data-id=\"46421\" src=\"https:\/\/klinger.pt\/wp-content\/uploads\/2024\/11\/Transparente.png\" alt=\"\" class=\"wp-image-46421\" srcset=\"https:\/\/klinger.pt\/wp-content\/uploads\/2024\/11\/Transparente.png 250w, https:\/\/klinger.pt\/wp-content\/uploads\/2024\/11\/Transparente-150x150.png 150w\" sizes=\"(max-width: 250px) 100vw, 250px\" \/><\/figure>\n\n\n\n<figure class=\"wp-block-image size-full\"><img loading=\"lazy\" decoding=\"async\" width=\"590\" height=\"638\" data-id=\"46250\" src=\"https:\/\/klinger.pt\/wp-content\/uploads\/2024\/09\/Screenshot_1.jpg\" alt=\"\" class=\"wp-image-46250\" srcset=\"https:\/\/klinger.pt\/wp-content\/uploads\/2024\/09\/Screenshot_1.jpg 590w, https:\/\/klinger.pt\/wp-content\/uploads\/2024\/09\/Screenshot_1-277x300.jpg 277w\" sizes=\"(max-width: 590px) 100vw, 590px\" \/><\/figure>\n<\/figure>\n","protected":false},"excerpt":{"rendered":"<p>Tratamento de \u00c1guas da KLINGER Portugal Buscamos entender as necessidades dos nossos clientes dentro do mercado de \u00e1guas residuais para apresentar as melhores solu\u00e7\u00f5es. SISTEMA DE TRATAMENTO PARA REUTILIZA\u00c7\u00c3O Os sistemas de tratamento terci\u00e1rio de efluentes s\u00e3o essenciais para melhorar ainda mais a qualidade da \u00e1gua tratada, permitindo diversas possibilidades de reuso. O tratamento terci\u00e1rio [&hellip;]<\/p>\n","protected":false},"author":1,"featured_media":0,"parent":45924,"menu_order":1,"comment_status":"closed","ping_status":"closed","template":"page-templates\/servicios.php","meta":{"_eb_attr":"","footnotes":""},"class_list":["post-46018","page","type-page","status-publish","hentry"],"aioseo_notices":[],"_links":{"self":[{"href":"https:\/\/klinger.pt\/en\/wp-json\/wp\/v2\/pages\/46018","targetHints":{"allow":["GET"]}}],"collection":[{"href":"https:\/\/klinger.pt\/en\/wp-json\/wp\/v2\/pages"}],"about":[{"href":"https:\/\/klinger.pt\/en\/wp-json\/wp\/v2\/types\/page"}],"author":[{"embeddable":true,"href":"https:\/\/klinger.pt\/en\/wp-json\/wp\/v2\/users\/1"}],"replies":[{"embeddable":true,"href":"https:\/\/klinger.pt\/en\/wp-json\/wp\/v2\/comments?post=46018"}],"version-history":[{"count":17,"href":"https:\/\/klinger.pt\/en\/wp-json\/wp\/v2\/pages\/46018\/revisions"}],"predecessor-version":[{"id":46423,"href":"https:\/\/klinger.pt\/en\/wp-json\/wp\/v2\/pages\/46018\/revisions\/46423"}],"up":[{"embeddable":true,"href":"https:\/\/klinger.pt\/en\/wp-json\/wp\/v2\/pages\/45924"}],"wp:attachment":[{"href":"https:\/\/klinger.pt\/en\/wp-json\/wp\/v2\/media?parent=46018"}],"curies":[{"name":"wp","href":"https:\/\/api.w.org\/{rel}","templated":true}]}}