{"id":46010,"date":"2024-05-29T10:10:19","date_gmt":"2024-05-29T09:10:19","guid":{"rendered":"https:\/\/m5j0n6nk9p.onrocket.site\/?page_id=46010"},"modified":"2025-01-23T14:05:38","modified_gmt":"2025-01-23T14:05:38","slug":"etari","status":"publish","type":"page","link":"https:\/\/klinger.pt\/en\/klinger-water-solutions\/engenharia\/etari\/","title":{"rendered":"ETARI &#8211; Tratamento de \u00c1guas Residuais Industriais"},"content":{"rendered":"\n<figure class=\"wp-block-image size-full is-resized\"><img fetchpriority=\"high\" decoding=\"async\" width=\"550\" height=\"111\" src=\"https:\/\/klinger.pt\/wp-content\/uploads\/2023\/09\/image-1.png\" alt=\"\" class=\"wp-image-45316\" style=\"width:301px;height:auto\" srcset=\"https:\/\/klinger.pt\/wp-content\/uploads\/2023\/09\/image-1.png 550w, https:\/\/klinger.pt\/wp-content\/uploads\/2023\/09\/image-1-300x61.png 300w\" sizes=\"(max-width: 550px) 100vw, 550px\" \/><\/figure>\n\n\n\n<p class=\"has-text-color\" style=\"color:#003a68;font-size:15px\">Tratamento de \u00c1guas da KLINGER Portugal<\/p>\n\n\n\n<p>Buscamos entender as necessidades dos nossos clientes dentro do mercado de \u00e1guas residuais para apresentar as melhores solu\u00e7\u00f5es.<\/p>\n\n\n\n<div style=\"height:30px\" aria-hidden=\"true\" class=\"wp-block-spacer\"><\/div>\n\n\n\n<div class=\"wp-block-group\"><div class=\"wp-block-group__inner-container is-layout-constrained wp-block-group-is-layout-constrained\">\n<div class=\"wp-block-columns is-layout-flex wp-container-core-columns-is-layout-9d6595d7 wp-block-columns-is-layout-flex\">\n<div class=\"wp-block-column is-layout-flow wp-block-column-is-layout-flow\" style=\"flex-basis:300px\">\n<figure class=\"wp-block-image size-full\"><img decoding=\"async\" width=\"250\" height=\"250\" src=\"https:\/\/klinger.pt\/wp-content\/uploads\/2024\/11\/ETARI-5.png\" alt=\"\" class=\"wp-image-46447\" srcset=\"https:\/\/klinger.pt\/wp-content\/uploads\/2024\/11\/ETARI-5.png 250w, https:\/\/klinger.pt\/wp-content\/uploads\/2024\/11\/ETARI-5-150x150.png 150w\" sizes=\"(max-width: 250px) 100vw, 250px\" \/><\/figure>\n\n\n\n<div style=\"height:471px\" aria-hidden=\"true\" class=\"wp-block-spacer\"><\/div>\n\n\n\n<figure class=\"wp-block-image size-full\"><img decoding=\"async\" width=\"250\" height=\"250\" src=\"https:\/\/klinger.pt\/wp-content\/uploads\/2024\/11\/ETARI-4.png\" alt=\"\" class=\"wp-image-46444\" srcset=\"https:\/\/klinger.pt\/wp-content\/uploads\/2024\/11\/ETARI-4.png 250w, https:\/\/klinger.pt\/wp-content\/uploads\/2024\/11\/ETARI-4-150x150.png 150w\" sizes=\"(max-width: 250px) 100vw, 250px\" \/><\/figure>\n\n\n\n<div style=\"height:471px\" aria-hidden=\"true\" class=\"wp-block-spacer\"><\/div>\n<\/div>\n\n\n\n<div class=\"wp-block-column is-layout-flow wp-block-column-is-layout-flow\" style=\"flex-basis:700px\">\n<h1 class=\"wp-block-heading\"><strong>Tratamento de \u00c1guas Residuais Industriais<\/strong><\/h1>\n\n\n\n<p>O tratamento de \u00e1guas residuais industriais n\u00e3o se limita apenas \u00e0 remo\u00e7\u00e3o de poluentes, mas tamb\u00e9m pode ser uma fonte de recupera\u00e7\u00e3o de valiosos recursos.<\/p>\n\n\n\n<p>Ao implementar sistemas de ETARI, as empresas demonstram o seu compromisso com a sustentabilidade e a responsabilidade ambiental, o que pode ser um diferencial competitivo no mercado atual.<\/p>\n\n\n\n<p>A ado\u00e7\u00e3o de pr\u00e1ticas de tratamento de \u00e1guas residuais industriais contribui para a constru\u00e7\u00e3o de uma imagem positiva perante os consumidores e a sociedade em geral, uma vez que evidencia a preocupa\u00e7\u00e3o da empresa em minimizar seu impacto ambiental e em contribuir para a preserva\u00e7\u00e3o dos recursos naturais.<\/p>\n\n\n\n<p>Essa medida n\u00e3o apenas contribui para a preserva\u00e7\u00e3o do meio ambiente, mas tamb\u00e9m traz benef\u00edcios econ\u00f3micos e reputacionais para as empresas, fortalecendo sua posi\u00e7\u00e3o no mercado e garantindo sua sustentabilidade a longo prazo.<\/p>\n\n\n\n<p>Etapas da ETAR Industrial<\/p>\n\n\n\n<p>A fim de serem tratadas corretamente, as \u00e1guas provenientes da ind\u00fastria passam por diversas fases.<\/p>\n\n\n\n<ul class=\"wp-block-list\">\n<li><strong>Tratamento Preliminar<\/strong><\/li>\n<\/ul>\n\n\n\n<p>Esta \u00e9 a primeira fase do tratamento de \u00e1guas residuais em que os detritos de maiores dimens\u00f5es, s\u00e3o removidos das \u00e1guas residuais. S\u00e3o frequentemente utilizados tamisadores e grades mec\u00e2nicas.<\/p>\n\n\n\n<ul class=\"wp-block-list\">\n<li><strong>Homogeneiza\u00e7\u00e3o<\/strong><\/li>\n<\/ul>\n\n\n\n<p>Neste est\u00e1gio, \u00e9 vi\u00e1vel implementar m\u00e9todos para amortiza\u00e7\u00e3o de cargas poluentes e regular o pH. Assim, \u00e9 poss\u00edvel condicionar o efluente para tratamento nas etapas seguintes.<\/p>\n\n\n\n<ul class=\"wp-block-list\">\n<li><strong>Tratamento f\u00edsico-qu\u00edmico<\/strong><\/li>\n<\/ul>\n\n\n\n<p>Durante este est\u00e1gio, parte consider\u00e1vel da carga poluente \u00e9 removida por meio do uso de coagulantes e floculantes. As gorduras e os elementos s\u00f3lidos em suspens\u00e3o tamb\u00e9m podem ser separados atrav\u00e9s de m\u00e9todos como flota\u00e7\u00e3o ou sedimenta\u00e7\u00e3o.<\/p>\n\n\n\n<ul class=\"wp-block-list\">\n<li><strong>Tratamento biol\u00f3gico<\/strong><\/li>\n<\/ul>\n\n\n\n<p>Conforme a origem e caracter\u00edsticas da \u00e1gua a ser depurada, s\u00e3o selecionados distintos m\u00e9todos de tratamento. A utiliza\u00e7\u00e3o de subst\u00e2ncias antiespumantes e nutrientes pode contribuir para melhorar a decomposi\u00e7\u00e3o da mat\u00e9ria org\u00e2nica presente.<\/p>\n\n\n\n<ul class=\"wp-block-list\">\n<li><strong>Tratamento de lamas<\/strong><\/li>\n<\/ul>\n\n\n\n<p>Ao longo do processo podem ser gerados diversos volumes de lamas, e deste modo dever\u00e1 ser implementado um mecanismo para aumentar a concentra\u00e7\u00e3o de s\u00f3lidos e retirar a humidade das lamas. Para essa etapa derradeira do procedimento, s\u00e3o utilizados sistemas de desidrata\u00e7\u00e3o mec\u00e2nicos, como filtros, centrifugas, espessadores, etc.<\/p>\n\n\n\n<div style=\"height:34px\" aria-hidden=\"true\" class=\"wp-block-spacer\"><\/div>\n\n\n\n<p><strong>Vantagens:<\/strong><\/p>\n\n\n\n<ul class=\"wp-block-list\">\n<li>Prote\u00e7\u00e3o Ambiental<\/li>\n\n\n\n<li>Conformidade legal<\/li>\n\n\n\n<li>Reutiliza\u00e7\u00e3o da \u00c1gua<\/li>\n\n\n\n<li>Recupera\u00e7\u00e3o de recursos<\/li>\n\n\n\n<li>Redu\u00e7\u00e3o de custos<\/li>\n<\/ul>\n\n\n\n<div style=\"height:63px\" aria-hidden=\"true\" class=\"wp-block-spacer\"><\/div>\n\n\n\n<div style=\"height:34px\" aria-hidden=\"true\" class=\"wp-block-spacer\"><\/div>\n\n\n\n<p>Gostaria de saber mais?<\/p>\n\n\n\n<div class=\"wp-block-buttons is-layout-flex wp-block-buttons-is-layout-flex\">\n<div class=\"wp-block-button is-style-outline is-style-outline--1\"><a class=\"wp-block-button__link wp-element-button\" href=\"https:\/\/klinger.pt\/contactos\/\">Fale connosco!<\/a><\/div>\n<\/div>\n<\/div>\n<\/div>\n<\/div><\/div>\n\n\n\n<div style=\"height:131px\" aria-hidden=\"true\" class=\"wp-block-spacer\"><\/div>\n\n\n\n<figure class=\"wp-block-gallery has-nested-images columns-default is-cropped wp-block-gallery-2 is-layout-flex wp-block-gallery-is-layout-flex\">\n<figure class=\"wp-block-image size-full\"><img loading=\"lazy\" decoding=\"async\" width=\"250\" height=\"250\" data-id=\"46441\" src=\"https:\/\/klinger.pt\/wp-content\/uploads\/2024\/11\/ETARI-3.png\" alt=\"\" class=\"wp-image-46441\" srcset=\"https:\/\/klinger.pt\/wp-content\/uploads\/2024\/11\/ETARI-3.png 250w, https:\/\/klinger.pt\/wp-content\/uploads\/2024\/11\/ETARI-3-150x150.png 150w\" sizes=\"(max-width: 250px) 100vw, 250px\" \/><\/figure>\n\n\n\n<figure class=\"wp-block-image size-full\"><img loading=\"lazy\" decoding=\"async\" width=\"250\" height=\"250\" data-id=\"46436\" src=\"https:\/\/klinger.pt\/wp-content\/uploads\/2024\/11\/ETARI-1.png\" alt=\"\" class=\"wp-image-46436\" srcset=\"https:\/\/klinger.pt\/wp-content\/uploads\/2024\/11\/ETARI-1.png 250w, https:\/\/klinger.pt\/wp-content\/uploads\/2024\/11\/ETARI-1-150x150.png 150w\" sizes=\"(max-width: 250px) 100vw, 250px\" \/><\/figure>\n\n\n\n<figure class=\"wp-block-image size-full\"><img loading=\"lazy\" decoding=\"async\" width=\"250\" height=\"250\" data-id=\"46434\" src=\"https:\/\/klinger.pt\/wp-content\/uploads\/2024\/11\/ETARI-2.png\" alt=\"\" class=\"wp-image-46434\" srcset=\"https:\/\/klinger.pt\/wp-content\/uploads\/2024\/11\/ETARI-2.png 250w, https:\/\/klinger.pt\/wp-content\/uploads\/2024\/11\/ETARI-2-150x150.png 150w\" sizes=\"(max-width: 250px) 100vw, 250px\" \/><\/figure>\n<\/figure>\n\n\n\n<p><\/p>\n","protected":false},"excerpt":{"rendered":"<p>Tratamento de \u00c1guas da KLINGER Portugal Buscamos entender as necessidades dos nossos clientes dentro do mercado de \u00e1guas residuais para apresentar as melhores solu\u00e7\u00f5es. Tratamento de \u00c1guas Residuais Industriais O tratamento de \u00e1guas residuais industriais n\u00e3o se limita apenas \u00e0 remo\u00e7\u00e3o de poluentes, mas tamb\u00e9m pode ser uma fonte de recupera\u00e7\u00e3o de valiosos recursos. Ao [&hellip;]<\/p>\n","protected":false},"author":1,"featured_media":0,"parent":45924,"menu_order":1,"comment_status":"closed","ping_status":"closed","template":"page-templates\/servicios.php","meta":{"_eb_attr":"","footnotes":""},"class_list":["post-46010","page","type-page","status-publish","hentry"],"aioseo_notices":[],"_links":{"self":[{"href":"https:\/\/klinger.pt\/en\/wp-json\/wp\/v2\/pages\/46010","targetHints":{"allow":["GET"]}}],"collection":[{"href":"https:\/\/klinger.pt\/en\/wp-json\/wp\/v2\/pages"}],"about":[{"href":"https:\/\/klinger.pt\/en\/wp-json\/wp\/v2\/types\/page"}],"author":[{"embeddable":true,"href":"https:\/\/klinger.pt\/en\/wp-json\/wp\/v2\/users\/1"}],"replies":[{"embeddable":true,"href":"https:\/\/klinger.pt\/en\/wp-json\/wp\/v2\/comments?post=46010"}],"version-history":[{"count":8,"href":"https:\/\/klinger.pt\/en\/wp-json\/wp\/v2\/pages\/46010\/revisions"}],"predecessor-version":[{"id":46616,"href":"https:\/\/klinger.pt\/en\/wp-json\/wp\/v2\/pages\/46010\/revisions\/46616"}],"up":[{"embeddable":true,"href":"https:\/\/klinger.pt\/en\/wp-json\/wp\/v2\/pages\/45924"}],"wp:attachment":[{"href":"https:\/\/klinger.pt\/en\/wp-json\/wp\/v2\/media?parent=46010"}],"curies":[{"name":"wp","href":"https:\/\/api.w.org\/{rel}","templated":true}]}}