{"id":45999,"date":"2024-05-29T09:45:56","date_gmt":"2024-05-29T08:45:56","guid":{"rendered":"https:\/\/m5j0n6nk9p.onrocket.site\/?page_id=45999"},"modified":"2024-11-19T14:52:25","modified_gmt":"2024-11-19T14:52:25","slug":"sistemas-compactos-de-compostagem-de-lamas","status":"publish","type":"page","link":"https:\/\/klinger.pt\/en\/klinger-water-solutions\/tratamento-lamas\/sistemas-compactos-de-compostagem-de-lamas\/","title":{"rendered":"Sistemas compactos de compostagem de lamas"},"content":{"rendered":"\n<figure class=\"wp-block-image size-full is-resized\"><img fetchpriority=\"high\" decoding=\"async\" width=\"550\" height=\"111\" src=\"https:\/\/klinger.pt\/wp-content\/uploads\/2023\/09\/image-1.png\" alt=\"\" class=\"wp-image-45316\" style=\"width:301px;height:auto\" srcset=\"https:\/\/klinger.pt\/wp-content\/uploads\/2023\/09\/image-1.png 550w, https:\/\/klinger.pt\/wp-content\/uploads\/2023\/09\/image-1-300x61.png 300w\" sizes=\"(max-width: 550px) 100vw, 550px\" \/><\/figure>\n\n\n\n<p class=\"has-text-color\" style=\"color:#003a68;font-size:15px\">Tratamento de \u00c1guas da KLINGER Portugal<\/p>\n\n\n\n<p>Buscamos entender as necessidades dos nossos clientes dentro do mercado de \u00e1guas residuais para apresentar as melhores solu\u00e7\u00f5es.<\/p>\n\n\n\n<div style=\"height:30px\" aria-hidden=\"true\" class=\"wp-block-spacer\"><\/div>\n\n\n\n<div class=\"wp-block-group\"><div class=\"wp-block-group__inner-container is-layout-constrained wp-block-group-is-layout-constrained\">\n<div class=\"wp-block-columns is-layout-flex wp-container-core-columns-is-layout-9d6595d7 wp-block-columns-is-layout-flex\">\n<div class=\"wp-block-column is-layout-flow wp-block-column-is-layout-flow\" style=\"flex-basis:300px\">\n<figure class=\"wp-block-image size-full\"><img decoding=\"async\" width=\"427\" height=\"509\" src=\"https:\/\/klinger.pt\/wp-content\/uploads\/2023\/08\/Sistemas-compactos-de-compostagem-de-lamas-29.08.23.webp\" alt=\"\" class=\"wp-image-45138\" srcset=\"https:\/\/klinger.pt\/wp-content\/uploads\/2023\/08\/Sistemas-compactos-de-compostagem-de-lamas-29.08.23.webp 427w, https:\/\/klinger.pt\/wp-content\/uploads\/2023\/08\/Sistemas-compactos-de-compostagem-de-lamas-29.08.23-252x300.webp 252w\" sizes=\"(max-width: 427px) 100vw, 427px\" \/><\/figure>\n\n\n\n<div style=\"height:214px\" aria-hidden=\"true\" class=\"wp-block-spacer\"><\/div>\n<\/div>\n\n\n\n<div class=\"wp-block-column is-layout-flow wp-block-column-is-layout-flow\" style=\"flex-basis:700px\">\n<h1 class=\"wp-block-heading\">Sistemas compactos de compostagem de lamas<\/h1>\n\n\n\n<p>Os sistemas compactos de compostagem de lamas s\u00e3o tecnologias projetadas para transformar lamas residuais em composto org\u00e2nico de alta qualidade. Esses sistemas s\u00e3o ideais para instala\u00e7\u00f5es com espa\u00e7o limitado e visam a gest\u00e3o sustent\u00e1vel dos res\u00edduos, promovendo a reciclagem de nutrientes e a redu\u00e7\u00e3o do volume de res\u00edduos a serem dispostos.<\/p>\n\n\n\n<p>Os sistemas compactos de compostagem de lamas oferecem uma solu\u00e7\u00e3o eficiente e sustent\u00e1vel para a gest\u00e3o de res\u00edduos org\u00e2nicos.<\/p>\n\n\n\n<p>As principais vantagens deste sistema s\u00e3o as seguintes:<\/p>\n\n\n\n<ul class=\"wp-block-list\">\n<li>\u00c1rea de implanta\u00e7\u00e3o bastante reduzida.<\/li>\n\n\n\n<li>Compostagem aer\u00f3bica a alta temperatura: mais r\u00e1pida \/ menor forma\u00e7\u00e3o de odores.<\/li>\n\n\n\n<li>Redu\u00e7\u00e3o significativa dos res\u00edduos (&lt; pegada ecol\u00f3gica).<\/li>\n\n\n\n<li>Solu\u00e7\u00e3o muito automatizada.<\/li>\n\n\n\n<li>Produtos podem ser usados como fertilizante org\u00e2nicos (mediante autoriza\u00e7\u00e3o organismos competentes).<\/li>\n\n\n\n<li>Reduz o volume original.<\/li>\n<\/ul>\n\n\n\n<div style=\"height:34px\" aria-hidden=\"true\" class=\"wp-block-spacer\"><\/div>\n\n\n\n<details class=\"wp-block-details is-layout-flow wp-block-details-is-layout-flow\"><summary>\u21dd ???????????????????????????????????????? ????\u0301???????????????? ???????? ????????????????????????????\u0327????\u0303????<\/summary>\n<p>Tratamento de Esgoto Municipal<\/p>\n\n\n\n<p>Ind\u00fastrias de Alimentos e Bebidas<\/p>\n\n\n\n<p>Instala\u00e7\u00e3o de Compostagem Comunit\u00e1ria<\/p>\n\n\n\n<p>Agricultura e Paisagismo<\/p>\n<\/details>\n\n\n\n<div style=\"height:34px\" aria-hidden=\"true\" class=\"wp-block-spacer\"><\/div>\n\n\n\n<p>Gostaria de saber mais? <\/p>\n\n\n\n<div class=\"wp-block-buttons is-layout-flex wp-block-buttons-is-layout-flex\">\n<div class=\"wp-block-button is-style-outline is-style-outline--1\"><a class=\"wp-block-button__link wp-element-button\" href=\"https:\/\/klinger.pt\/contactos\/\">Fale connosco!<\/a><\/div>\n<\/div>\n\n\n\n<div style=\"height:100px\" aria-hidden=\"true\" class=\"wp-block-spacer\"><\/div>\n<\/div>\n<\/div>\n<\/div><\/div>\n\n\n\n<div style=\"height:131px\" aria-hidden=\"true\" class=\"wp-block-spacer\"><\/div>\n\n\n\n<figure class=\"wp-block-gallery has-nested-images columns-default is-cropped wp-block-gallery-2 is-layout-flex wp-block-gallery-is-layout-flex\">\n<figure class=\"wp-block-image size-full\"><img decoding=\"async\" width=\"1200\" height=\"722\" data-id=\"46338\" src=\"https:\/\/klinger.pt\/wp-content\/uploads\/2024\/10\/compacto-lamas.jpeg\" alt=\"\" class=\"wp-image-46338\" srcset=\"https:\/\/klinger.pt\/wp-content\/uploads\/2024\/10\/compacto-lamas.jpeg 1200w, https:\/\/klinger.pt\/wp-content\/uploads\/2024\/10\/compacto-lamas-300x181.jpeg 300w, https:\/\/klinger.pt\/wp-content\/uploads\/2024\/10\/compacto-lamas-1024x616.jpeg 1024w, https:\/\/klinger.pt\/wp-content\/uploads\/2024\/10\/compacto-lamas-768x462.jpeg 768w\" sizes=\"(max-width: 1200px) 100vw, 1200px\" \/><\/figure>\n\n\n\n<figure class=\"wp-block-image size-large\"><img loading=\"lazy\" decoding=\"async\" width=\"1024\" height=\"503\" data-id=\"46336\" src=\"https:\/\/klinger.pt\/wp-content\/uploads\/2024\/10\/compostagem-lamas-1024x503.jpeg\" alt=\"\" class=\"wp-image-46336\" srcset=\"https:\/\/klinger.pt\/wp-content\/uploads\/2024\/10\/compostagem-lamas-1024x503.jpeg 1024w, https:\/\/klinger.pt\/wp-content\/uploads\/2024\/10\/compostagem-lamas-300x147.jpeg 300w, https:\/\/klinger.pt\/wp-content\/uploads\/2024\/10\/compostagem-lamas-768x377.jpeg 768w, https:\/\/klinger.pt\/wp-content\/uploads\/2024\/10\/compostagem-lamas.jpeg 1200w\" sizes=\"(max-width: 1024px) 100vw, 1024px\" \/><\/figure>\n\n\n\n<figure class=\"wp-block-image size-large\"><img loading=\"lazy\" decoding=\"async\" width=\"1024\" height=\"768\" data-id=\"46183\" src=\"https:\/\/klinger.pt\/wp-content\/uploads\/2024\/08\/5ec2582258403-1-1024x768.jpg\" alt=\"\" class=\"wp-image-46183\" srcset=\"https:\/\/klinger.pt\/wp-content\/uploads\/2024\/08\/5ec2582258403-1-1024x768.jpg 1024w, https:\/\/klinger.pt\/wp-content\/uploads\/2024\/08\/5ec2582258403-1-300x225.jpg 300w, https:\/\/klinger.pt\/wp-content\/uploads\/2024\/08\/5ec2582258403-1-768x576.jpg 768w, https:\/\/klinger.pt\/wp-content\/uploads\/2024\/08\/5ec2582258403-1-1536x1152.jpg 1536w, https:\/\/klinger.pt\/wp-content\/uploads\/2024\/08\/5ec2582258403-1-1400x1050.jpg 1400w, https:\/\/klinger.pt\/wp-content\/uploads\/2024\/08\/5ec2582258403-1.jpg 1920w\" sizes=\"(max-width: 1024px) 100vw, 1024px\" \/><\/figure>\n<\/figure>\n","protected":false},"excerpt":{"rendered":"<p>Tratamento de \u00c1guas da KLINGER Portugal Buscamos entender as necessidades dos nossos clientes dentro do mercado de \u00e1guas residuais para apresentar as melhores solu\u00e7\u00f5es. Sistemas compactos de compostagem de lamas Os sistemas compactos de compostagem de lamas s\u00e3o tecnologias projetadas para transformar lamas residuais em composto org\u00e2nico de alta qualidade. Esses sistemas s\u00e3o ideais para [&hellip;]<\/p>\n","protected":false},"author":1,"featured_media":0,"parent":45961,"menu_order":1,"comment_status":"closed","ping_status":"closed","template":"page-templates\/servicios.php","meta":{"_eb_attr":"","footnotes":""},"class_list":["post-45999","page","type-page","status-publish","hentry"],"aioseo_notices":[],"_links":{"self":[{"href":"https:\/\/klinger.pt\/en\/wp-json\/wp\/v2\/pages\/45999","targetHints":{"allow":["GET"]}}],"collection":[{"href":"https:\/\/klinger.pt\/en\/wp-json\/wp\/v2\/pages"}],"about":[{"href":"https:\/\/klinger.pt\/en\/wp-json\/wp\/v2\/types\/page"}],"author":[{"embeddable":true,"href":"https:\/\/klinger.pt\/en\/wp-json\/wp\/v2\/users\/1"}],"replies":[{"embeddable":true,"href":"https:\/\/klinger.pt\/en\/wp-json\/wp\/v2\/comments?post=45999"}],"version-history":[{"count":4,"href":"https:\/\/klinger.pt\/en\/wp-json\/wp\/v2\/pages\/45999\/revisions"}],"predecessor-version":[{"id":46341,"href":"https:\/\/klinger.pt\/en\/wp-json\/wp\/v2\/pages\/45999\/revisions\/46341"}],"up":[{"embeddable":true,"href":"https:\/\/klinger.pt\/en\/wp-json\/wp\/v2\/pages\/45961"}],"wp:attachment":[{"href":"https:\/\/klinger.pt\/en\/wp-json\/wp\/v2\/media?parent=45999"}],"curies":[{"name":"wp","href":"https:\/\/api.w.org\/{rel}","templated":true}]}}