{"id":45991,"date":"2024-05-29T09:16:51","date_gmt":"2024-05-29T08:16:51","guid":{"rendered":"https:\/\/m5j0n6nk9p.onrocket.site\/?page_id=45991"},"modified":"2024-11-19T15:36:55","modified_gmt":"2024-11-19T15:36:55","slug":"sistemas-de-secagem-termica-de-lamas","status":"publish","type":"page","link":"https:\/\/klinger.pt\/en\/klinger-water-solutions\/tratamento-lamas\/sistemas-de-secagem-termica-de-lamas\/","title":{"rendered":"Sistemas de secagem t\u00e9rmica de lamas"},"content":{"rendered":"\n<figure class=\"wp-block-image size-full is-resized\"><img fetchpriority=\"high\" decoding=\"async\" width=\"550\" height=\"111\" src=\"https:\/\/klinger.pt\/wp-content\/uploads\/2023\/09\/image-1.png\" alt=\"\" class=\"wp-image-45316\" style=\"width:301px;height:auto\" srcset=\"https:\/\/klinger.pt\/wp-content\/uploads\/2023\/09\/image-1.png 550w, https:\/\/klinger.pt\/wp-content\/uploads\/2023\/09\/image-1-300x61.png 300w\" sizes=\"(max-width: 550px) 100vw, 550px\" \/><\/figure>\n\n\n\n<p class=\"has-text-color\" style=\"color:#003a68;font-size:15px\">Tratamento de \u00c1guas da KLINGER Portugal<\/p>\n\n\n\n<p>Buscamos entender as necessidades dos nossos clientes dentro do mercado de \u00e1guas residuais para apresentar as melhores solu\u00e7\u00f5es.<\/p>\n\n\n\n<div style=\"height:30px\" aria-hidden=\"true\" class=\"wp-block-spacer\"><\/div>\n\n\n\n<div class=\"wp-block-group\"><div class=\"wp-block-group__inner-container is-layout-constrained wp-block-group-is-layout-constrained\">\n<div class=\"wp-block-columns is-layout-flex wp-container-core-columns-is-layout-9d6595d7 wp-block-columns-is-layout-flex\">\n<div class=\"wp-block-column is-layout-flow wp-block-column-is-layout-flow\" style=\"flex-basis:300px\">\n<figure class=\"wp-block-image size-full\"><img decoding=\"async\" width=\"250\" height=\"250\" src=\"https:\/\/klinger.pt\/wp-content\/uploads\/2024\/11\/Secagem-termica2.png\" alt=\"\" class=\"wp-image-46469\" srcset=\"https:\/\/klinger.pt\/wp-content\/uploads\/2024\/11\/Secagem-termica2.png 250w, https:\/\/klinger.pt\/wp-content\/uploads\/2024\/11\/Secagem-termica2-150x150.png 150w\" sizes=\"(max-width: 250px) 100vw, 250px\" \/><\/figure>\n\n\n\n<div style=\"height:214px\" aria-hidden=\"true\" class=\"wp-block-spacer\"><\/div>\n\n\n<div class=\"wp-block-image\">\n<figure class=\"alignleft size-full is-resized\"><img decoding=\"async\" width=\"250\" height=\"250\" src=\"https:\/\/klinger.pt\/wp-content\/uploads\/2024\/11\/Secagem-termica3.png\" alt=\"\" class=\"wp-image-46471\" style=\"aspect-ratio:1.3333333333333333;object-fit:cover;width:248px;height:auto\" srcset=\"https:\/\/klinger.pt\/wp-content\/uploads\/2024\/11\/Secagem-termica3.png 250w, https:\/\/klinger.pt\/wp-content\/uploads\/2024\/11\/Secagem-termica3-150x150.png 150w\" sizes=\"(max-width: 250px) 100vw, 250px\" \/><\/figure>\n<\/div><\/div>\n\n\n\n<div class=\"wp-block-column is-layout-flow wp-block-column-is-layout-flow\" style=\"flex-basis:700px\">\n<h1 class=\"wp-block-heading\">Sistemas de secagem t\u00e9rmica de lamas<\/h1>\n\n\n\n<p>Os sistemas de secagem t\u00e9rmica de lamas s\u00e3o tecnologias utilizadas para reduzir o teor de umidade das lamas provenientes de processos industriais e de tratamento de \u00e1guas residuais. Esses sistemas usam calor para evaporar a \u00e1gua presente nas lamas, transformando-as em um material seco e mais f\u00e1cil de manusear, transportar e dispor<\/p>\n\n\n\n<p>Os sistemas de secagem t\u00e9rmica de lamas s\u00e3o uma solu\u00e7\u00e3o eficaz para a gest\u00e3o de res\u00edduos l\u00edquidos, oferecendo benef\u00edcios significativos em termos de redu\u00e7\u00e3o de volume, recupera\u00e7\u00e3o de recursos e controle ambiental.<\/p>\n\n\n\n<p>As principais vantagens deste sistema s\u00e3o as seguintes:<\/p>\n\n\n\n<ul class=\"wp-block-list\">\n<li>Tecnologia robusta e fi\u00e1vel, utilizada h\u00e1 mais de 40 anos. Centenas de instala\u00e7\u00f5es em funcionamento.<\/li>\n\n\n\n<li>M\u00e9todo de aquecimento direto por ar quente, sem forma\u00e7\u00e3o de dioxinas ou subst\u00e2ncias perigosas.<\/li>\n\n\n\n<li>Permite o uso de diversos tipos de combust\u00edveis.<\/li>\n\n\n\n<li>O desenho patenteado do desintegrador permite uma secagem cont\u00ednua dos s\u00f3lidos prevenindo entupimentos e colmata\u00e7\u00f5es.<\/li>\n\n\n\n<li>Comporta um sistema integrado de tratamento das emiss\u00f5es gasosas por carv\u00e3o ativo.<\/li>\n\n\n\n<li>Produ\u00e7\u00e3o de material valoriz\u00e1vel.<\/li>\n\n\n\n<li>Baixa emiss\u00e3o de aeross\u00f3is (odores)\u2026<\/li>\n<\/ul>\n\n\n\n<div style=\"height:34px\" aria-hidden=\"true\" class=\"wp-block-spacer\"><\/div>\n\n\n\n<details class=\"wp-block-details is-layout-flow wp-block-details-is-layout-flow\"><summary>\u21dd ???????????????????????????????????????? ????\u0301???????????????? ???????? ????????????????????????????\u0327????\u0303????<\/summary>\n<p>Tratamento de Esgoto Municipal<\/p>\n\n\n\n<p>Ind\u00fastrias de Alimentos e Bebidas<\/p>\n\n\n\n<p>Processos Qu\u00edmicos e Farmac\u00eauticos<\/p>\n\n\n\n<p>Processos Mineradores<\/p>\n<\/details>\n\n\n\n<div style=\"height:34px\" aria-hidden=\"true\" class=\"wp-block-spacer\"><\/div>\n\n\n\n<p>Gostaria de saber mais? <\/p>\n\n\n\n<div class=\"wp-block-buttons is-layout-flex wp-block-buttons-is-layout-flex\">\n<div class=\"wp-block-button is-style-outline is-style-outline--1\"><a class=\"wp-block-button__link wp-element-button\" href=\"https:\/\/klinger.pt\/contactos\/\">Fale connosco!<\/a><\/div>\n<\/div>\n\n\n\n<div style=\"height:100px\" aria-hidden=\"true\" class=\"wp-block-spacer\"><\/div>\n<\/div>\n<\/div>\n<\/div><\/div>\n\n\n\n<div style=\"height:131px\" aria-hidden=\"true\" class=\"wp-block-spacer\"><\/div>\n\n\n\n<figure class=\"wp-block-gallery has-nested-images columns-default is-cropped wp-block-gallery-2 is-layout-flex wp-block-gallery-is-layout-flex\"><\/figure>\n\n\n\n<p><\/p>\n","protected":false},"excerpt":{"rendered":"<p>Tratamento de \u00c1guas da KLINGER Portugal Buscamos entender as necessidades dos nossos clientes dentro do mercado de \u00e1guas residuais para apresentar as melhores solu\u00e7\u00f5es. Sistemas de secagem t\u00e9rmica de lamas Os sistemas de secagem t\u00e9rmica de lamas s\u00e3o tecnologias utilizadas para reduzir o teor de umidade das lamas provenientes de processos industriais e de tratamento [&hellip;]<\/p>\n","protected":false},"author":1,"featured_media":0,"parent":45961,"menu_order":1,"comment_status":"closed","ping_status":"closed","template":"page-templates\/servicios.php","meta":{"_eb_attr":"","footnotes":""},"class_list":["post-45991","page","type-page","status-publish","hentry"],"aioseo_notices":[],"_links":{"self":[{"href":"https:\/\/klinger.pt\/en\/wp-json\/wp\/v2\/pages\/45991","targetHints":{"allow":["GET"]}}],"collection":[{"href":"https:\/\/klinger.pt\/en\/wp-json\/wp\/v2\/pages"}],"about":[{"href":"https:\/\/klinger.pt\/en\/wp-json\/wp\/v2\/types\/page"}],"author":[{"embeddable":true,"href":"https:\/\/klinger.pt\/en\/wp-json\/wp\/v2\/users\/1"}],"replies":[{"embeddable":true,"href":"https:\/\/klinger.pt\/en\/wp-json\/wp\/v2\/comments?post=45991"}],"version-history":[{"count":6,"href":"https:\/\/klinger.pt\/en\/wp-json\/wp\/v2\/pages\/45991\/revisions"}],"predecessor-version":[{"id":46473,"href":"https:\/\/klinger.pt\/en\/wp-json\/wp\/v2\/pages\/45991\/revisions\/46473"}],"up":[{"embeddable":true,"href":"https:\/\/klinger.pt\/en\/wp-json\/wp\/v2\/pages\/45961"}],"wp:attachment":[{"href":"https:\/\/klinger.pt\/en\/wp-json\/wp\/v2\/media?parent=45991"}],"curies":[{"name":"wp","href":"https:\/\/api.w.org\/{rel}","templated":true}]}}