{"id":45967,"date":"2024-05-29T08:30:28","date_gmt":"2024-05-29T07:30:28","guid":{"rendered":"https:\/\/m5j0n6nk9p.onrocket.site\/?page_id=45967"},"modified":"2025-01-24T01:06:21","modified_gmt":"2025-01-24T01:06:21","slug":"sistema-de-desidratacao-e-espessamento-de-lamas","status":"publish","type":"page","link":"https:\/\/klinger.pt\/en\/klinger-water-solutions\/tratamento-lamas\/sistema-de-desidratacao-e-espessamento-de-lamas\/","title":{"rendered":"Sistema de desidrata\u00e7\u00e3o e espessamento de lamas"},"content":{"rendered":"\n<h1 class=\"wp-block-heading\" id=\"aioseo-engenharia-servicos\">Sistema de desidrata\u00e7\u00e3o e espessamento de lamas<\/h1>\n\n\n\n<figure class=\"wp-block-image size-full is-resized\"><img fetchpriority=\"high\" decoding=\"async\" width=\"550\" height=\"111\" src=\"https:\/\/klinger.pt\/wp-content\/uploads\/2023\/09\/Logo-LiberAqua-blue.png\" alt=\"\" class=\"wp-image-45265\" style=\"width:298px;height:60px\" srcset=\"https:\/\/klinger.pt\/wp-content\/uploads\/2023\/09\/Logo-LiberAqua-blue.png 550w, https:\/\/klinger.pt\/wp-content\/uploads\/2023\/09\/Logo-LiberAqua-blue-300x61.png 300w\" sizes=\"(max-width: 550px) 100vw, 550px\" \/><\/figure>\n\n\n\n<p class=\"has-text-color\" style=\"color:#003a68;font-size:15px\">Tratamento de \u00c1guas da KLINGER Portugal<\/p>\n\n\n\n<p>Buscamos entender as necessidades dos nossos clientes dentro do mercado de \u00e1guas residuais para apresentar as melhores solu\u00e7\u00f5es.<\/p>\n\n\n\n<div style=\"height:30px\" aria-hidden=\"true\" class=\"wp-block-spacer\"><\/div>\n\n\n\n<div class=\"wp-block-group\"><div class=\"wp-block-group__inner-container is-layout-constrained wp-block-group-is-layout-constrained\">\n<div class=\"wp-block-columns is-layout-flex wp-container-core-columns-is-layout-9d6595d7 wp-block-columns-is-layout-flex\">\n<div class=\"wp-block-column is-layout-flow wp-block-column-is-layout-flow\" style=\"flex-basis:300px\">\n<figure class=\"wp-block-image size-full is-resized\"><img decoding=\"async\" width=\"768\" height=\"558\" src=\"https:\/\/klinger.pt\/wp-content\/uploads\/2024\/03\/image-1.png\" alt=\"\" class=\"wp-image-45600\" style=\"width:259px;height:auto\" srcset=\"https:\/\/klinger.pt\/wp-content\/uploads\/2024\/03\/image-1.png 768w, https:\/\/klinger.pt\/wp-content\/uploads\/2024\/03\/image-1-300x218.png 300w\" sizes=\"(max-width: 768px) 100vw, 768px\" \/><\/figure>\n\n\n\n<div style=\"height:403px\" aria-hidden=\"true\" class=\"wp-block-spacer\"><\/div>\n\n\n\n<div style=\"height:335px\" aria-hidden=\"true\" class=\"wp-block-spacer\"><\/div>\n\n\n<div class=\"wp-block-image is-style-default\">\n<figure class=\"alignleft size-full is-resized\"><img decoding=\"async\" width=\"595\" height=\"446\" src=\"https:\/\/klinger.pt\/wp-content\/uploads\/2024\/08\/image-2-edited.png\" alt=\"\" class=\"wp-image-46204\" style=\"aspect-ratio:1.3333333333333333;object-fit:cover;width:239px;height:auto\" srcset=\"https:\/\/klinger.pt\/wp-content\/uploads\/2024\/08\/image-2-edited.png 595w, https:\/\/klinger.pt\/wp-content\/uploads\/2024\/08\/image-2-edited-300x225.png 300w\" sizes=\"(max-width: 595px) 100vw, 595px\" \/><\/figure>\n<\/div><\/div>\n\n\n\n<div class=\"wp-block-column is-layout-flow wp-block-column-is-layout-flow\" style=\"flex-basis:700px\">\n<h2 class=\"wp-block-heading\">PRENSA DE PARAFUSO MULTIDISCOS KMDS DESIDRATA\u00c7\u00c3O DE LAMAS<\/h2>\n\n\n\n<p>Os sistemas MDS s\u00e3o uma solu\u00e7\u00e3o eficiente e econ\u00f4mica para a gest\u00e3o de lamas, contribuindo para a sustentabilidade e a redu\u00e7\u00e3o de custos operacionais nas ind\u00fastrias e instala\u00e7\u00f5es de tratamento de \u00e1gua<\/p>\n\n\n\n<p>As principais vantagens da <a href=\"https:\/\/klinger.pt\/klinger-water-solutions\/equipamentos\/desidratacao-e-espessamento-de-lamas\/prensa-multi-disco-desidratacao-de-lamas\/\" title=\"Prensa de Parafuso Multidiscos\">Prensa de Parafuso Multidiscos<\/a> s\u00e3o as seguintes:<\/p>\n\n\n\n<ul class=\"wp-block-list\">\n<li>Baixo consumo energ\u00e9tico \u2013 10 vezes menos que uma centr\u00edfuga para mesma capacidade;<\/li>\n\n\n\n<li>Baixos custos de manuten\u00e7\u00e3o \u2013 Mais de dois anos sem necessidade de substitui\u00e7\u00e3o de qualquer pe\u00e7a de desgaste;<\/li>\n\n\n\n<li>Baixos consumos de \u00e1gua a baixa press\u00e3o (&lt; 1000 l\/h a 2 \u2013 3 bar);<\/li>\n\n\n\n<li>Boa performance em lamas oleosas- praticamente a \u00fanica m\u00e1quina capaz de desidratar, em funcionamento cont\u00ednuo, lamas com O&amp;G.<\/li>\n\n\n\n<li>Baixo n\u00edvel de ru\u00eddo;<\/li>\n\n\n\n<li>Baixa emiss\u00e3o de aeross\u00f3is (odores)\u2026<\/li>\n<\/ul>\n\n\n\n<div style=\"height:34px\" aria-hidden=\"true\" class=\"wp-block-spacer\"><\/div>\n\n\n\n<details class=\"wp-block-details is-layout-flow wp-block-details-is-layout-flow\"><summary>\u21dd ???????????????????????????????????????? ????\u0301???????????????? ???????? ????????????????????????????\u0327????\u0303????<\/summary>\n<p>Tratamento de Esgoto Municipal<\/p>\n\n\n\n<p>Ind\u00fastrias de Alimentos e Bebidas<\/p>\n\n\n\n<p>Processos Qu\u00edmicos e Farmac\u00eauticos<\/p>\n\n\n\n<p>Tratamento de \u00c1gua<\/p>\n<\/details>\n\n\n\n<div style=\"height:34px\" aria-hidden=\"true\" class=\"wp-block-spacer\"><\/div>\n\n\n\n<p>Gostaria de saber mais? <\/p>\n\n\n\n<div class=\"wp-block-buttons is-layout-flex wp-block-buttons-is-layout-flex\">\n<div class=\"wp-block-button is-style-outline is-style-outline--1\"><a class=\"wp-block-button__link wp-element-button\" href=\"https:\/\/klinger.pt\/klinger-water-solutions\/equipamentos\/desidratacao-e-espessamento-de-lamas\/prensa-multi-disco-desidratacao-de-lamas\/\">Veja a nossa linha de KMDS<\/a><\/div>\n<\/div>\n\n\n\n<div style=\"height:100px\" aria-hidden=\"true\" class=\"wp-block-spacer\"><\/div>\n\n\n\n<h2 class=\"wp-block-heading\">ESPESSADOR DE DISCOS ROTATIVOS<\/h2>\n\n\n\n<p>Os espessadores de discos rotativos s\u00e3o equipamentos utilizados para aumentar a concentra\u00e7\u00e3o de s\u00f3lidos suspensos em lamas ou suspens\u00f5es l\u00edquidas, diminuindo assim o volume total a ser tratado. Esses sistemas s\u00e3o comumente empregados em plantas de tratamento de \u00e1gua e esgoto, al\u00e9m de v\u00e1rias ind\u00fastrias que geram res\u00edduos l\u00edquidos.<\/p>\n\n\n\n<ul class=\"wp-block-list\">\n<li>Baixo consumo energ\u00e9tico;<\/li>\n\n\n\n<li>Baixos custos de manuten\u00e7\u00e3o;<\/li>\n\n\n\n<li>N\u00e3o colmata e, por conseguinte, n\u00e3o necessita de lavagem;<\/li>\n\n\n\n<li>Tratamento muito est\u00e1vel, sem grande necessidade de supervis\u00e3o;<\/li>\n\n\n\n<li>Grande capacidade de transporte de s\u00f3lidos;<\/li>\n\n\n\n<li>Boa performance com lamas oleosas, praticamente o \u00fanico equipamento de filtra\u00e7\u00e3o habilitado para lidar com \u00f3leos e gorduras, sem lavagem cont\u00ednua;<\/li>\n\n\n\n<li>Baixo n\u00edvel de ru\u00eddo;<\/li>\n<\/ul>\n\n\n\n<div style=\"height:34px\" aria-hidden=\"true\" class=\"wp-block-spacer\"><\/div>\n\n\n\n<div class=\"wp-block-buttons is-layout-flex wp-block-buttons-is-layout-flex\">\n<div class=\"wp-block-button is-style-outline is-style-outline--2\"><a class=\"wp-block-button__link wp-element-button\" href=\"https:\/\/klinger.pt\/klinger-water-solutions\/equipamentos\/desidratacao-e-espessamento-de-lamas\/espessador-de-discos-rotativos\/\">Veja a nossa linha de Espessadores<\/a><\/div>\n<\/div>\n\n\n\n<div style=\"height:34px\" aria-hidden=\"true\" class=\"wp-block-spacer\"><\/div>\n\n\n\n<details class=\"wp-block-details is-layout-flow wp-block-details-is-layout-flow\"><summary>\u21dd ???????????????????????????????????????? ????\u0301???????????????? ???????? ????????????????????????????\u0327????\u0303????<\/summary>\n<p>Tratamento de Esgoto Municipal<\/p>\n\n\n\n<p>Ind\u00fastrias de Papel e Celulose<\/p>\n\n\n\n<p>Processos Qu\u00edmicos e Mineiros<\/p>\n<\/details>\n<\/div>\n<\/div>\n<\/div><\/div>\n\n\n\n<div style=\"height:131px\" aria-hidden=\"true\" class=\"wp-block-spacer\"><\/div>\n\n\n\n<figure class=\"wp-block-gallery has-nested-images columns-default is-cropped wp-block-gallery-3 is-layout-flex wp-block-gallery-is-layout-flex\">\n<figure class=\"wp-block-image size-full\"><img loading=\"lazy\" decoding=\"async\" width=\"1280\" height=\"960\" data-id=\"46217\" src=\"https:\/\/klinger.pt\/wp-content\/uploads\/2024\/08\/4.jpg\" alt=\"\" class=\"wp-image-46217\" srcset=\"https:\/\/klinger.pt\/wp-content\/uploads\/2024\/08\/4.jpg 1280w, https:\/\/klinger.pt\/wp-content\/uploads\/2024\/08\/4-300x225.jpg 300w, https:\/\/klinger.pt\/wp-content\/uploads\/2024\/08\/4-1024x768.jpg 1024w, https:\/\/klinger.pt\/wp-content\/uploads\/2024\/08\/4-768x576.jpg 768w\" sizes=\"(max-width: 1280px) 100vw, 1280px\" \/><\/figure>\n\n\n\n<figure class=\"wp-block-image size-large\"><img loading=\"lazy\" decoding=\"async\" width=\"1024\" height=\"768\" data-id=\"46212\" src=\"https:\/\/klinger.pt\/wp-content\/uploads\/2024\/08\/1-1-1024x768.jpg\" alt=\"\" class=\"wp-image-46212\" srcset=\"https:\/\/klinger.pt\/wp-content\/uploads\/2024\/08\/1-1-1024x768.jpg 1024w, https:\/\/klinger.pt\/wp-content\/uploads\/2024\/08\/1-1-300x225.jpg 300w, https:\/\/klinger.pt\/wp-content\/uploads\/2024\/08\/1-1-768x576.jpg 768w, https:\/\/klinger.pt\/wp-content\/uploads\/2024\/08\/1-1-1536x1152.jpg 1536w, https:\/\/klinger.pt\/wp-content\/uploads\/2024\/08\/1-1-1400x1050.jpg 1400w, https:\/\/klinger.pt\/wp-content\/uploads\/2024\/08\/1-1.jpg 1920w\" sizes=\"(max-width: 1024px) 100vw, 1024px\" \/><\/figure>\n\n\n\n<figure class=\"wp-block-image size-large\"><img loading=\"lazy\" decoding=\"async\" width=\"1024\" height=\"768\" data-id=\"46214\" src=\"https:\/\/klinger.pt\/wp-content\/uploads\/2024\/08\/2-1024x768.jpg\" alt=\"\" class=\"wp-image-46214\" srcset=\"https:\/\/klinger.pt\/wp-content\/uploads\/2024\/08\/2-1024x768.jpg 1024w, https:\/\/klinger.pt\/wp-content\/uploads\/2024\/08\/2-300x225.jpg 300w, https:\/\/klinger.pt\/wp-content\/uploads\/2024\/08\/2-768x576.jpg 768w, https:\/\/klinger.pt\/wp-content\/uploads\/2024\/08\/2-1536x1152.jpg 1536w, https:\/\/klinger.pt\/wp-content\/uploads\/2024\/08\/2-1400x1050.jpg 1400w, https:\/\/klinger.pt\/wp-content\/uploads\/2024\/08\/2.jpg 2016w\" sizes=\"(max-width: 1024px) 100vw, 1024px\" \/><\/figure>\n<\/figure>\n","protected":false},"excerpt":{"rendered":"<p>Sistema de desidrata\u00e7\u00e3o e espessamento de lamas Tratamento de \u00c1guas da KLINGER Portugal Buscamos entender as necessidades dos nossos clientes dentro do mercado de \u00e1guas residuais para apresentar as melhores solu\u00e7\u00f5es. PRENSA DE PARAFUSO MULTIDISCOS KMDS DESIDRATA\u00c7\u00c3O DE LAMAS Os sistemas MDS s\u00e3o uma solu\u00e7\u00e3o eficiente e econ\u00f4mica para a gest\u00e3o de lamas, contribuindo para [&hellip;]<\/p>\n","protected":false},"author":1,"featured_media":0,"parent":45961,"menu_order":1,"comment_status":"closed","ping_status":"closed","template":"page-templates\/servicios.php","meta":{"_eb_attr":"","footnotes":""},"class_list":["post-45967","page","type-page","status-publish","hentry"],"aioseo_notices":[],"_links":{"self":[{"href":"https:\/\/klinger.pt\/en\/wp-json\/wp\/v2\/pages\/45967","targetHints":{"allow":["GET"]}}],"collection":[{"href":"https:\/\/klinger.pt\/en\/wp-json\/wp\/v2\/pages"}],"about":[{"href":"https:\/\/klinger.pt\/en\/wp-json\/wp\/v2\/types\/page"}],"author":[{"embeddable":true,"href":"https:\/\/klinger.pt\/en\/wp-json\/wp\/v2\/users\/1"}],"replies":[{"embeddable":true,"href":"https:\/\/klinger.pt\/en\/wp-json\/wp\/v2\/comments?post=45967"}],"version-history":[{"count":25,"href":"https:\/\/klinger.pt\/en\/wp-json\/wp\/v2\/pages\/45967\/revisions"}],"predecessor-version":[{"id":46622,"href":"https:\/\/klinger.pt\/en\/wp-json\/wp\/v2\/pages\/45967\/revisions\/46622"}],"up":[{"embeddable":true,"href":"https:\/\/klinger.pt\/en\/wp-json\/wp\/v2\/pages\/45961"}],"wp:attachment":[{"href":"https:\/\/klinger.pt\/en\/wp-json\/wp\/v2\/media?parent=45967"}],"curies":[{"name":"wp","href":"https:\/\/api.w.org\/{rel}","templated":true}]}}