{"id":45961,"date":"2024-05-28T16:59:12","date_gmt":"2024-05-28T15:59:12","guid":{"rendered":"https:\/\/m5j0n6nk9p.onrocket.site\/?page_id=45961"},"modified":"2024-11-20T09:21:45","modified_gmt":"2024-11-20T09:21:45","slug":"tratamento-lamas","status":"publish","type":"page","link":"https:\/\/klinger.pt\/en\/klinger-water-solutions\/tratamento-lamas\/","title":{"rendered":"TRATAMENTO LAMAS"},"content":{"rendered":"\n<h1 class=\"wp-block-heading\">Tratamento de Lamas<\/h1>\n\n\n\n<figure class=\"wp-block-image size-full is-resized\"><img fetchpriority=\"high\" decoding=\"async\" width=\"550\" height=\"111\" src=\"https:\/\/klinger.pt\/wp-content\/uploads\/2023\/09\/image-1.png\" alt=\"\" class=\"wp-image-45316\" style=\"width:248px;height:auto\" srcset=\"https:\/\/klinger.pt\/wp-content\/uploads\/2023\/09\/image-1.png 550w, https:\/\/klinger.pt\/wp-content\/uploads\/2023\/09\/image-1-300x61.png 300w\" sizes=\"(max-width: 550px) 100vw, 550px\" \/><\/figure>\n\n\n\n<p>Tratamento de \u00c1guas da KLINGER Portugal<\/p>\n\n\n\n<div style=\"height:18px\" aria-hidden=\"true\" class=\"wp-block-spacer\"><\/div>\n\n\n\n<div class=\"wp-block-columns is-layout-flex wp-container-core-columns-is-layout-9d6595d7 wp-block-columns-is-layout-flex\">\n<div class=\"wp-block-column is-layout-flow wp-block-column-is-layout-flow\">\n<figure class=\"wp-block-table alignleft\"><table><tbody><tr><td class=\"has-text-align-center\" data-align=\"center\"><img decoding=\"async\" width=\"250\" height=\"250\" class=\"wp-image-46138\" style=\"width: 250px;\" src=\"https:\/\/klinger.pt\/wp-content\/uploads\/2024\/08\/mds-ss.png\" alt=\"\" srcset=\"https:\/\/klinger.pt\/wp-content\/uploads\/2024\/08\/mds-ss.png 250w, https:\/\/klinger.pt\/wp-content\/uploads\/2024\/08\/mds-ss-150x150.png 150w\" sizes=\"(max-width: 250px) 100vw, 250px\" \/><\/td><td class=\"has-text-align-left\" data-align=\"left\"><a href=\"https:\/\/klinger.pt\/klinger-water-solutions\/sistema-de-desidratacao-e-espessamento-de-lamas\/\" title=\"Fornecimento de ETAR\nProjeto &amp; constru\u00e7\u00e3o;\"><strong>Desidrata\u00e7\u00e3o e espessamento de lamas<\/strong><\/a><br><br><a href=\"https:\/\/klinger.pt\/klinger-water-solutions\/sistema-de-desidratacao-e-espessamento-de-lamas\/\" title=\"\ufffc\"><img decoding=\"async\" width=\"18\" height=\"18\" class=\"wp-image-16262\" style=\"width: 18px;\" src=\"https:\/\/klinger.pt\/wp-content\/uploads\/2022\/06\/icon-arrow-blue-double.png\" alt=\"\"><\/a><\/td><\/tr><\/tbody><\/table><\/figure>\n<\/div>\n\n\n\n<div class=\"wp-block-column is-layout-flow wp-block-column-is-layout-flow\">\n<figure class=\"wp-block-table alignleft\"><table><tbody><tr><td class=\"has-text-align-center\" data-align=\"center\"><img loading=\"lazy\" decoding=\"async\" width=\"250\" height=\"250\" class=\"wp-image-46465\" style=\"width: 250px;\" src=\"https:\/\/klinger.pt\/wp-content\/uploads\/2024\/11\/Secagem-termica.png\" alt=\"\" srcset=\"https:\/\/klinger.pt\/wp-content\/uploads\/2024\/11\/Secagem-termica.png 250w, https:\/\/klinger.pt\/wp-content\/uploads\/2024\/11\/Secagem-termica-150x150.png 150w\" sizes=\"(max-width: 250px) 100vw, 250px\" \/><\/td><td><strong><a href=\"https:\/\/klinger.pt\/klinger-water-solutions\/tratamento-lamas\/sistemas-de-secagem-termica-de-lamas\/\" title=\"\">Sistemas de secagem t\u00e9rmica de lamas<\/a><\/strong><br><br><a href=\"https:\/\/klinger.pt\/klinger-water-solutions\/tratamento-lamas\/sistemas-de-secagem-termica-de-lamas\/\" title=\"\ufffc\"><img decoding=\"async\" width=\"18\" height=\"18\" class=\"wp-image-16262\" style=\"width: 18px;\" src=\"https:\/\/klinger.pt\/wp-content\/uploads\/2022\/06\/icon-arrow-blue-double.png\" alt=\"\"><\/a><\/td><\/tr><\/tbody><\/table><\/figure>\n<\/div>\n<\/div>\n\n\n\n<div class=\"wp-block-columns is-layout-flex wp-container-core-columns-is-layout-9d6595d7 wp-block-columns-is-layout-flex\">\n<div class=\"wp-block-column is-layout-flow wp-block-column-is-layout-flow\">\n<figure class=\"wp-block-table alignleft\"><table><tbody><tr><td class=\"has-text-align-center\" data-align=\"center\"><img loading=\"lazy\" decoding=\"async\" width=\"250\" height=\"250\" class=\"wp-image-46425\" style=\"width: 250px;\" src=\"https:\/\/klinger.pt\/wp-content\/uploads\/2024\/11\/Secagem.png\" alt=\"\" srcset=\"https:\/\/klinger.pt\/wp-content\/uploads\/2024\/11\/Secagem.png 250w, https:\/\/klinger.pt\/wp-content\/uploads\/2024\/11\/Secagem-150x150.png 150w\" sizes=\"(max-width: 250px) 100vw, 250px\" \/><\/td><td><strong><a href=\"https:\/\/klinger.pt\/klinger-water-solutions\/tratamento-lamas\/sistemas-compactos-de-compostagem-de-lamas\/\" title=\"\">SISTEMAS COMPACTOS DE COMPOSTAGEM DE LAMAS<\/a><\/strong><br><br><a href=\"https:\/\/klinger.pt\/klinger-water-solutions\/tratamento-lamas\/sistemas-compactos-de-compostagem-de-lamas\/\" title=\"\ufffc\"><img decoding=\"async\" width=\"18\" height=\"18\" class=\"wp-image-16262\" style=\"width: 18px;\" src=\"https:\/\/klinger.pt\/wp-content\/uploads\/2022\/06\/icon-arrow-blue-double.png\" alt=\"\"><\/a><\/td><\/tr><\/tbody><\/table><\/figure>\n<\/div>\n\n\n\n<div class=\"wp-block-column is-layout-flow wp-block-column-is-layout-flow\">\n<figure class=\"wp-block-table alignleft\"><table><tbody><tr><td class=\"has-text-align-center\" data-align=\"center\"><img loading=\"lazy\" decoding=\"async\" width=\"250\" height=\"250\" class=\"wp-image-46141\" style=\"width: 250px;\" src=\"https:\/\/klinger.pt\/wp-content\/uploads\/2024\/08\/hidrolise.jpg\" alt=\"\" srcset=\"https:\/\/klinger.pt\/wp-content\/uploads\/2024\/08\/hidrolise.jpg 250w, https:\/\/klinger.pt\/wp-content\/uploads\/2024\/08\/hidrolise-150x150.jpg 150w\" sizes=\"(max-width: 250px) 100vw, 250px\" \/><\/td><td><strong><a href=\"https:\/\/klinger.pt\/klinger-water-solutions\/tratamento-lamas\/tecnologia-de-hidrolise-termica\/\" title=\"\">TECNOLOGIA HIDROLISE T\u00c9RMICA<\/a><\/strong><br><br><a href=\"https:\/\/klinger.pt\/produtos\/valvulas\/valvulas-de-macho-conico\/valvulas-de-esfera\/serie-intec\/\"><br><\/a><a href=\"https:\/\/klinger.pt\/klinger-water-solutions\/tratamento-lamas\/tecnologia-de-hidrolise-termica\/\" title=\"\ufffc\"><img decoding=\"async\" width=\"18\" height=\"18\" class=\"wp-image-16262\" style=\"width: 18px;\" src=\"https:\/\/klinger.pt\/wp-content\/uploads\/2022\/06\/icon-arrow-blue-double.png\" alt=\"\"><\/a><\/td><\/tr><\/tbody><\/table><\/figure>\n<\/div>\n<\/div>\n\n\n\n<div class=\"wp-block-columns is-layout-flex wp-container-core-columns-is-layout-9d6595d7 wp-block-columns-is-layout-flex\"><\/div>\n\n\n\n<div class=\"wp-block-columns is-layout-flex wp-container-core-columns-is-layout-9d6595d7 wp-block-columns-is-layout-flex\">\n<div class=\"wp-block-column is-layout-flow wp-block-column-is-layout-flow\"><\/div>\n\n\n\n<div class=\"wp-block-column is-layout-flow wp-block-column-is-layout-flow\"><\/div>\n<\/div>\n\n\n\n<div class=\"wp-block-columns has-2-columns is-layout-flex wp-container-core-columns-is-layout-9d6595d7 wp-block-columns-is-layout-flex\">\n<div class=\"wp-block-column is-layout-flow wp-block-column-is-layout-flow\"><\/div>\n\n\n\n<div class=\"wp-block-column is-layout-flow wp-block-column-is-layout-flow\"><\/div>\n<\/div>\n","protected":false},"excerpt":{"rendered":"<p>Tratamento de Lamas Tratamento de \u00c1guas da KLINGER Portugal Desidrata\u00e7\u00e3o e espessamento de lamas Sistemas de secagem t\u00e9rmica de lamas SISTEMAS COMPACTOS DE COMPOSTAGEM DE LAMAS TECNOLOGIA HIDROLISE T\u00c9RMICA<\/p>\n","protected":false},"author":1,"featured_media":0,"parent":43881,"menu_order":1,"comment_status":"closed","ping_status":"closed","template":"page-templates\/secciones-principales.php","meta":{"_eb_attr":"","footnotes":""},"class_list":["post-45961","page","type-page","status-publish","hentry"],"aioseo_notices":[],"_links":{"self":[{"href":"https:\/\/klinger.pt\/en\/wp-json\/wp\/v2\/pages\/45961","targetHints":{"allow":["GET"]}}],"collection":[{"href":"https:\/\/klinger.pt\/en\/wp-json\/wp\/v2\/pages"}],"about":[{"href":"https:\/\/klinger.pt\/en\/wp-json\/wp\/v2\/types\/page"}],"author":[{"embeddable":true,"href":"https:\/\/klinger.pt\/en\/wp-json\/wp\/v2\/users\/1"}],"replies":[{"embeddable":true,"href":"https:\/\/klinger.pt\/en\/wp-json\/wp\/v2\/comments?post=45961"}],"version-history":[{"count":16,"href":"https:\/\/klinger.pt\/en\/wp-json\/wp\/v2\/pages\/45961\/revisions"}],"predecessor-version":[{"id":46487,"href":"https:\/\/klinger.pt\/en\/wp-json\/wp\/v2\/pages\/45961\/revisions\/46487"}],"up":[{"embeddable":true,"href":"https:\/\/klinger.pt\/en\/wp-json\/wp\/v2\/pages\/43881"}],"wp:attachment":[{"href":"https:\/\/klinger.pt\/en\/wp-json\/wp\/v2\/media?parent=45961"}],"curies":[{"name":"wp","href":"https:\/\/api.w.org\/{rel}","templated":true}]}}