{"id":45924,"date":"2024-05-28T16:17:04","date_gmt":"2024-05-28T15:17:04","guid":{"rendered":"https:\/\/m5j0n6nk9p.onrocket.site\/?page_id=45924"},"modified":"2025-02-14T15:23:02","modified_gmt":"2025-02-14T15:23:02","slug":"engenharia","status":"publish","type":"page","link":"https:\/\/klinger.pt\/en\/klinger-water-solutions\/engenharia\/","title":{"rendered":"ENGENHARIA"},"content":{"rendered":"\n<h2 class=\"wp-block-heading\">ENGENHARIA<\/h2>\n\n\n\n<figure class=\"wp-block-image size-full is-resized\"><img fetchpriority=\"high\" decoding=\"async\" width=\"550\" height=\"111\" src=\"https:\/\/klinger.pt\/wp-content\/uploads\/2023\/09\/image-1.png\" alt=\"\" class=\"wp-image-45316\" style=\"width:248px;height:auto\" srcset=\"https:\/\/klinger.pt\/wp-content\/uploads\/2023\/09\/image-1.png 550w, https:\/\/klinger.pt\/wp-content\/uploads\/2023\/09\/image-1-300x61.png 300w\" sizes=\"(max-width: 550px) 100vw, 550px\" \/><\/figure>\n\n\n\n<p>Tratamento de \u00c1guas da KLINGER Portugal<\/p>\n\n\n\n<div style=\"height:18px\" aria-hidden=\"true\" class=\"wp-block-spacer\"><\/div>\n\n\n\n<p>LiberAqua, Consultoria Ambiental da KLINGER Portugal foi constitu\u00edda para criar um novo paradigma na rela\u00e7\u00e3o triangular \u2013 CLIENTE\/Ambiente\/Fornecedor. O objetivo de obter solu\u00e7\u00f5es integradas para a gest\u00e3o e tratamento de efluentes, espec\u00edficas para cada CLIENTE, n\u00e3o passa por solu\u00e7\u00f5es gen\u00e9ricas, mas sim \u00fanicas e espec\u00edficas para cada caso. A satisfa\u00e7\u00e3o das necessidades e expectativas dos nossos CLIENTES s\u00f3 \u00e9 poss\u00edvel com transpar\u00eancia e apoio m\u00fatuo, criando uma rela\u00e7\u00e3o sin\u00e9rgica de confian\u00e7a e valor.<\/p>\n\n\n\n<div class=\"wp-block-columns is-layout-flex wp-container-core-columns-is-layout-9d6595d7 wp-block-columns-is-layout-flex\">\n<div class=\"wp-block-column is-layout-flow wp-block-column-is-layout-flow\">\n<figure class=\"wp-block-table alignleft\"><table><tbody><tr><td class=\"has-text-align-center\" data-align=\"center\"><img decoding=\"async\" width=\"250\" height=\"250\" class=\"wp-image-46132\" style=\"width: 250px;\" src=\"https:\/\/klinger.pt\/wp-content\/uploads\/2024\/08\/IMG.jpg\" alt=\"\" srcset=\"https:\/\/klinger.pt\/wp-content\/uploads\/2024\/08\/IMG.jpg 250w, https:\/\/klinger.pt\/wp-content\/uploads\/2024\/08\/IMG-150x150.jpg 150w\" sizes=\"(max-width: 250px) 100vw, 250px\" \/><\/td><td class=\"has-text-align-left\" data-align=\"left\"><a href=\"https:\/\/klinger.pt\/klinger-water-solutions\/fornecimentoetar\/\" title=\"Fornecimento de ETAR\nProjeto &amp; constru\u00e7\u00e3o;\"><strong>Fornecimento de ETAR<br>Projeto &amp; constru\u00e7\u00e3o<\/strong><\/a><br><br><a href=\"https:\/\/klinger.pt\/klinger-water-solutions\/fornecimentoetar\/\" title=\"\ufffc\"><img decoding=\"async\" width=\"18\" height=\"18\" class=\"wp-image-16262\" style=\"width: 18px;\" src=\"https:\/\/klinger.pt\/wp-content\/uploads\/2022\/06\/icon-arrow-blue-double.png\" alt=\"\"><\/a><\/td><\/tr><\/tbody><\/table><\/figure>\n<\/div>\n\n\n\n<div class=\"wp-block-column is-layout-flow wp-block-column-is-layout-flow\">\n<figure class=\"wp-block-table alignleft\"><table><tbody><tr><td class=\"has-text-align-center\" data-align=\"center\"><img loading=\"lazy\" decoding=\"async\" width=\"250\" height=\"250\" class=\"wp-image-46188\" style=\"width: 250px;\" src=\"https:\/\/klinger.pt\/wp-content\/uploads\/2024\/08\/Design-sem-nome-3.jpg\" alt=\"\" srcset=\"https:\/\/klinger.pt\/wp-content\/uploads\/2024\/08\/Design-sem-nome-3.jpg 540w, https:\/\/klinger.pt\/wp-content\/uploads\/2024\/08\/Design-sem-nome-3-300x300.jpg 300w, https:\/\/klinger.pt\/wp-content\/uploads\/2024\/08\/Design-sem-nome-3-150x150.jpg 150w\" sizes=\"(max-width: 250px) 100vw, 250px\" \/><\/td><td><strong><a href=\"https:\/\/klinger.pt\/klinger-water-solutions\/tratamento-lamas\/\" title=\"\">Tratamento de Lamas<\/a><\/strong><br><br><a href=\"https:\/\/klinger.pt\/klinger-water-solutions\/tratamento-lamas\/\" title=\"\ufffc\"><img decoding=\"async\" width=\"18\" height=\"18\" class=\"wp-image-16262\" style=\"width: 18px;\" src=\"https:\/\/klinger.pt\/wp-content\/uploads\/2022\/06\/icon-arrow-blue-double.png\" alt=\"\"><\/a><\/td><\/tr><\/tbody><\/table><\/figure>\n<\/div>\n<\/div>\n\n\n\n<div class=\"wp-block-columns is-layout-flex wp-container-core-columns-is-layout-9d6595d7 wp-block-columns-is-layout-flex\">\n<div class=\"wp-block-column is-layout-flow wp-block-column-is-layout-flow\">\n<figure class=\"wp-block-table alignleft\"><table><tbody><tr><td class=\"has-text-align-center\" data-align=\"center\"><img loading=\"lazy\" decoding=\"async\" width=\"250\" height=\"250\" class=\"wp-image-46174\" style=\"width: 250px;\" src=\"https:\/\/klinger.pt\/wp-content\/uploads\/2024\/08\/Design-sem-nome-1.jpg\" alt=\"\" srcset=\"https:\/\/klinger.pt\/wp-content\/uploads\/2024\/08\/Design-sem-nome-1.jpg 540w, https:\/\/klinger.pt\/wp-content\/uploads\/2024\/08\/Design-sem-nome-1-300x300.jpg 300w, https:\/\/klinger.pt\/wp-content\/uploads\/2024\/08\/Design-sem-nome-1-150x150.jpg 150w\" sizes=\"(max-width: 250px) 100vw, 250px\" \/><\/td><td><strong><a href=\"https:\/\/klinger.pt\/klinger-water-solutions\/engenharia\/etari\/\" title=\"ETARI - TRATAMENTO DE \u00c1GUAS RESIDUAIS INDUSTRIAIS\">ETARI &#8211; TRATAMENTO DE \u00c1GUAS RESIDUAIS INDUSTRIAIS<\/a><\/strong><br><br><a href=\"https:\/\/klinger.pt\/klinger-water-solutions\/engenharia\/etari\/\" title=\"\ufffc\"><img decoding=\"async\" width=\"18\" height=\"18\" class=\"wp-image-16262\" style=\"width: 18px;\" src=\"https:\/\/klinger.pt\/wp-content\/uploads\/2022\/06\/icon-arrow-blue-double.png\" alt=\"\"><\/a><\/td><\/tr><\/tbody><\/table><\/figure>\n<\/div>\n\n\n\n<div class=\"wp-block-column is-layout-flow wp-block-column-is-layout-flow\">\n<figure class=\"wp-block-table alignleft\"><table><tbody><tr><td class=\"has-text-align-center\" data-align=\"center\"><img loading=\"lazy\" decoding=\"async\" width=\"250\" height=\"250\" class=\"wp-image-46171\" style=\"width: 250px;\" src=\"https:\/\/klinger.pt\/wp-content\/uploads\/2024\/08\/Design-sem-nome.jpg\" alt=\"\" srcset=\"https:\/\/klinger.pt\/wp-content\/uploads\/2024\/08\/Design-sem-nome.jpg 540w, https:\/\/klinger.pt\/wp-content\/uploads\/2024\/08\/Design-sem-nome-300x300.jpg 300w, https:\/\/klinger.pt\/wp-content\/uploads\/2024\/08\/Design-sem-nome-150x150.jpg 150w\" sizes=\"(max-width: 250px) 100vw, 250px\" \/><\/td><td><strong><a href=\"https:\/\/klinger.pt\/klinger-water-solutions\/engenharia\/etari-tratamento-de-aguas-residuais-urbanas\/\" title=\"\">ETAR &#8211; TRATAMENTO DE \u00c1GUAS RESIDUAIS URBANAS<\/a><\/strong><br><br><a href=\"https:\/\/klinger.pt\/produtos\/valvulas\/valvulas-de-macho-conico\/valvulas-de-esfera\/serie-intec\/\"><br><\/a><a href=\"https:\/\/klinger.pt\/klinger-water-solutions\/engenharia\/etari-tratamento-de-aguas-residuais-urbanas\/\" title=\"\ufffc\"><img decoding=\"async\" width=\"18\" height=\"18\" class=\"wp-image-16262\" style=\"width: 18px;\" src=\"https:\/\/klinger.pt\/wp-content\/uploads\/2022\/06\/icon-arrow-blue-double.png\" alt=\"\"><\/a><\/td><\/tr><\/tbody><\/table><\/figure>\n<\/div>\n<\/div>\n\n\n\n<div class=\"wp-block-columns is-layout-flex wp-container-core-columns-is-layout-9d6595d7 wp-block-columns-is-layout-flex\">\n<div class=\"wp-block-column is-layout-flow wp-block-column-is-layout-flow\">\n<figure class=\"wp-block-table\"><table class=\"has-fixed-layout\"><tbody><tr><td><img loading=\"lazy\" decoding=\"async\" width=\"250\" height=\"250\" class=\"wp-image-46177\" style=\"width: 250px;\" src=\"https:\/\/klinger.pt\/wp-content\/uploads\/2024\/08\/Design-sem-nome-2.jpg\" alt=\"\" srcset=\"https:\/\/klinger.pt\/wp-content\/uploads\/2024\/08\/Design-sem-nome-2.jpg 540w, https:\/\/klinger.pt\/wp-content\/uploads\/2024\/08\/Design-sem-nome-2-300x300.jpg 300w, https:\/\/klinger.pt\/wp-content\/uploads\/2024\/08\/Design-sem-nome-2-150x150.jpg 150w\" sizes=\"(max-width: 250px) 100vw, 250px\" \/><\/td><td><a href=\"https:\/\/klinger.pt\/klinger-water-solutions\/engenharia\/sistema-de-tratamentopara-reutilizacao\/\"><strong><br>SISTEMA DE TRATAMENTO<\/strong> <strong>PARA REUTILIZA\u00c7\u00c3O<\/strong><\/a><br><a href=\"https:\/\/klinger.pt\/klinger-water-solutions\/engenharia\/sistema-de-tratamentopara-reutilizacao\/\"><img decoding=\"async\" src=\"https:\/\/klinger.pt\/wp-content\/uploads\/2022\/06\/icon-arrow-blue-double.png\" alt=\"\"><\/a><\/td><\/tr><\/tbody><\/table><\/figure>\n<\/div>\n\n\n\n<div class=\"wp-block-column is-layout-flow wp-block-column-is-layout-flow\"><\/div>\n<\/div>\n\n\n\n<p><\/p>\n","protected":false},"excerpt":{"rendered":"<p>ENGENHARIA Tratamento de \u00c1guas da KLINGER Portugal LiberAqua, Consultoria Ambiental da KLINGER Portugal foi constitu\u00edda para criar um novo paradigma na rela\u00e7\u00e3o triangular \u2013 CLIENTE\/Ambiente\/Fornecedor. O objetivo de obter solu\u00e7\u00f5es integradas para a gest\u00e3o e tratamento de efluentes, espec\u00edficas para cada CLIENTE, n\u00e3o passa por solu\u00e7\u00f5es gen\u00e9ricas, mas sim \u00fanicas e espec\u00edficas para cada caso. [&hellip;]<\/p>\n","protected":false},"author":1,"featured_media":0,"parent":43881,"menu_order":1,"comment_status":"closed","ping_status":"closed","template":"page-templates\/secciones-principales.php","meta":{"_eb_attr":"","footnotes":""},"class_list":["post-45924","page","type-page","status-publish","hentry"],"aioseo_notices":[],"_links":{"self":[{"href":"https:\/\/klinger.pt\/en\/wp-json\/wp\/v2\/pages\/45924","targetHints":{"allow":["GET"]}}],"collection":[{"href":"https:\/\/klinger.pt\/en\/wp-json\/wp\/v2\/pages"}],"about":[{"href":"https:\/\/klinger.pt\/en\/wp-json\/wp\/v2\/types\/page"}],"author":[{"embeddable":true,"href":"https:\/\/klinger.pt\/en\/wp-json\/wp\/v2\/users\/1"}],"replies":[{"embeddable":true,"href":"https:\/\/klinger.pt\/en\/wp-json\/wp\/v2\/comments?post=45924"}],"version-history":[{"count":78,"href":"https:\/\/klinger.pt\/en\/wp-json\/wp\/v2\/pages\/45924\/revisions"}],"predecessor-version":[{"id":46614,"href":"https:\/\/klinger.pt\/en\/wp-json\/wp\/v2\/pages\/45924\/revisions\/46614"}],"up":[{"embeddable":true,"href":"https:\/\/klinger.pt\/en\/wp-json\/wp\/v2\/pages\/43881"}],"wp:attachment":[{"href":"https:\/\/klinger.pt\/en\/wp-json\/wp\/v2\/media?parent=45924"}],"curies":[{"name":"wp","href":"https:\/\/api.w.org\/{rel}","templated":true}]}}