{"id":40273,"date":"2023-03-21T11:16:08","date_gmt":"2023-03-21T11:16:08","guid":{"rendered":"https:\/\/m5j0n6nk9p.onrocket.site\/valvula-de-cunha-alta-pressao\/"},"modified":"2023-04-03T16:05:44","modified_gmt":"2023-04-03T15:05:44","slug":"high-pressure-gate-valves","status":"publish","type":"page","link":"https:\/\/klinger.pt\/en\/products\/valves\/gate-and-globe-valves\/industrial-gate-and-globe-valves\/high-pressure-gate-valves\/","title":{"rendered":"HIGH PRESSURE GATE VALVES"},"content":{"rendered":"\n<div class=\"wp-block-columns is-layout-flex wp-container-core-columns-is-layout-9d6595d7 wp-block-columns-is-layout-flex\">\n<div class=\"wp-block-column is-layout-flow wp-block-column-is-layout-flow\" style=\"flex-basis:400px\"><div class=\"wp-block-image\">\n<figure class=\"aligncenter size-full\"><img fetchpriority=\"high\" decoding=\"async\" width=\"350\" height=\"483\" src=\"https:\/\/klinger.pt\/wp-content\/uploads\/2023\/03\/Valvula-de-Cunha-AP-pag.webp\" alt=\"V\u00c1LVULA DE CUNHA ALTA PRESS\u00c3O\" class=\"wp-image-39608\" srcset=\"https:\/\/klinger.pt\/wp-content\/uploads\/2023\/03\/Valvula-de-Cunha-AP-pag.webp 350w, https:\/\/klinger.pt\/wp-content\/uploads\/2023\/03\/Valvula-de-Cunha-AP-pag-217x300.webp 217w\" sizes=\"(max-width: 350px) 100vw, 350px\" \/><\/figure>\n<\/div><\/div>\n\n\n\n<div class=\"wp-block-column is-layout-flow wp-block-column-is-layout-flow\" style=\"flex-basis:700px\">\n<h1 class=\"wp-block-heading\">HIGH PRESSURE GATE VALVES<\/h1>\n\n\n\n<p>High Pressure Gate Valves are designed to open and interrupt the flow of the medium and must not be used to throttle the flow. <\/p>\n\n\n\n<p>Installation of the gate valve can be done in any position. The gate valve should operate in the open or closed position.<\/p>\n\n\n\n<h2 class=\"wp-block-heading\">Medium<\/h2>\n\n\n\n<ul class=\"wp-block-list\">\n<li>Acids and alkalis<\/li>\n\n\n\n<li>Water<\/li>\n\n\n\n<li>Steam<\/li>\n\n\n\n<li>Other neutral liquid and gaseous substances as well as petroleum-based fuels<\/li>\n<\/ul>\n\n\n\n<h2 class=\"wp-block-heading\">PN<\/h2>\n\n\n\n<ul class=\"wp-block-list\">\n<li>PN100 to PN400<\/li>\n<\/ul>\n\n\n\n<h2 class=\"wp-block-heading\">DN<\/h2>\n\n\n\n<ul class=\"wp-block-list\">\n<li>DN50 to DN350<\/li>\n<\/ul>\n\n\n\n<h2 class=\"wp-block-heading\">Materials<\/h2>\n\n\n\n<ul class=\"wp-block-list\">\n<li>Padr\u00e3o com pino de tit\u00e2nio, resistente aos \u00e1cidos<\/li>\n<\/ul>\n\n\n\n<h2 class=\"wp-block-heading\">Temperature<\/h2>\n\n\n\n<ul class=\"wp-block-list\">\n<li>Up to 250\u00b0C for acids and alkalis<\/li>\n\n\n\n<li>Up to 550\u00b0C for neutral substances (for a soft seal \u2264 200\u00b0C)<\/li>\n<\/ul>\n<\/div>\n<\/div>\n\n\n\n<h5 class=\"wp-block-heading\"><a href=\"https:\/\/klinger.pt\/wp-content\/uploads\/2023\/03\/GATE-VALVE-TYPE-GKA100_compressed-1.pdf\" target=\"_blank\" rel=\"noopener\" title=\"\">GATE VALVE GKA100 PN100 DATA SHEET (EN)<\/a><\/h5>\n\n\n\n<h5 class=\"wp-block-heading\"><a href=\"https:\/\/klinger.pt\/wp-content\/uploads\/2023\/03\/GATE-VALVE-TYPE-ZS100-ZK100_compressed-1.pdf\" target=\"_blank\" rel=\"noopener\" title=\"GATE VALVE ZS100 ZK100 DATA SHEET (EN)\">GATE VALVE ZS100 ZK100 PN100 DATA SHEET (EN)<\/a><\/h5>\n\n\n\n<h5 class=\"wp-block-heading\"><a href=\"https:\/\/klinger.pt\/wp-content\/uploads\/2023\/03\/GATE-VALVE-TYPE-ZST100-ZKT100_compressed-1.pdf\" target=\"_blank\" rel=\"noopener\" title=\"\">GATE VALVE ZST100 ZKT100 PN100 DATA SHEET (EN)<\/a><\/h5>\n\n\n\n<h5 class=\"wp-block-heading\"><a href=\"https:\/\/klinger.pt\/wp-content\/uploads\/2023\/03\/GATE-VALVE-TYPE-GSA160-GKA160_compressed-1.pdf\" target=\"_blank\" rel=\"noopener\" title=\"\">GATE VALVE GSA160 GKA160 PN160 DATA SHEET (EN)<\/a><\/h5>\n\n\n\n<h5 class=\"wp-block-heading\"><a href=\"https:\/\/klinger.pt\/wp-content\/uploads\/2023\/03\/GATE-VALVE-TYPE-ZS160-ZK160_compressed-1.pdf\" target=\"_blank\" rel=\"noopener\" title=\"\">GATE VALVE ZS160 ZK160 PN160 DATA SHEET (EN)<\/a><\/h5>\n\n\n\n<h5 class=\"wp-block-heading\"><a href=\"https:\/\/klinger.pt\/wp-content\/uploads\/2023\/03\/GATE-VALVE-TYPE-ZST160-ZKT160_compressed-1.pdf\" target=\"_blank\" rel=\"noopener\" title=\"GATE VALVE ZST160 ZKT160 DATA SHEET (EN)\">GATE VALVE ZST160 ZKT160 PN160 DATA SHEET (EN)<\/a><\/h5>\n\n\n\n<h5 class=\"wp-block-heading\"><a href=\"https:\/\/klinger.pt\/wp-content\/uploads\/2023\/03\/GATE-VALVE-TYPE-GS250_compressed-1.pdf\" target=\"_blank\" rel=\"noopener\" title=\"\">GATE VALVE GS250 PN250 DATA SHEET (EN)<\/a><\/h5>\n\n\n\n<h5 class=\"wp-block-heading\"><a href=\"https:\/\/klinger.pt\/wp-content\/uploads\/2023\/03\/GATE-VALVE-TYPE-ZS250-ZK250_compressed-1.pdf\" target=\"_blank\" rel=\"noopener\" title=\"\">GATE VALVE ZS250 ZK250 PN250 DATA SHEET (EN)<\/a><\/h5>\n\n\n\n<h5 class=\"wp-block-heading\"><a href=\"https:\/\/klinger.pt\/wp-content\/uploads\/2023\/03\/GATE-VALVE-TYPE-ZST250-ZKT250_compressed-1.pdf\" target=\"_blank\" rel=\"noopener\" title=\"\">GATE VALVE ZST250 ZKT250 PN250 DATA SHEET (EN)<\/a><\/h5>\n\n\n\n<h5 class=\"wp-block-heading\"><a href=\"https:\/\/klinger.pt\/wp-content\/uploads\/2023\/03\/GATE-VALVE-TYPE-ZS320-ZK320_compressed-1.pdf\" target=\"_blank\" rel=\"noopener\" title=\"\">GATE VALVE ZS320 ZK320 PN320 DATA SHEET (EN)<\/a><\/h5>\n\n\n\n<h5 class=\"wp-block-heading\"><a href=\"https:\/\/klinger.pt\/wp-content\/uploads\/2023\/03\/GATE-VALVE-TYPE-ZST320_compressed-1.pdf\" target=\"_blank\" rel=\"noopener\" title=\"\">GATE VALVE ZST320 PN320 DATA SHEET (EN)<\/a><\/h5>\n\n\n\n<h5 class=\"wp-block-heading\"><a href=\"https:\/\/klinger.pt\/wp-content\/uploads\/2023\/03\/GATE-VALVE-TYPE-ZS400_compressed-1.pdf\" target=\"_blank\" rel=\"noopener\" title=\"GATE VALVE ZS400 DATA SHEET (EN)\">GATE VALVE ZS400 PN400 DATA SHEET (EN)<\/a><\/h5>\n\n\n\n<h5 class=\"wp-block-heading\"><a href=\"https:\/\/klinger.pt\/wp-content\/uploads\/2023\/03\/GATE-VALVE-TYPE-ZST400_compressed-1.pdf\" target=\"_blank\" rel=\"noopener\" title=\"\">GATE VALVE ZST400 PN400 DATA SHEET (EN)<\/a><\/h5>\n\n\n\n<p><\/p>\n","protected":false},"excerpt":{"rendered":"<p>HIGH PRESSURE GATE VALVES High Pressure Gate Valves are designed to open and interrupt the flow of the medium and must not be used to throttle the flow. Installation of the gate valve can be done in any position. The gate valve should operate in the open or closed position. Medium PN DN Materials Temperature [&hellip;]<\/p>\n","protected":false},"author":4,"featured_media":0,"parent":40279,"menu_order":0,"comment_status":"closed","ping_status":"closed","template":"page-templates\/servicios.php","meta":{"_eb_attr":"","footnotes":""},"class_list":["post-40273","page","type-page","status-publish","hentry"],"aioseo_notices":[],"_links":{"self":[{"href":"https:\/\/klinger.pt\/en\/wp-json\/wp\/v2\/pages\/40273","targetHints":{"allow":["GET"]}}],"collection":[{"href":"https:\/\/klinger.pt\/en\/wp-json\/wp\/v2\/pages"}],"about":[{"href":"https:\/\/klinger.pt\/en\/wp-json\/wp\/v2\/types\/page"}],"author":[{"embeddable":true,"href":"https:\/\/klinger.pt\/en\/wp-json\/wp\/v2\/users\/4"}],"replies":[{"embeddable":true,"href":"https:\/\/klinger.pt\/en\/wp-json\/wp\/v2\/comments?post=40273"}],"version-history":[{"count":7,"href":"https:\/\/klinger.pt\/en\/wp-json\/wp\/v2\/pages\/40273\/revisions"}],"predecessor-version":[{"id":40753,"href":"https:\/\/klinger.pt\/en\/wp-json\/wp\/v2\/pages\/40273\/revisions\/40753"}],"up":[{"embeddable":true,"href":"https:\/\/klinger.pt\/en\/wp-json\/wp\/v2\/pages\/40279"}],"wp:attachment":[{"href":"https:\/\/klinger.pt\/en\/wp-json\/wp\/v2\/media?parent=40273"}],"curies":[{"name":"wp","href":"https:\/\/api.w.org\/{rel}","templated":true}]}}