{"id":30491,"date":"2022-09-05T13:03:26","date_gmt":"2022-09-05T12:03:26","guid":{"rendered":"https:\/\/m5j0n6nk9p.onrocket.site\/ptfe\/"},"modified":"2023-08-09T11:59:43","modified_gmt":"2023-08-09T10:59:43","slug":"ptfe","status":"publish","type":"page","link":"https:\/\/klinger.pt\/en\/products\/sealing\/ptfe\/","title":{"rendered":"PTFE"},"content":{"rendered":"\n<h1 class=\"wp-block-heading\">PTFE GASKET MATERIALS<\/h1>\n\n\n\n<p class=\"intro-text\">Our PTFE-based soft sealing material offering guarantees ultimate chemical resistance and is designed to cater for the majority of gasket applications.\u00a0 Products from the KLINGER top-chem range are tailored to provide the characteristics required by their target industries. Amongst others, this includes tightness even at low surface pressures, high resistance against strong acids or strong alkaline solutions as well as good properties at medium and low temperatures.<\/p>\n\n\n\n<div class=\"wp-block-buttons has-custom-font-size has-small-font-size is-content-justification-left is-layout-flex wp-container-core-buttons-is-layout-fdcfc74e wp-block-buttons-is-layout-flex\">\n<div class=\"wp-block-button has-custom-width wp-block-button__width-25 is-style-fill\"><a class=\"wp-block-button__link has-white-color has-text-color has-background wp-element-button\" href=\"https:\/\/klinger.pt\/wp-content\/uploads\/2023\/08\/Installation_manual_english.pdf\" style=\"border-radius:0px;background-color:#003a68\" target=\"_blank\" rel=\"noreferrer noopener\">\u00bb DOWNLOAD: Installation Manual (EN)<\/a><\/div>\n<\/div>\n\n\n\n<div style=\"height:60px\" aria-hidden=\"true\" class=\"wp-block-spacer\"><\/div>\n\n\n\n<div class=\"wp-block-columns is-layout-flex wp-container-core-columns-is-layout-9d6595d7 wp-block-columns-is-layout-flex\">\n<div class=\"wp-block-column is-layout-flow wp-block-column-is-layout-flow\" style=\"font-size:14px\"><div class=\"wp-block-image\">\n<figure class=\"alignleft size-full\"><img fetchpriority=\"high\" decoding=\"async\" width=\"300\" height=\"183\" src=\"https:\/\/klinger.pt\/wp-content\/uploads\/2023\/05\/Soft-Chem.webp\" alt=\"\" class=\"wp-image-42783\"\/><\/figure>\n<\/div>\n\n\n<h2 class=\"wp-block-heading\">KLINGER&nbsp;SOFT-CHEM<\/h2>\n\n\n\n<p>KLINGER&nbsp;Soft-chem brings the sealing technology on a new level and it is the best choice for operating conditions up to 260\u00b0C.<\/p>\n\n\n\n<p>Multi-directional expanded PTFE.<\/p>\n\n\n\n<p>Excellent corrosion resistance together with superior sealability create a high-grade gasket material for a wide field of applications in your plant.<\/p>\n\n\n\n<div class=\"wp-block-buttons has-custom-font-size has-small-font-size is-content-justification-left is-layout-flex wp-container-core-buttons-is-layout-fdcfc74e wp-block-buttons-is-layout-flex\">\n<div class=\"wp-block-button has-custom-width wp-block-button__width-25 is-style-fill\"><a class=\"wp-block-button__link has-white-color has-text-color has-background wp-element-button\" href=\"https:\/\/klinger.pt\/wp-content\/uploads\/2021\/12\/Data-Sheet-soft-chem_EN.pdf\" style=\"border-radius:0px;background-color:#003a68\" target=\"_blank\" rel=\"noreferrer noopener\">\u00bb Data Sheet (EN)<\/a><\/div>\n<\/div>\n<\/div>\n\n\n\n<div class=\"wp-block-column is-layout-flow wp-block-column-is-layout-flow\" style=\"font-size:14px\"><div class=\"wp-block-image\">\n<figure class=\"alignleft size-full\"><img decoding=\"async\" width=\"300\" height=\"183\" src=\"https:\/\/klinger.pt\/wp-content\/uploads\/2023\/05\/Top-Chem-2000.webp\" alt=\"\" class=\"wp-image-42787\"\/><\/figure>\n<\/div>\n\n\n<h2 class=\"wp-block-heading\">KLINGER&nbsp;TOP-CHEM 2000<\/h2>\n\n\n\n<p>KLINGER Top-chem 2000 is a universal heavy-duty gasket, which offers an exceptional performance in applications with high mechanical requirements at high temperatures. The only PTFE gasket with a Fire-safe-certificate.<\/p>\n\n\n\n<p>PTFE gasket filled with&nbsp;SiC (Silicon carbide).<\/p>\n\n\n\n<p>Excellent resistance in strongly acidic and alkaline applications as well as to steam and oxygen. Suitable for an extremely wide range of applications in the chemical and petrochemical industry, as well as in the ship building industry for the transport of chemicals.<\/p>\n\n\n\n<div class=\"wp-block-buttons has-custom-font-size has-small-font-size is-content-justification-left is-layout-flex wp-container-core-buttons-is-layout-fdcfc74e wp-block-buttons-is-layout-flex\">\n<div class=\"wp-block-button has-custom-width wp-block-button__width-25 is-style-fill\"><a class=\"wp-block-button__link has-white-color has-text-color has-background wp-element-button\" href=\"https:\/\/klinger.pt\/wp-content\/uploads\/2021\/12\/Data-Sheet-top-chem-2000_EN.pdf\" style=\"border-radius:0px;background-color:#003a68\" target=\"_blank\" rel=\"noreferrer noopener\">\u00bb Data Sheet (EN)<\/a><\/div>\n<\/div>\n<\/div>\n<\/div>\n\n\n\n<div style=\"height:60px\" aria-hidden=\"true\" class=\"wp-block-spacer\"><\/div>\n\n\n\n<div class=\"wp-block-columns is-layout-flex wp-container-core-columns-is-layout-9d6595d7 wp-block-columns-is-layout-flex\">\n<div class=\"wp-block-column is-layout-flow wp-block-column-is-layout-flow\" style=\"font-size:14px\"><div class=\"wp-block-image\">\n<figure class=\"alignleft size-full\"><img decoding=\"async\" width=\"300\" height=\"183\" src=\"https:\/\/klinger.pt\/wp-content\/uploads\/2023\/05\/Top-Chem-2000-Soft.webp\" alt=\"\" class=\"wp-image-42785\"\/><\/figure>\n<\/div>\n\n\n<h2 class=\"wp-block-heading\">KLINGER&nbsp;TOP-CHEM 2000 SOFT<\/h2>\n\n\n\n<p>Best performance in applications with high mechanical requirements. KLINGER Top-chem 2000 Soft combines the best load bearing capacity with excellent compressibility. It consists of a unique matrix which creates a universal heavy duty gasket.<\/p>\n\n\n\n<p>Porous PTFE filled with silicon carbide.<\/p>\n\n\n\n<p>Superior chemical resistance in strongly acidic and alkaline applications. It shows exceptional performance in applications with high mechanical requirements at high temperatures. KLINGER<sup>\u00ae<\/sup>top-chem 2000<em>soft<\/em>&nbsp;has a high conformability and is ideal for maintaining a tight seal even at low surface loads.<\/p>\n\n\n\n<div class=\"wp-block-buttons has-custom-font-size has-small-font-size is-content-justification-left is-layout-flex wp-container-core-buttons-is-layout-fdcfc74e wp-block-buttons-is-layout-flex\">\n<div class=\"wp-block-button has-custom-width wp-block-button__width-25 is-style-fill\"><a class=\"wp-block-button__link has-white-color has-text-color has-background wp-element-button\" href=\"https:\/\/klinger.pt\/wp-content\/uploads\/2021\/12\/Data-Sheet-top-chem-2000soft_EN.pdf\" style=\"border-radius:0px;background-color:#003a68\" target=\"_blank\" rel=\"noreferrer noopener\">\u00bb Data Sheet (EN)<\/a><\/div>\n<\/div>\n<\/div>\n\n\n\n<div class=\"wp-block-column is-layout-flow wp-block-column-is-layout-flow\" style=\"font-size:14px\"><div class=\"wp-block-image\">\n<figure class=\"alignleft size-full\"><img loading=\"lazy\" decoding=\"async\" width=\"300\" height=\"183\" src=\"https:\/\/klinger.pt\/wp-content\/uploads\/2023\/05\/Top-Chem-2003.webp\" alt=\"\" class=\"wp-image-42781\"\/><\/figure>\n<\/div>\n\n\n<h2 class=\"wp-block-heading\">KLINGER&nbsp;TOP-CHEM 2003<\/h2>\n\n\n\n<p>KLINGER<sup> <\/sup>Top-chem 2003 offers a high adaptability and tightness even at low surface loads.<\/p>\n\n\n\n<p>PTFE gasket filled with hollow glass-microspheres.<\/p>\n\n\n\n<p>Excellent chemical resistance in strongly acidic and alkaline applications as well as very good properties at medium temperatures and loads.<\/p>\n\n\n\n<div class=\"wp-block-buttons has-custom-font-size has-small-font-size is-content-justification-left is-layout-flex wp-container-core-buttons-is-layout-fdcfc74e wp-block-buttons-is-layout-flex\">\n<div class=\"wp-block-button has-custom-width wp-block-button__width-25 is-style-fill\"><a class=\"wp-block-button__link has-white-color has-text-color has-background wp-element-button\" href=\"https:\/\/klinger.pt\/wp-content\/uploads\/2021\/12\/Data-Sheet-top-chem-2003_EN.pdf\" style=\"border-radius:0px;background-color:#003a68\" target=\"_blank\" rel=\"noreferrer noopener\">\u00bb Data Sheet (EN)<\/a><\/div>\n<\/div>\n<\/div>\n<\/div>\n\n\n\n<div style=\"height:60px\" aria-hidden=\"true\" class=\"wp-block-spacer\"><\/div>\n\n\n\n<div class=\"wp-block-columns is-layout-flex wp-container-core-columns-is-layout-9d6595d7 wp-block-columns-is-layout-flex\">\n<div class=\"wp-block-column is-layout-flow wp-block-column-is-layout-flow\" style=\"font-size:14px\"><div class=\"wp-block-image\">\n<figure class=\"alignleft size-full\"><img loading=\"lazy\" decoding=\"async\" width=\"186\" height=\"183\" src=\"https:\/\/klinger.pt\/wp-content\/uploads\/2023\/05\/Sealex.webp\" alt=\"\" class=\"wp-image-42789\"\/><\/figure>\n<\/div>\n\n\n<h2 class=\"wp-block-heading\">KLINGER SEALEX<\/h2>\n\n\n\n<p>Solu\u00e7\u00e3o 100% PTFE puro, a veda\u00e7\u00e3o em rolo KLINGER Sealex \u00e9 a solu\u00e7\u00e3o de veda\u00e7\u00e3o universal. Veda\u00e7\u00e3o macia e altamente compress\u00edvel para uma vida \u00fatil mais longa e veda\u00e7\u00e3o sem problemas. A sua versatilidade no local tamb\u00e9m reduz os custos de manuten\u00e7\u00e3o e armazenamento. A alta compressibilidade do KLINGER Sealex permite que ele preencha efetivamente as imperfei\u00e7\u00f5es da flange para uma veda\u00e7\u00e3o estanque e sem fugas. Sob press\u00e3o, fornece uma veda\u00e7\u00e3o larga, fina e semelhante a uma fita. Ao contr\u00e1rio do PTFE convencional que \u00e9 propenso a varia\u00e7\u00f5es de temperatura, o KLINGER Sealex tem boa resist\u00eancia nestas condi\u00e7\u00f5es.<\/p>\n\n\n\n<p>O Sealex n\u00e3o causa contamina\u00e7\u00e3o do produto e em conformidade com FDA. Praticamente n\u00e3o h\u00e1 preocupa\u00e7\u00f5es com o prazo de validade, uma vez que o PTFE n\u00e3o \u00e9 afetado por condi\u00e7\u00f5es ambientais normais.<\/p>\n\n\n\n<p>Com excelentes propriedades de resist\u00eancia ao ataque qu\u00edmico, KLINGER Sealex \u00e9 ideal para a maioria dos servi\u00e7os qu\u00edmicos em temperaturas de at\u00e9 500\u00b0F (260\u00b0C) e press\u00e3o de at\u00e9 2.000 psi (138 bar). Tamb\u00e9m \u00e9 adequado para uso criog\u00eanico at\u00e9 -321\u00b0F (-196\u00b0C).<\/p>\n\n\n\n<div class=\"wp-block-buttons has-custom-font-size has-small-font-size is-content-justification-left is-layout-flex wp-container-core-buttons-is-layout-fdcfc74e wp-block-buttons-is-layout-flex\">\n<div class=\"wp-block-button has-custom-width wp-block-button__width-25 is-style-fill\"><a class=\"wp-block-button__link has-white-color has-text-color has-background wp-element-button\" href=\"https:\/\/klinger.pt\/wp-content\/uploads\/2023\/01\/Data-Sheet-KLINGER-Sealex_compressed.pdf\" style=\"border-radius:0px;background-color:#003a68\" target=\"_blank\" rel=\"noreferrer noopener\">\u00bb Data Sheet (EN)<\/a><\/div>\n<\/div>\n<\/div>\n\n\n\n<div class=\"wp-block-column is-layout-flow wp-block-column-is-layout-flow\" style=\"font-size:14px\"><\/div>\n<\/div>\n","protected":false},"excerpt":{"rendered":"<p>PTFE GASKET MATERIALS Our PTFE-based soft sealing material offering guarantees ultimate chemical resistance and is designed to cater for the majority of gasket applications.\u00a0 Products from the KLINGER top-chem range are tailored to provide the characteristics required by their target industries. Amongst others, this includes tightness even at low surface pressures, high resistance against strong [&hellip;]<\/p>\n","protected":false},"author":1,"featured_media":42560,"parent":30593,"menu_order":0,"comment_status":"closed","ping_status":"closed","template":"page-templates\/servicios.php","meta":{"_eb_attr":"","footnotes":""},"class_list":["post-30491","page","type-page","status-publish","has-post-thumbnail","hentry"],"aioseo_notices":[],"_links":{"self":[{"href":"https:\/\/klinger.pt\/en\/wp-json\/wp\/v2\/pages\/30491","targetHints":{"allow":["GET"]}}],"collection":[{"href":"https:\/\/klinger.pt\/en\/wp-json\/wp\/v2\/pages"}],"about":[{"href":"https:\/\/klinger.pt\/en\/wp-json\/wp\/v2\/types\/page"}],"author":[{"embeddable":true,"href":"https:\/\/klinger.pt\/en\/wp-json\/wp\/v2\/users\/1"}],"replies":[{"embeddable":true,"href":"https:\/\/klinger.pt\/en\/wp-json\/wp\/v2\/comments?post=30491"}],"version-history":[{"count":8,"href":"https:\/\/klinger.pt\/en\/wp-json\/wp\/v2\/pages\/30491\/revisions"}],"predecessor-version":[{"id":44961,"href":"https:\/\/klinger.pt\/en\/wp-json\/wp\/v2\/pages\/30491\/revisions\/44961"}],"up":[{"embeddable":true,"href":"https:\/\/klinger.pt\/en\/wp-json\/wp\/v2\/pages\/30593"}],"wp:featuredmedia":[{"embeddable":true,"href":"https:\/\/klinger.pt\/en\/wp-json\/wp\/v2\/media\/42560"}],"wp:attachment":[{"href":"https:\/\/klinger.pt\/en\/wp-json\/wp\/v2\/media?parent=30491"}],"curies":[{"name":"wp","href":"https:\/\/api.w.org\/{rel}","templated":true}]}}