{"id":25543,"date":"2022-08-19T13:39:45","date_gmt":"2022-08-19T12:39:45","guid":{"rendered":"https:\/\/m5j0n6nk9p.onrocket.site\/threaded\/"},"modified":"2023-04-05T09:54:39","modified_gmt":"2023-04-05T08:54:39","slug":"threaded","status":"publish","type":"page","link":"https:\/\/klinger.pt\/en\/products\/valves\/check-valves\/low-pressure-check-valves\/threaded\/","title":{"rendered":"THREADED CHECK VALVES"},"content":{"rendered":"\n<h1 class=\"wp-block-heading\">THREADED CHECK VALVES<\/h1>\n\n\n\n<div class=\"wp-block-group\"><div class=\"wp-block-group__inner-container is-layout-constrained wp-block-group-is-layout-constrained\">\n<div class=\"wp-block-columns is-layout-flex wp-container-core-columns-is-layout-9d6595d7 wp-block-columns-is-layout-flex\">\n<div class=\"wp-block-column is-layout-flow wp-block-column-is-layout-flow\" style=\"flex-basis:300px\">\n<figure class=\"wp-block-image size-full\"><img fetchpriority=\"high\" decoding=\"async\" width=\"223\" height=\"230\" src=\"https:\/\/klinger.pt\/wp-content\/uploads\/2023\/03\/TYPE-2280-copiar.webp\" alt=\"THREADED CHECK VALVES\" class=\"wp-image-40572\"\/><\/figure>\n\n\n\n<figure class=\"wp-block-image size-full\"><img decoding=\"async\" width=\"142\" height=\"142\" src=\"https:\/\/klinger.pt\/wp-content\/uploads\/2023\/03\/TYPE-2280_2-copiar.webp\" alt=\"THREADED CHECK VALVES\" class=\"wp-image-40574\"\/><\/figure>\n<\/div>\n\n\n\n<div class=\"wp-block-column is-layout-flow wp-block-column-is-layout-flow\" style=\"flex-basis:700px\">\n<h2 class=\"wp-block-heading\">Check valve in brass 2280<\/h2>\n\n\n\n<p>RG &#8211; female threaded, Spring-loaded<\/p>\n\n\n\n<h3 class=\"wp-block-heading\">General data:<\/h3>\n\n\n\n<ul class=\"wp-block-list\">\n<li>Application:&nbsp;Water, non-aggressive liquids and gases<\/li>\n\n\n\n<li>Universal mounting<\/li>\n\n\n\n<li>Material: Brass CuZn40Pb2<\/li>\n\n\n\n<li>Pressure class: 3\/8\u2033-1\u2033: PN 16 1 1\/4\u2033-2\u2033: PN 10 2 1\/2\u2033-4\u2033: PN 8<\/li>\n\n\n\n<li>Disc: POM<\/li>\n\n\n\n<li>Sealing: NBR<\/li>\n\n\n\n<li>Spring: AISI302<\/li>\n\n\n\n<li>Connection: Female threaded acc. to ISO 228<\/li>\n\n\n\n<li>Temperature: -10\u00baC to 90\u00baC. Max. PN at 23\u00b0C<\/li>\n<\/ul>\n\n\n\n<h5 class=\"wp-block-heading\"><a href=\"https:\/\/klinger.pt\/wp-content\/uploads\/2023\/03\/2280.pdf\" target=\"_blank\" rel=\"noopener\" title=\"FICHA T\u00c9CNICA 2280 (EN)\">DATA SHEET 2280 (EN)<\/a><\/h5>\n<\/div>\n<\/div>\n<\/div><\/div>\n\n\n\n<div class=\"wp-block-group\"><div class=\"wp-block-group__inner-container is-layout-constrained wp-block-group-is-layout-constrained\">\n<div class=\"wp-block-columns is-layout-flex wp-container-core-columns-is-layout-9d6595d7 wp-block-columns-is-layout-flex\">\n<div class=\"wp-block-column is-layout-flow wp-block-column-is-layout-flow\" style=\"flex-basis:300px\">\n<figure class=\"wp-block-image size-full\"><img decoding=\"async\" width=\"243\" height=\"268\" src=\"https:\/\/klinger.pt\/wp-content\/uploads\/2023\/03\/TYPE-541-copiar.webp\" alt=\"THREADED CHECK VALVES\" class=\"wp-image-40566\"\/><\/figure>\n\n\n\n<figure class=\"wp-block-image size-full\"><img loading=\"lazy\" decoding=\"async\" width=\"300\" height=\"300\" src=\"https:\/\/klinger.pt\/wp-content\/uploads\/2023\/03\/TYPE-541_2-copiar.webp\" alt=\"THREADED CHECK VALVES\" class=\"wp-image-40568\" srcset=\"https:\/\/klinger.pt\/wp-content\/uploads\/2023\/03\/TYPE-541_2-copiar.webp 300w, https:\/\/klinger.pt\/wp-content\/uploads\/2023\/03\/TYPE-541_2-copiar-150x150.webp 150w\" sizes=\"(max-width: 300px) 100vw, 300px\" \/><\/figure>\n<\/div>\n\n\n\n<div class=\"wp-block-column is-layout-flow wp-block-column-is-layout-flow\" style=\"flex-basis:700px\">\n<h2 class=\"wp-block-heading\">Check valve in stainless steel 316 &#8211; 541 model<\/h2>\n\n\n\n<p>RG \u2013 female threaded, Spring-loaded<\/p>\n\n\n\n<h3 class=\"wp-block-heading\">General data:<\/h3>\n\n\n\n<ul class=\"wp-block-list\">\n<li>Aplica\u00e7\u00e3o: \u00c1gua, l\u00edquidos e gases n\u00e3o agressivos<\/li>\n\n\n\n<li>Montagem universal<\/li>\n\n\n\n<li>Material: AISI 316<\/li>\n\n\n\n<li>Pressure class: PN 16<\/li>\n\n\n\n<li>Disc: 316<\/li>\n\n\n\n<li>Sealing: FKM(viton). Option EPDM, PTFE or NBR<\/li>\n\n\n\n<li>Spring: AISI302<\/li>\n\n\n\n<li>Connection: Female threaded acc. to ISO 7\/1<\/li>\n\n\n\n<li>Temperature: NBR -25\u00baC to 90\u00baC; EPDM -20\u00baC to 110\u00baC; FKM -20\u00baC to 150\u00baC; PTFE -20\u00baC to 200\u00baC<\/li>\n<\/ul>\n\n\n\n<h5 class=\"wp-block-heading\"><a href=\"https:\/\/klinger.pt\/wp-content\/uploads\/2023\/03\/541.pdf\" target=\"_blank\" rel=\"noopener\" title=\"FICHA T\u00c9CNICA 2280 (EN)\">DATA SHEET 541 (EN)<\/a><\/h5>\n<\/div>\n<\/div>\n<\/div><\/div>\n\n\n\n<div class=\"wp-block-group\"><div class=\"wp-block-group__inner-container is-layout-constrained wp-block-group-is-layout-constrained\">\n<div class=\"wp-block-columns is-layout-flex wp-container-core-columns-is-layout-9d6595d7 wp-block-columns-is-layout-flex\">\n<div class=\"wp-block-column is-layout-flow wp-block-column-is-layout-flow\" style=\"flex-basis:300px\">\n<figure class=\"wp-block-image size-full\"><img loading=\"lazy\" decoding=\"async\" width=\"293\" height=\"309\" src=\"https:\/\/klinger.pt\/wp-content\/uploads\/2023\/03\/TYPE-2250-copiar.webp\" alt=\"THREADED CHECK VALVES\" class=\"wp-image-40570\" srcset=\"https:\/\/klinger.pt\/wp-content\/uploads\/2023\/03\/TYPE-2250-copiar.webp 293w, https:\/\/klinger.pt\/wp-content\/uploads\/2023\/03\/TYPE-2250-copiar-284x300.webp 284w\" sizes=\"(max-width: 293px) 100vw, 293px\" \/><\/figure>\n<\/div>\n\n\n\n<div class=\"wp-block-column is-layout-flow wp-block-column-is-layout-flow\" style=\"flex-basis:700px\">\n<h2 class=\"wp-block-heading\">Check disc valve, brass 2250<\/h2>\n\n\n\n<p>RG \u2013 threaded sleeves, hinged disc<\/p>\n\n\n\n<h3 class=\"wp-block-heading\">General data:<\/h3>\n\n\n\n<ul class=\"wp-block-list\">\n<li>Application: water, steam, condensate and non-aggressive liquids<\/li>\n\n\n\n<li>With hinged disc at horizontal mounting<\/li>\n\n\n\n<li>Material: Gun metal Rg 5<\/li>\n\n\n\n<li>Pressure class: PN 16<\/li>\n\n\n\n<li>Disc: Brass<\/li>\n\n\n\n<li>Seat: Bronze<\/li>\n\n\n\n<li>Temperature: 30\u00baC to 16 bar, 150\u00baC to 8 bar<\/li>\n<\/ul>\n\n\n\n<h5 class=\"wp-block-heading\"><a href=\"https:\/\/klinger.pt\/wp-content\/uploads\/2023\/03\/2250.pdf\" target=\"_blank\" rel=\"noopener\" title=\"FICHA T\u00c9CNICA 2280 (EN)\">DATA SHEET 2250 (EN)<\/a><\/h5>\n<\/div>\n<\/div>\n<\/div><\/div>\n\n\n\n<div class=\"wp-block-group\"><div class=\"wp-block-group__inner-container is-layout-constrained wp-block-group-is-layout-constrained\">\n<div class=\"wp-block-columns is-layout-flex wp-container-core-columns-is-layout-9d6595d7 wp-block-columns-is-layout-flex\">\n<div class=\"wp-block-column is-layout-flow wp-block-column-is-layout-flow\" style=\"flex-basis:300px\">\n<figure class=\"wp-block-image size-full\"><img loading=\"lazy\" decoding=\"async\" width=\"290\" height=\"290\" src=\"https:\/\/klinger.pt\/wp-content\/uploads\/2023\/03\/TYPE-05012-copiar.webp\" alt=\"THREADED CHECK VALVES\" class=\"wp-image-40554\" srcset=\"https:\/\/klinger.pt\/wp-content\/uploads\/2023\/03\/TYPE-05012-copiar.webp 290w, https:\/\/klinger.pt\/wp-content\/uploads\/2023\/03\/TYPE-05012-copiar-150x150.webp 150w\" sizes=\"(max-width: 290px) 100vw, 290px\" \/><\/figure>\n\n\n\n<figure class=\"wp-block-image size-full\"><img loading=\"lazy\" decoding=\"async\" width=\"290\" height=\"290\" src=\"https:\/\/klinger.pt\/wp-content\/uploads\/2023\/03\/TYPE-05012_2-copiar.webp\" alt=\"THREADED CHECK VALVES\" class=\"wp-image-40556\" srcset=\"https:\/\/klinger.pt\/wp-content\/uploads\/2023\/03\/TYPE-05012_2-copiar.webp 290w, https:\/\/klinger.pt\/wp-content\/uploads\/2023\/03\/TYPE-05012_2-copiar-150x150.webp 150w\" sizes=\"(max-width: 290px) 100vw, 290px\" \/><\/figure>\n<\/div>\n\n\n\n<div class=\"wp-block-column is-layout-flow wp-block-column-is-layout-flow\" style=\"flex-basis:700px\">\n<h2 class=\"wp-block-heading\">Seat check valve in gun metal 05012<\/h2>\n\n\n\n<p>RG \u2013 female threaded, hinged disc<\/p>\n\n\n\n<h3 class=\"wp-block-heading\">General data:<\/h3>\n\n\n\n<ul class=\"wp-block-list\">\n<li>Application: water, steam, condensate and non-aggressive liquids<\/li>\n\n\n\n<li>&nbsp;With spring loaded cone<\/li>\n\n\n\n<li>Type: 05012<\/li>\n\n\n\n<li>Material: Gun metal CC491K<\/li>\n\n\n\n<li>Pressure class: PN 16<\/li>\n\n\n\n<li>Disc: Brass<\/li>\n\n\n\n<li>Spring: Stainless steel<\/li>\n\n\n\n<li>Seat: Bronze Rg 5\/PTFE<\/li>\n\n\n\n<li>Temperature: 80\u00baC to 16 bar, 120\u00baC to 10 bar<\/li>\n\n\n\n<li>Connection: Inner thread acc. to ISO 228\/1<\/li>\n<\/ul>\n\n\n\n<h5 class=\"wp-block-heading\"><a href=\"https:\/\/klinger.pt\/wp-content\/uploads\/2023\/03\/05012.pdf\" target=\"_blank\" rel=\"noopener\" title=\"FICHA T\u00c9CNICA 2280 (EN)\">DATA SHEET 05012 (EN)<\/a><\/h5>\n<\/div>\n<\/div>\n<\/div><\/div>\n\n\n\n<div class=\"wp-block-group\"><div class=\"wp-block-group__inner-container is-layout-constrained wp-block-group-is-layout-constrained\">\n<div class=\"wp-block-columns is-layout-flex wp-container-core-columns-is-layout-9d6595d7 wp-block-columns-is-layout-flex\">\n<div class=\"wp-block-column is-layout-flow wp-block-column-is-layout-flow\" style=\"flex-basis:300px\"><div class=\"wp-block-image\">\n<figure class=\"aligncenter size-full\"><img loading=\"lazy\" decoding=\"async\" width=\"337\" height=\"333\" src=\"https:\/\/klinger.pt\/wp-content\/uploads\/2023\/03\/TYPE-S3P_2-copiar.webp\" alt=\"THREADED CHECK VALVES\" class=\"wp-image-40560\" srcset=\"https:\/\/klinger.pt\/wp-content\/uploads\/2023\/03\/TYPE-S3P_2-copiar.webp 337w, https:\/\/klinger.pt\/wp-content\/uploads\/2023\/03\/TYPE-S3P_2-copiar-300x296.webp 300w\" sizes=\"(max-width: 337px) 100vw, 337px\" \/><\/figure>\n<\/div>\n\n\n<figure class=\"wp-block-image size-full\"><img loading=\"lazy\" decoding=\"async\" width=\"400\" height=\"400\" src=\"https:\/\/klinger.pt\/wp-content\/uploads\/2023\/03\/TYPE-S3P_3-copiar.webp\" alt=\"THREADED CHECK VALVES\" class=\"wp-image-40562\" srcset=\"https:\/\/klinger.pt\/wp-content\/uploads\/2023\/03\/TYPE-S3P_3-copiar.webp 400w, https:\/\/klinger.pt\/wp-content\/uploads\/2023\/03\/TYPE-S3P_3-copiar-300x300.webp 300w, https:\/\/klinger.pt\/wp-content\/uploads\/2023\/03\/TYPE-S3P_3-copiar-150x150.webp 150w\" sizes=\"(max-width: 400px) 100vw, 400px\" \/><\/figure>\n<\/div>\n\n\n\n<div class=\"wp-block-column is-layout-flow wp-block-column-is-layout-flow\" style=\"flex-basis:700px\">\n<h2 class=\"wp-block-heading\">Check valve, 3-piece, stainless steel S3P<\/h2>\n\n\n\n<p>Check valve, 3-piece<\/p>\n\n\n\n<h3 class=\"wp-block-heading\">General data:<\/h3>\n\n\n\n<ul class=\"wp-block-list\">\n<li>Aplica\u00e7\u00e3o: \u00c1gua, l\u00edquido, \u00f3leo, vapor, ar<\/li>\n\n\n\n<li>Low pressure drop<\/li>\n\n\n\n<li>Metallic sealing<\/li>\n\n\n\n<li>Easy to maintain<\/li>\n\n\n\n<li>Material: Stainless steell: 1.4408 (316)<\/li>\n\n\n\n<li>Pressure class: PN63 (1000psi)<\/li>\n\n\n\n<li>Disc: Stainless steel 1.4408 (316)<\/li>\n\n\n\n<li>Spring\/Holder: Stainless steel 316<\/li>\n\n\n\n<li>Body sealing: PTFE<\/li>\n\n\n\n<li>Screws\/nuts: Stainless steel SS304<\/li>\n\n\n\n<li>Connection: BSP; NPT female threaded; SW; BW<\/li>\n\n\n\n<li>Temperature: -10\u00b0 to + 180\u00b0C<\/li>\n\n\n\n<li>Test: EN12266-1 \/ API598<\/li>\n<\/ul>\n\n\n\n<h5 class=\"wp-block-heading\"><a href=\"https:\/\/klinger.pt\/wp-content\/uploads\/2023\/03\/S3P-Threaded.pdf\" target=\"_blank\" rel=\"noopener\" title=\"FICHA T\u00c9CNICA 2280 (EN)\">DATA SHEET S3P (EN)<\/a><\/h5>\n<\/div>\n<\/div>\n<\/div><\/div>\n\n\n\n<div style=\"height:25px\" aria-hidden=\"true\" class=\"wp-block-spacer\"><\/div>\n\n\n\n<div style=\"height:25px\" aria-hidden=\"true\" class=\"wp-block-spacer\"><\/div>\n","protected":false},"excerpt":{"rendered":"<p>THREADED CHECK VALVES Check valve in brass 2280 RG &#8211; female threaded, Spring-loaded General data: DATA SHEET 2280 (EN) Check valve in stainless steel 316 &#8211; 541 model RG \u2013 female threaded, Spring-loaded General data: DATA SHEET 541 (EN) Check disc valve, brass 2250 RG \u2013 threaded sleeves, hinged disc General data: DATA SHEET 2250 [&hellip;]<\/p>\n","protected":false},"author":1,"featured_media":19950,"parent":27131,"menu_order":0,"comment_status":"closed","ping_status":"closed","template":"page-templates\/servicios.php","meta":{"_eb_attr":"","footnotes":""},"class_list":["post-25543","page","type-page","status-publish","has-post-thumbnail","hentry"],"aioseo_notices":[],"_links":{"self":[{"href":"https:\/\/klinger.pt\/en\/wp-json\/wp\/v2\/pages\/25543","targetHints":{"allow":["GET"]}}],"collection":[{"href":"https:\/\/klinger.pt\/en\/wp-json\/wp\/v2\/pages"}],"about":[{"href":"https:\/\/klinger.pt\/en\/wp-json\/wp\/v2\/types\/page"}],"author":[{"embeddable":true,"href":"https:\/\/klinger.pt\/en\/wp-json\/wp\/v2\/users\/1"}],"replies":[{"embeddable":true,"href":"https:\/\/klinger.pt\/en\/wp-json\/wp\/v2\/comments?post=25543"}],"version-history":[{"count":9,"href":"https:\/\/klinger.pt\/en\/wp-json\/wp\/v2\/pages\/25543\/revisions"}],"predecessor-version":[{"id":40790,"href":"https:\/\/klinger.pt\/en\/wp-json\/wp\/v2\/pages\/25543\/revisions\/40790"}],"up":[{"embeddable":true,"href":"https:\/\/klinger.pt\/en\/wp-json\/wp\/v2\/pages\/27131"}],"wp:featuredmedia":[{"embeddable":true,"href":"https:\/\/klinger.pt\/en\/wp-json\/wp\/v2\/media\/19950"}],"wp:attachment":[{"href":"https:\/\/klinger.pt\/en\/wp-json\/wp\/v2\/media?parent=25543"}],"curies":[{"name":"wp","href":"https:\/\/api.w.org\/{rel}","templated":true}]}}