{"id":25447,"date":"2022-08-19T12:10:41","date_gmt":"2022-08-19T11:10:41","guid":{"rendered":"https:\/\/m5j0n6nk9p.onrocket.site\/flanged\/c-flow-model\/"},"modified":"2023-06-01T09:38:00","modified_gmt":"2023-06-01T08:38:00","slug":"c-flow-model","status":"publish","type":"page","link":"https:\/\/klinger.pt\/en\/products\/valves\/check-valves\/low-pressure-check-valves\/flanged\/c-flow-model\/","title":{"rendered":"CHECK BALL VALVE"},"content":{"rendered":"\n<div class=\"wp-block-columns is-layout-flex wp-container-core-columns-is-layout-9d6595d7 wp-block-columns-is-layout-flex\">\n<div class=\"wp-block-column is-layout-flow wp-block-column-is-layout-flow\" style=\"flex-basis:400px\">\n<figure class=\"wp-block-image size-full\"><img fetchpriority=\"high\" decoding=\"async\" width=\"700\" height=\"483\" src=\"https:\/\/klinger.pt\/wp-content\/uploads\/2023\/06\/Valvula-de-retencao-de-esfera-flangeada-site.webp\" alt=\"\" class=\"wp-image-42888\" srcset=\"https:\/\/klinger.pt\/wp-content\/uploads\/2023\/06\/Valvula-de-retencao-de-esfera-flangeada-site.webp 700w, https:\/\/klinger.pt\/wp-content\/uploads\/2023\/06\/Valvula-de-retencao-de-esfera-flangeada-site-300x207.webp 300w\" sizes=\"(max-width: 700px) 100vw, 700px\" \/><\/figure>\n\n\n\n<figure class=\"wp-block-image size-full\"><img decoding=\"async\" width=\"700\" height=\"226\" src=\"https:\/\/klinger.pt\/wp-content\/uploads\/2023\/06\/Valvula-de-retencao-de-esfera-flangeada-quadro-site-1.webp\" alt=\"\" class=\"wp-image-42891\" srcset=\"https:\/\/klinger.pt\/wp-content\/uploads\/2023\/06\/Valvula-de-retencao-de-esfera-flangeada-quadro-site-1.webp 700w, https:\/\/klinger.pt\/wp-content\/uploads\/2023\/06\/Valvula-de-retencao-de-esfera-flangeada-quadro-site-1-300x97.webp 300w\" sizes=\"(max-width: 700px) 100vw, 700px\" \/><\/figure>\n<\/div>\n\n\n\n<div class=\"wp-block-column is-layout-flow wp-block-column-is-layout-flow\" style=\"flex-basis:700px\">\n<h1 class=\"wp-block-heading\">CHECK BALL VALVE<\/h1>\n\n\n\n<p>The Check Ball Valve is specially designed for wastewater, sewage, and sticky fluid applications.<\/p>\n\n\n\n<h2 class=\"wp-block-heading\">General features:<\/h2>\n\n\n\n<ul class=\"wp-block-list\">\n<li>Range from ND50 to ND600.<\/li>\n\n\n\n<li>The rubber ball is fully encapsulated for superior sealing and corrosion resistance.<\/li>\n\n\n\n<li>Horizontal or vertical installation.<\/li>\n\n\n\n<li>Low noise.<\/li>\n\n\n\n<li>100% seal to 0.3 bar<\/li>\n\n\n\n<li>Epoxy paint 250 micron RAL 5015.<\/li>\n<\/ul>\n\n\n\n<h2 class=\"wp-block-heading\">Standard:<\/h2>\n\n\n\n<ul class=\"wp-block-list\">\n<li>Design: BS5153, EN 1074-3.<\/li>\n\n\n\n<li>Distance between faces: EN 558-1 Series 48.<\/li>\n\n\n\n<li>Flange mounting: PN10 \/ 16 EN 1092-2, ISO 7005-2.<\/li>\n\n\n\n<li>Pressure test: EN 12266-1 Rate A.<\/li>\n\n\n\n<li>Body: 24 bar. Seat: 11 bar.<\/li>\n\n\n\n<li>EU Directive 2014\/68 \/ EU Pressure Equipment: Cat. III mod H.<\/li>\n<\/ul>\n\n\n\n<h2 class=\"wp-block-heading\">Working conditions:<\/h2>\n\n\n\n<ul class=\"wp-block-list\">\n<li>Maximum working pressure: 16 bar.<\/li>\n\n\n\n<li>Working temperature: &#8211; 5 \u00b0C \/ + 90 \u00b0C.<\/li>\n\n\n\n<li>Suitable media: water.<\/li>\n\n\n\n<li>Consult factory for other applications.<\/li>\n<\/ul>\n<\/div>\n<\/div>\n\n\n\n<h5 class=\"wp-block-heading\"><a href=\"https:\/\/klinger.pt\/wp-content\/uploads\/2023\/06\/Ficha-tecnica-Valvula-de-Retencao-de-Esfera_compressed.pdf\" target=\"_blank\" rel=\"noopener\" title=\"\">FICHA T\u00c9CNICA V\u00c1LVULA DE RETEN\u00c7\u00c3O DE ESFERA (PT)<\/a><\/h5>\n","protected":false},"excerpt":{"rendered":"<p>CHECK BALL VALVE The Check Ball Valve is specially designed for wastewater, sewage, and sticky fluid applications. General features: Standard: Working conditions: FICHA T\u00c9CNICA V\u00c1LVULA DE RETEN\u00c7\u00c3O DE ESFERA (PT)<\/p>\n","protected":false},"author":1,"featured_media":0,"parent":25437,"menu_order":0,"comment_status":"closed","ping_status":"closed","template":"page-templates\/servicios.php","meta":{"_eb_attr":"","footnotes":""},"class_list":["post-25447","page","type-page","status-publish","hentry"],"aioseo_notices":[],"_links":{"self":[{"href":"https:\/\/klinger.pt\/en\/wp-json\/wp\/v2\/pages\/25447","targetHints":{"allow":["GET"]}}],"collection":[{"href":"https:\/\/klinger.pt\/en\/wp-json\/wp\/v2\/pages"}],"about":[{"href":"https:\/\/klinger.pt\/en\/wp-json\/wp\/v2\/types\/page"}],"author":[{"embeddable":true,"href":"https:\/\/klinger.pt\/en\/wp-json\/wp\/v2\/users\/1"}],"replies":[{"embeddable":true,"href":"https:\/\/klinger.pt\/en\/wp-json\/wp\/v2\/comments?post=25447"}],"version-history":[{"count":3,"href":"https:\/\/klinger.pt\/en\/wp-json\/wp\/v2\/pages\/25447\/revisions"}],"predecessor-version":[{"id":42895,"href":"https:\/\/klinger.pt\/en\/wp-json\/wp\/v2\/pages\/25447\/revisions\/42895"}],"up":[{"embeddable":true,"href":"https:\/\/klinger.pt\/en\/wp-json\/wp\/v2\/pages\/25437"}],"wp:attachment":[{"href":"https:\/\/klinger.pt\/en\/wp-json\/wp\/v2\/media?parent=25447"}],"curies":[{"name":"wp","href":"https:\/\/api.w.org\/{rel}","templated":true}]}}