{"id":21174,"date":"2020-07-03T14:33:18","date_gmt":"2020-07-03T13:33:18","guid":{"rendered":"https:\/\/m5j0n6nk9p.onrocket.site\/automatic-polymer-preparator-2\/"},"modified":"2025-02-14T15:59:42","modified_gmt":"2025-02-14T15:59:42","slug":"preparadores-de-polimero","status":"publish","type":"page","link":"https:\/\/klinger.pt\/en\/preparadores-de-polimero\/","title":{"rendered":"DOSING SYSTEMS"},"content":{"rendered":"\n<div class=\"wp-block-columns is-layout-flex wp-container-core-columns-is-layout-9d6595d7 wp-block-columns-is-layout-flex\">\n<div class=\"wp-block-column is-layout-flow wp-block-column-is-layout-flow\" style=\"flex-basis:300px\">\n<figure class=\"wp-block-image size-large is-resized\"><img fetchpriority=\"high\" decoding=\"async\" src=\"https:\/\/klinger.pt\/wp-content\/uploads\/2022\/09\/IMG_0873-875x1024.png\" alt=\"preparadores de pol&#xED;mero\" class=\"wp-image-27980\" width=\"224\" height=\"262\" srcset=\"https:\/\/klinger.pt\/wp-content\/uploads\/2022\/09\/IMG_0873-875x1024.png 875w, https:\/\/klinger.pt\/wp-content\/uploads\/2022\/09\/IMG_0873-256x300.png 256w, https:\/\/klinger.pt\/wp-content\/uploads\/2022\/09\/IMG_0873-768x899.png 768w, https:\/\/klinger.pt\/wp-content\/uploads\/2022\/09\/IMG_0873-1312x1536.png 1312w, https:\/\/klinger.pt\/wp-content\/uploads\/2022\/09\/IMG_0873-1750x2048.png 1750w, https:\/\/klinger.pt\/wp-content\/uploads\/2022\/09\/IMG_0873-1400x1639.png 1400w\" sizes=\"(max-width: 224px) 100vw, 224px\" \/><\/figure>\n<\/div>\n\n\n\n<div class=\"wp-block-column is-layout-flow wp-block-column-is-layout-flow\" style=\"flex-basis:700px\">\n<h1 class=\"wp-block-heading\">DOSING SYSTEMS<\/h1>\n\n\n\n<p>Projetamos o volume dos nossos preparadores de pol\u00edmero minimizando o seu tamanho e a sua implanta\u00e7\u00e3o.<\/p>\n\n\n\n<h2 class=\"wp-block-heading\">FEATURES<\/h2>\n\n\n\n<ul class=\"wp-block-list\">\n<li>Constru\u00edmos os nossos Preparadores de Pol\u00edmero em:<\/li>\n\n\n\n<li>Polietileno<\/li>\n\n\n\n<li>Polipropileno<\/li>\n\n\n\n<li>A\u00e7o inoxid\u00e1vel<\/li>\n\n\n\n<li>Configuramos os nossos preparadores de pol\u00edmero conforme as necessidades de aplica\u00e7\u00e3o, garantindo fiabilidade no resultado<\/li>\n<\/ul>\n\n\n\n<h2 class=\"wp-block-heading\">ADVANTAGES<\/h2>\n\n\n\n<ul class=\"wp-block-list\">\n<li>Totalmente configur\u00e1vel<\/li>\n\n\n\n<li>Sistema completamente autom\u00e1tico<\/li>\n\n\n\n<li>Prepara\u00e7\u00e3o de pol\u00edmero at\u00e9 5 g\/L<\/li>\n<\/ul>\n<\/div>\n<\/div>\n\n<h5 class=\"wp-block-heading\"><a href=\"https:\/\/klinger.pt\/wp-content\/uploads\/2021\/05\/FT-Equipack-OPX500PTSS-PORTUGUES.pdf\" data-type=\"URL\" data-id=\"https:\/\/klinger.pt\/wp-content\/uploads\/2021\/05\/FT-Equipack-OPX500PTSS-PORTUGUES.pdf\" target=\"_blank\" rel=\"noreferrer noopener\">FICHA T\u00c9CNICA_PT (pdf)<\/a><\/h5>\n\n<h5 class=\"wp-block-heading\"><a href=\"https:\/\/klinger.pt\/wp-content\/uploads\/2021\/05\/FT-Equipack-OPX500PTSS-ESPANHOL.pdf\" data-type=\"URL\" data-id=\"https:\/\/klinger.pt\/wp-content\/uploads\/2021\/05\/FT-Equipack-OPX500PTSS-ESPANHOL.pdf\" target=\"_blank\" rel=\"noreferrer noopener\">FICHA T\u00c9CNICA_ES (pdf)<\/a><\/h5>\n","protected":false},"excerpt":{"rendered":"<p>DOSING SYSTEMS Projetamos o volume dos nossos preparadores de pol\u00edmero minimizando o seu tamanho e a sua implanta\u00e7\u00e3o. FEATURES ADVANTAGES FICHA T\u00c9CNICA_PT (pdf) FICHA T\u00c9CNICA_ES (pdf)<\/p>\n","protected":false},"author":1,"featured_media":0,"parent":0,"menu_order":213,"comment_status":"closed","ping_status":"closed","template":"page-templates\/servicios.php","meta":{"_eb_attr":"","footnotes":""},"class_list":["post-21174","page","type-page","status-publish","hentry"],"aioseo_notices":[],"_links":{"self":[{"href":"https:\/\/klinger.pt\/en\/wp-json\/wp\/v2\/pages\/21174","targetHints":{"allow":["GET"]}}],"collection":[{"href":"https:\/\/klinger.pt\/en\/wp-json\/wp\/v2\/pages"}],"about":[{"href":"https:\/\/klinger.pt\/en\/wp-json\/wp\/v2\/types\/page"}],"author":[{"embeddable":true,"href":"https:\/\/klinger.pt\/en\/wp-json\/wp\/v2\/users\/1"}],"replies":[{"embeddable":true,"href":"https:\/\/klinger.pt\/en\/wp-json\/wp\/v2\/comments?post=21174"}],"version-history":[{"count":5,"href":"https:\/\/klinger.pt\/en\/wp-json\/wp\/v2\/pages\/21174\/revisions"}],"predecessor-version":[{"id":46661,"href":"https:\/\/klinger.pt\/en\/wp-json\/wp\/v2\/pages\/21174\/revisions\/46661"}],"wp:attachment":[{"href":"https:\/\/klinger.pt\/en\/wp-json\/wp\/v2\/media?parent=21174"}],"curies":[{"name":"wp","href":"https:\/\/api.w.org\/{rel}","templated":true}]}}