{"id":19539,"date":"2019-09-30T10:21:45","date_gmt":"2019-09-30T09:21:45","guid":{"rendered":"https:\/\/m5j0n6nk9p.onrocket.site\/contacts\/"},"modified":"2026-03-31T08:22:49","modified_gmt":"2026-03-31T07:22:49","slug":"contacts","status":"publish","type":"page","link":"https:\/\/klinger.pt\/en\/contacts\/","title":{"rendered":"Contacts"},"content":{"rendered":"\n<h2 class=\"wp-block-heading has-text-align-center\">CONTACT US<\/h2>\n\n\n\n<h2 class=\"wp-block-heading has-text-align-center\">KLINGER SERVES ITS CUSTOMERS GLOBALLY \u2013 IN LOCAL LANGUAGE, TIME AND BUSINESS CONDUCT<\/h2>\n\n\n\n<p class=\"has-text-align-center\">Get in Touch with us by using the contacts or by filling the contact form below<\/p>\n\n\n\n<div style=\"height:50px\" aria-hidden=\"true\" class=\"wp-block-spacer\"><\/div>\n\n\n\n<div class=\"wp-block-columns is-layout-flex wp-container-core-columns-is-layout-9d6595d7 wp-block-columns-is-layout-flex\">\n<div class=\"wp-block-column is-layout-flow wp-block-column-is-layout-flow\" style=\"flex-basis:40%\">\n<h3 class=\"wp-block-heading\">KLINGER Portugal, Lda.<\/h3>\n\n\n\n<p><\/p>\n\n\n\n<div class=\"wp-block-group\"><div class=\"wp-block-group__inner-container is-layout-constrained wp-block-group-is-layout-constrained\">\n<div class=\"wp-block-group\"><div class=\"wp-block-group__inner-container is-layout-constrained wp-block-group-is-layout-constrained\">\n<p><strong>Offices:<\/strong><br>KLINGER Portugal, Lda.<br>Via Jos\u00e9 R\u00e9gio, 300<br>Centro Empresarial de Vilar do Pinheiro<br>4485-860 Vila do Conde,<br>PORTUGAL<\/p>\n<\/div><\/div>\n<\/div><\/div>\n\n\n\n<p><strong>LiberAqua&#8217;s Production Site:<\/strong><br>Via Jos\u00e9 R\u00e9gio, 36<br>Centro Empresarial de Vilar do Pinheiro<br>4485-860 Vila do Conde,<br>PORTUGAL<\/p>\n\n\n\n<div class=\"wp-block-group\"><div class=\"wp-block-group__inner-container is-layout-constrained wp-block-group-is-layout-constrained\">\n<div class=\"wp-block-group\"><div class=\"wp-block-group__inner-container is-layout-constrained wp-block-group-is-layout-constrained\">\n<p><strong>Warehouse:<\/strong><br>Rua de Ant\u00f3nio Alves Quelhas, 60<br>Zona Industrial Maia I &#8211; Sector VIII <br>4475-297 Maia<br>PORTUGAL<\/p>\n<\/div><\/div>\n<\/div><\/div>\n\n\n\n<p>ADMINISTRA\u00c7\u00c3O<br>Managing Director: Jes\u00fas Sanchez<br>j.sanchez@klinger.pt<br>\u260e\ufe0f+351 229 470 910<\/p>\n\n\n\n<p>Financial Controller: Liliana Pereira<br>l.pereira@klinger.pt<br>\u260e\ufe0f+351 229 470 910<\/p>\n\n\n\n<p>INDUSTRIAL SOLUTIONS<br>industria@klinger.pt<br>Sales Manager: H\u00e9lder Almeida<br>h.almeida@klinger.pt<br>\u260e\ufe0f+351 229 470 910<br>\u260e\ufe0f+351 919 553 948<\/p>\n\n\n\n<p>LiberAqua<br>liberaqua@klinger.pt<br>Diretor Unidade Neg\u00f3cio: Cl\u00e1udio Siva<br>claudio@klinger.pt<br>\u260e\ufe0f+351 229 470 910<br>\u260e\ufe0f+351 916 572 803<\/p>\n\n\n\n<p><a href=\"mailto:geral@klinger.pt\"><br><\/a><\/p>\n<\/div>\n\n\n\n<div class=\"wp-block-column is-layout-flow wp-block-column-is-layout-flow\"><div class=\"wp-block-image\">\n<figure class=\"alignleft size-full\"><img fetchpriority=\"high\" decoding=\"async\" width=\"856\" height=\"746\" src=\"https:\/\/klinger.pt\/wp-content\/uploads\/2024\/10\/LOCATION3.jpg\" alt=\"\" class=\"wp-image-46398\" srcset=\"https:\/\/klinger.pt\/wp-content\/uploads\/2024\/10\/LOCATION3.jpg 856w, https:\/\/klinger.pt\/wp-content\/uploads\/2024\/10\/LOCATION3-300x261.jpg 300w, https:\/\/klinger.pt\/wp-content\/uploads\/2024\/10\/LOCATION3-768x669.jpg 768w\" sizes=\"(max-width: 856px) 100vw, 856px\" \/><\/figure>\n<\/div><\/div>\n\n\n\n<div class=\"wp-block-column is-layout-flow wp-block-column-is-layout-flow\" style=\"flex-basis:40%\">\n<h3 class=\"wp-block-heading\">Contact Form<\/h3>\n\n\n\n<div class=\"wp-block-contact-form-7-contact-form-selector\">\n<div class=\"wpcf7 no-js\" id=\"wpcf7-f33156-o1\" lang=\"en-US\" dir=\"ltr\" data-wpcf7-id=\"33156\">\n<div class=\"screen-reader-response\"><p role=\"status\" aria-live=\"polite\" aria-atomic=\"true\"><\/p> <ul><\/ul><\/div>\n<form action=\"\/en\/wp-json\/wp\/v2\/pages\/19539#wpcf7-f33156-o1\" method=\"post\" class=\"wpcf7-form init\" aria-label=\"Contact form\" novalidate=\"novalidate\" data-status=\"init\">\n<fieldset class=\"hidden-fields-container\"><input type=\"hidden\" name=\"_wpcf7\" value=\"33156\" \/><input type=\"hidden\" name=\"_wpcf7_version\" value=\"6.1.5\" \/><input type=\"hidden\" name=\"_wpcf7_locale\" value=\"en_US\" \/><input type=\"hidden\" name=\"_wpcf7_unit_tag\" value=\"wpcf7-f33156-o1\" \/><input type=\"hidden\" name=\"_wpcf7_container_post\" value=\"0\" \/><input type=\"hidden\" name=\"_wpcf7_posted_data_hash\" value=\"\" \/>\n<\/fieldset>\n<div class=\"form-content\">\n\t<div class=\"blank-message\">\n\t\t<p>For more information send us a message.\n\t\t<\/p>\n\t<\/div>\n\t<div class=\"top\">\n\t\t<div class=\"input-group\">\n\t\t\t<p><span class=\"wpcf7-form-control-wrap\" data-name=\"your-company\"><input size=\"40\" maxlength=\"400\" class=\"wpcf7-form-control wpcf7-text wpcf7-validates-as-required your-company\" aria-required=\"true\" aria-invalid=\"false\" placeholder=\"Company*\" value=\"\" type=\"text\" name=\"your-company\" \/><\/span>\n\t\t\t<\/p>\n\t\t<\/div>\n\t\t<div class=\"input-group\">\n\t\t\t<p><span class=\"wpcf7-form-control-wrap\" data-name=\"your-name\"><input size=\"40\" maxlength=\"400\" class=\"wpcf7-form-control wpcf7-text wpcf7-validates-as-required your-name\" aria-required=\"true\" aria-invalid=\"false\" placeholder=\"Name*\" value=\"\" type=\"text\" name=\"your-name\" \/><\/span>\n\t\t\t<\/p>\n\t\t<\/div>\n\t\t<div class=\"input-group\">\n\t\t\t<p><span class=\"wpcf7-form-control-wrap\" data-name=\"email\"><input size=\"40\" maxlength=\"400\" class=\"wpcf7-form-control wpcf7-email wpcf7-validates-as-required wpcf7-text wpcf7-validates-as-email your-email\" aria-required=\"true\" aria-invalid=\"false\" placeholder=\"Email*\" value=\"\" type=\"email\" name=\"email\" \/><\/span>\n\t\t\t<\/p>\n\t\t<\/div>\n\t\t<div class=\"input-group\">\n\t\t\t<p><span class=\"wpcf7-form-control-wrap\" data-name=\"pais\"><select class=\"wpcf7-form-control wpcf7-select wpcf7-validates-as-required your-country\" aria-required=\"true\" aria-invalid=\"false\" name=\"pais\"><option value=\"Select your country*\">Select your country*<\/option><option value=\"Afeganist\u00e3o\">Afeganist\u00e3o<\/option><option value=\"\u00c1frica do Sul\">\u00c1frica do Sul<\/option><option value=\"Alb\u00e2nia\">Alb\u00e2nia<\/option><option value=\"Alemanha\">Alemanha<\/option><option value=\"Andorra\">Andorra<\/option><option value=\"Angola\">Angola<\/option><option value=\"Ant\u00edgua e Barbuda\">Ant\u00edgua e Barbuda<\/option><option value=\"Ar\u00e1bia Saudita\">Ar\u00e1bia Saudita<\/option><option value=\"Arg\u00e9lia\">Arg\u00e9lia<\/option><option value=\"Argentina\">Argentina<\/option><option value=\"Arm\u00e9nia\">Arm\u00e9nia<\/option><option value=\"Austr\u00e1lia\">Austr\u00e1lia<\/option><option value=\"\u00c1ustria\">\u00c1ustria<\/option><option value=\"Azerbaij\u00e3o\">Azerbaij\u00e3o<\/option><option value=\"Bahamas\">Bahamas<\/option><option value=\"Bangladexe\">Bangladexe<\/option><option value=\"Barbados\">Barbados<\/option><option value=\"Bar\u00e9m\">Bar\u00e9m<\/option><option value=\"B\u00e9lgica\">B\u00e9lgica<\/option><option value=\"Belize\">Belize<\/option><option value=\"Benim\">Benim<\/option><option value=\"Bielorr\u00fassia\">Bielorr\u00fassia<\/option><option value=\"Bol\u00edvia\">Bol\u00edvia<\/option><option value=\"B\u00f3snia e Herzegovina\">B\u00f3snia e Herzegovina<\/option><option value=\"Botsuana\">Botsuana<\/option><option value=\"Brasil\">Brasil<\/option><option value=\"Brunei\">Brunei<\/option><option value=\"Bulg\u00e1ria\">Bulg\u00e1ria<\/option><option value=\"Burquina Faso\">Burquina Faso<\/option><option value=\"Burundi\">Burundi<\/option><option value=\"Cabo Verde\">Cabo Verde<\/option><option value=\"Camboja\">Camboja<\/option><option value=\"Camar\u00f5es\">Camar\u00f5es<\/option><option value=\"Canad\u00e1\">Canad\u00e1<\/option><option value=\"Catar\">Catar<\/option><option value=\"Cazaquist\u00e3o\">Cazaquist\u00e3o<\/option><option value=\"Chade\">Chade<\/option><option value=\"Chile\">Chile<\/option><option value=\"China\">China<\/option><option value=\"Chipre\">Chipre<\/option><option value=\"Col\u00f4mbia\">Col\u00f4mbia<\/option><option value=\"Comores\">Comores<\/option><option value=\"Congo (Rep\u00fablica do)\">Congo (Rep\u00fablica do)<\/option><option value=\"Congo (Rep\u00fablica Democr\u00e1tica do)\">Congo (Rep\u00fablica Democr\u00e1tica do)<\/option><option value=\"Coreia do Norte\">Coreia do Norte<\/option><option value=\"Coreia do Sul\">Coreia do Sul<\/option><option value=\"Costa do Marfim\">Costa do Marfim<\/option><option value=\"Costa Rica\">Costa Rica<\/option><option value=\"Cro\u00e1cia\">Cro\u00e1cia<\/option><option value=\"Cuba\">Cuba<\/option><option value=\"Dinamarca\">Dinamarca<\/option><option value=\"Djibuti\">Djibuti<\/option><option value=\"Dominica\">Dominica<\/option><option value=\"Egito\">Egito<\/option><option value=\"El Salvador\">El Salvador<\/option><option value=\"Emirados \u00c1rabes Unidos\">Emirados \u00c1rabes Unidos<\/option><option value=\"Equador\">Equador<\/option><option value=\"Eritreia\">Eritreia<\/option><option value=\"Eslov\u00e1quia\">Eslov\u00e1quia<\/option><option value=\"Eslov\u00e9nia\">Eslov\u00e9nia<\/option><option value=\"Espanha\">Espanha<\/option><option value=\"Estados Unidos\">Estados Unidos<\/option><option value=\"Est\u00f3nia\">Est\u00f3nia<\/option><option value=\"Eswatini\">Eswatini<\/option><option value=\"Eti\u00f3pia\">Eti\u00f3pia<\/option><option value=\"Fiji\">Fiji<\/option><option value=\"Filipinas\">Filipinas<\/option><option value=\"Finl\u00e2ndia\">Finl\u00e2ndia<\/option><option value=\"Fran\u00e7a\">Fran\u00e7a<\/option><option value=\"Gab\u00e3o\">Gab\u00e3o<\/option><option value=\"G\u00e2mbia\">G\u00e2mbia<\/option><option value=\"Gana\">Gana<\/option><option value=\"Ge\u00f3rgia\">Ge\u00f3rgia<\/option><option value=\"Granada\">Granada<\/option><option value=\"Gr\u00e9cia\">Gr\u00e9cia<\/option><option value=\"Guatemala\">Guatemala<\/option><option value=\"Guin\u00e9\">Guin\u00e9<\/option><option value=\"Guin\u00e9-Bissau\">Guin\u00e9-Bissau<\/option><option value=\"Guin\u00e9 Equatorial\">Guin\u00e9 Equatorial<\/option><option value=\"Guiana\">Guiana<\/option><option value=\"Haiti\">Haiti<\/option><option value=\"Honduras\">Honduras<\/option><option value=\"Hungria\">Hungria<\/option><option value=\"I\u00e9men\">I\u00e9men<\/option><option value=\"Ilhas Marshall\">Ilhas Marshall<\/option><option value=\"\u00cdndia\">\u00cdndia<\/option><option value=\"Indon\u00e9sia\">Indon\u00e9sia<\/option><option value=\"Ir\u00e3o\">Ir\u00e3o<\/option><option value=\"Iraque\">Iraque<\/option><option value=\"Irlanda\">Irlanda<\/option><option value=\"Isl\u00e2ndia\">Isl\u00e2ndia<\/option><option value=\"Israel\">Israel<\/option><option value=\"It\u00e1lia\">It\u00e1lia<\/option><option value=\"Jamaica\">Jamaica<\/option><option value=\"Jap\u00e3o\">Jap\u00e3o<\/option><option value=\"Jord\u00e2nia\">Jord\u00e2nia<\/option><option value=\"Qu\u00e9nia\">Qu\u00e9nia<\/option><option value=\"Quirguist\u00e3o\">Quirguist\u00e3o<\/option><option value=\"Kiribati\">Kiribati<\/option><option value=\"Kuwait\">Kuwait<\/option><option value=\"Laos\">Laos<\/option><option value=\"Lesoto\">Lesoto<\/option><option value=\"Let\u00f3nia\">Let\u00f3nia<\/option><option value=\"L\u00edbano\">L\u00edbano<\/option><option value=\"Lib\u00e9ria\">Lib\u00e9ria<\/option><option value=\"L\u00edbia\">L\u00edbia<\/option><option value=\"Liechtenstein\">Liechtenstein<\/option><option value=\"Litu\u00e2nia\">Litu\u00e2nia<\/option><option value=\"Luxemburgo\">Luxemburgo<\/option><option value=\"Maced\u00f3nia do Norte\">Maced\u00f3nia do Norte<\/option><option value=\"Madag\u00e1scar\">Madag\u00e1scar<\/option><option value=\"Mal\u00e1ui\">Mal\u00e1ui<\/option><option value=\"Mal\u00e1sia\">Mal\u00e1sia<\/option><option value=\"Maldivas\">Maldivas<\/option><option value=\"Mali\">Mali<\/option><option value=\"Malta\">Malta<\/option><option value=\"Marrocos\">Marrocos<\/option><option value=\"Maur\u00edcia\">Maur\u00edcia<\/option><option value=\"Maurit\u00e2nia\">Maurit\u00e2nia<\/option><option value=\"M\u00e9xico\">M\u00e9xico<\/option><option value=\"Micron\u00e9sia (Estados Federados da)\">Micron\u00e9sia (Estados Federados da)<\/option><option value=\"Mo\u00e7ambique\">Mo\u00e7ambique<\/option><option value=\"Mold\u00e1via\">Mold\u00e1via<\/option><option value=\"M\u00f3naco\">M\u00f3naco<\/option><option value=\"Mong\u00f3lia\">Mong\u00f3lia<\/option><option value=\"Montenegro\">Montenegro<\/option><option value=\"Myanmar\">Myanmar<\/option><option value=\"Nam\u00edbia\">Nam\u00edbia<\/option><option value=\"Nauru\">Nauru<\/option><option value=\"Nepal\">Nepal<\/option><option value=\"Nicar\u00e1gua\">Nicar\u00e1gua<\/option><option value=\"N\u00edger\">N\u00edger<\/option><option value=\"Nig\u00e9ria\">Nig\u00e9ria<\/option><option value=\"Noruega\">Noruega<\/option><option value=\"Nova Zel\u00e2ndia\">Nova Zel\u00e2ndia<\/option><option value=\"Om\u00e3\">Om\u00e3<\/option><option value=\"Pa\u00edses Baixos\">Pa\u00edses Baixos<\/option><option value=\"Paquist\u00e3o\">Paquist\u00e3o<\/option><option value=\"Palau\">Palau<\/option><option value=\"Panam\u00e1\">Panam\u00e1<\/option><option value=\"Papua-Nova Guin\u00e9\">Papua-Nova Guin\u00e9<\/option><option value=\"Paraguai\">Paraguai<\/option><option value=\"Peru\">Peru<\/option><option value=\"Pol\u00f3nia\">Pol\u00f3nia<\/option><option value=\"Portugal\">Portugal<\/option><option value=\"Reino Unido\">Reino Unido<\/option><option value=\"Rep\u00fablica Centro-Africana\">Rep\u00fablica Centro-Africana<\/option><option value=\"Ch\u00e9quia (Rep\u00fablica Checa)\">Ch\u00e9quia (Rep\u00fablica Checa)<\/option><option value=\"Rep\u00fablica Dominicana\">Rep\u00fablica Dominicana<\/option><option value=\"Rom\u00e9nia\">Rom\u00e9nia<\/option><option value=\"R\u00fassia\">R\u00fassia<\/option><option value=\"Ruanda\">Ruanda<\/option><option value=\"Samoa\">Samoa<\/option><option value=\"Santa L\u00facia\">Santa L\u00facia<\/option><option value=\"S\u00e3o Crist\u00f3v\u00e3o e Neves\">S\u00e3o Crist\u00f3v\u00e3o e Neves<\/option><option value=\"S\u00e3o Marino\">S\u00e3o Marino<\/option><option value=\"S\u00e3o Tom\u00e9 e Pr\u00edncipe\">S\u00e3o Tom\u00e9 e Pr\u00edncipe<\/option><option value=\"S\u00e3o Vicente e Granadinas\">S\u00e3o Vicente e Granadinas<\/option><option value=\"Senegal\">Senegal<\/option><option value=\"S\u00e9rvia\">S\u00e9rvia<\/option><option value=\"Seicheles\">Seicheles<\/option><option value=\"Serra Leoa\">Serra Leoa<\/option><option value=\"Singapura\">Singapura<\/option><option value=\"S\u00edria\">S\u00edria<\/option><option value=\"Som\u00e1lia\">Som\u00e1lia<\/option><option value=\"Sri Lanka\">Sri Lanka<\/option><option value=\"Sud\u00e3o\">Sud\u00e3o<\/option><option value=\"Sud\u00e3o do Sul\">Sud\u00e3o do Sul<\/option><option value=\"Su\u00e9cia\">Su\u00e9cia<\/option><option value=\"Su\u00ed\u00e7a\">Su\u00ed\u00e7a<\/option><option value=\"Suriname\">Suriname<\/option><option value=\"Tail\u00e2ndia\">Tail\u00e2ndia<\/option><option value=\"Tanz\u00e2nia\">Tanz\u00e2nia<\/option><option value=\"Tajiquist\u00e3o\">Tajiquist\u00e3o<\/option><option value=\"Timor-Leste\">Timor-Leste<\/option><option value=\"Togo\">Togo<\/option><option value=\"Tonga\">Tonga<\/option><option value=\"Trindade e Tobago\">Trindade e Tobago<\/option><option value=\"Tun\u00edsia\">Tun\u00edsia<\/option><option value=\"Turcomenist\u00e3o\">Turcomenist\u00e3o<\/option><option value=\"Turquia\">Turquia<\/option><option value=\"Tuvalu\">Tuvalu<\/option><option value=\"Ucr\u00e2nia\">Ucr\u00e2nia<\/option><option value=\"Uganda\">Uganda<\/option><option value=\"Uruguai\">Uruguai<\/option><option value=\"Usbequist\u00e3o\">Usbequist\u00e3o<\/option><option value=\"Vanuatu\">Vanuatu<\/option><option value=\"Vaticano (Santa S\u00e9)\">Vaticano (Santa S\u00e9)<\/option><option value=\"Venezuela\">Venezuela<\/option><option value=\"Vietname\">Vietname<\/option><option value=\"Z\u00e2mbia\">Z\u00e2mbia<\/option><option value=\"Zimbabu\u00e9\">Zimbabu\u00e9<\/option><option value=\"Palestina\">Palestina<\/option><\/select><\/span>\n\t\t\t<\/p>\n\t\t<\/div>\n\t\t<div class=\"input-group\">\n\t\t\t<p><span class=\"wpcf7-form-control-wrap\" data-name=\"phone\"><input size=\"40\" maxlength=\"400\" minlength=\"9\" class=\"wpcf7-form-control wpcf7-text wpcf7-validates-as-required your-phone\" aria-required=\"true\" aria-invalid=\"false\" placeholder=\"Phone*\" value=\"\" type=\"text\" name=\"phone\" \/><\/span>\n\t\t\t<\/p>\n\t\t<\/div>\n\t\t<div class=\"input-group\">\n\t\t\t<p><span class=\"wpcf7-form-control-wrap\" data-name=\"your-subject\"><input size=\"40\" maxlength=\"400\" class=\"wpcf7-form-control wpcf7-text wpcf7-validates-as-required your-subject\" aria-required=\"true\" aria-invalid=\"false\" placeholder=\"Subject*\" value=\"\" type=\"text\" name=\"your-subject\" \/><\/span>\n\t\t\t<\/p>\n\t\t<\/div>\n\t<\/div>\n\t<div class=\"bottom input-group\">\n\t\t<p><span class=\"wpcf7-form-control-wrap\" data-name=\"message\"><textarea cols=\"40\" rows=\"10\" maxlength=\"2000\" class=\"wpcf7-form-control wpcf7-textarea wpcf7-validates-as-required message\" aria-required=\"true\" aria-invalid=\"false\" placeholder=\"Leave us your message*\" name=\"message\"><\/textarea><\/span>\n\t\t<\/p>\n\t<\/div>\n<div class=\"wpcf7-turnstile cf-turnstile\" data-sitekey=\"0x4AAAAAACJib0AjSvRz04ny\" data-response-field-name=\"_wpcf7_turnstile_response\"><\/div>\n\t<p><input class=\"wpcf7-form-control wpcf7-submit has-spinner button\" id=\"form-submit\" type=\"submit\" value=\"Send\" \/><br \/>\n<span class=\"wpcf7-form-control-wrap\" data-name=\"acceptance-412\"><span class=\"wpcf7-form-control wpcf7-acceptance optional\"><span class=\"wpcf7-list-item\"><label><input type=\"checkbox\" name=\"acceptance-412\" value=\"1\" aria-invalid=\"false\" \/><span class=\"wpcf7-list-item-label\">I authorize the processing of my data by the KLINGER Group in accordance with the Privacy Policy.<\/span><\/label><\/span><\/span><\/span>\n\t<\/p>\n<\/div><input type='hidden' class='wpcf7-pum' value='{\"closepopup\":false,\"closedelay\":0,\"openpopup\":false,\"openpopup_id\":0}' \/><div class=\"wpcf7-response-output\" aria-hidden=\"true\"><\/div>\n<\/form>\n<\/div>\n<\/div>\n<\/div>\n<\/div>\n","protected":false},"excerpt":{"rendered":"<p>CONTACT US KLINGER SERVES ITS CUSTOMERS GLOBALLY \u2013 IN LOCAL LANGUAGE, TIME AND BUSINESS CONDUCT Get in Touch with us by using the contacts or by filling the contact form below KLINGER Portugal, Lda. Offices:KLINGER Portugal, Lda.Via Jos\u00e9 R\u00e9gio, 300Centro Empresarial de Vilar do Pinheiro4485-860 Vila do Conde,PORTUGAL LiberAqua&#8217;s Production Site:Via Jos\u00e9 R\u00e9gio, 36Centro Empresarial [&hellip;]<\/p>\n","protected":false},"author":1,"featured_media":0,"parent":0,"menu_order":0,"comment_status":"closed","ping_status":"closed","template":"page-templates\/contacto.php","meta":{"_eb_attr":"","footnotes":""},"class_list":["post-19539","page","type-page","status-publish","hentry"],"aioseo_notices":[],"_links":{"self":[{"href":"https:\/\/klinger.pt\/en\/wp-json\/wp\/v2\/pages\/19539","targetHints":{"allow":["GET"]}}],"collection":[{"href":"https:\/\/klinger.pt\/en\/wp-json\/wp\/v2\/pages"}],"about":[{"href":"https:\/\/klinger.pt\/en\/wp-json\/wp\/v2\/types\/page"}],"author":[{"embeddable":true,"href":"https:\/\/klinger.pt\/en\/wp-json\/wp\/v2\/users\/1"}],"replies":[{"embeddable":true,"href":"https:\/\/klinger.pt\/en\/wp-json\/wp\/v2\/comments?post=19539"}],"version-history":[{"count":18,"href":"https:\/\/klinger.pt\/en\/wp-json\/wp\/v2\/pages\/19539\/revisions"}],"predecessor-version":[{"id":48178,"href":"https:\/\/klinger.pt\/en\/wp-json\/wp\/v2\/pages\/19539\/revisions\/48178"}],"wp:attachment":[{"href":"https:\/\/klinger.pt\/en\/wp-json\/wp\/v2\/media?parent=19539"}],"curies":[{"name":"wp","href":"https:\/\/api.w.org\/{rel}","templated":true}]}}